{"id":728472,"date":"2025-08-27T20:40:10","date_gmt":"2025-08-27T17:40:10","guid":{"rendered":"https:\/\/roveyayinevi.com.tr\/index.php\/urun\/dogal-durum-ve-devlet\/"},"modified":"2026-04-16T02:36:01","modified_gmt":"2026-04-15T23:36:01","slug":"dogal-durum-ve-devlet","status":"publish","type":"product","link":"https:\/\/roveyayinevi.com.tr\/index.php\/urun\/dogal-durum-ve-devlet\/","title":{"rendered":"Do\u011fal Durum ve Devlet"},"content":{"rendered":"<p>\u0130lk insanlar nas\u0131l ya\u015f\u0131yordu? \u0130lk toplumlar nas\u0131l kuruldu? Filozoflar\u0131n tarih \u00f6ncesi d\u00f6nemlere ili\u015fkin g\u00f6r\u00fc\u015fleri nelerdi? Arkeoloji ve antropolojinin olmad\u0131\u011f\u0131 bir zamanda ge\u00e7mi\u015fe d\u00f6n\u00fck bu yeniden in\u015faa \u00e7abalar\u0131 neye dayand\u0131r\u0131l\u0131yordu, neden yap\u0131l\u0131yordu? Bu kitap, insan topluluklar\u0131n\u0131n d\u00fczenli toplumlara ve oradan da devlet denen karma\u015f\u0131k yap\u0131y\u0131 olu\u015fturmaya ge\u00e7i\u015fini anlayabilmek i\u00e7in t\u00fcm bu sorular\u0131n izini s\u00fcr\u00fcyor. Bunu yapabilmek i\u00e7in de mitoloji ve dinden gelen \u00f6\u011felerle s\u00fcslenmi\u015f bu anlat\u0131lar\u0131n i\u00e7inden as\u0131l s\u00f6ylenmek isteneni bulup \u00e7\u0131karmaya \u00e7al\u0131\u015f\u0131yor. Ayn\u0131 zamanda, do\u011fal durum soyutlamas\u0131n\u0131n Platon\u2019dan Rousseau\u2019ya kadar olan temel \u00f6\u011felerini bir araya getirerek, devletin temellerinin neye dayand\u0131\u011f\u0131n\u0131 anlamaya \u00e7al\u0131\u015f\u0131yor. Son tufandan sa\u011f \u00e7\u0131k\u0131p bug\u00fcnk\u00fc insanl\u0131\u011f\u0131n kurucusu olmu\u015f \u00e7obanlardan do\u011fduklar\u0131 andan itibaren kendilerine yeter olan ilk insanlara, bak\u0131r\u0131n ke\u015ffedilip d\u00fcnyan\u0131n fethedili\u015finden \u00e7al\u0131\u015fman\u0131n ve emek vermenin cennetten \u00e7\u0131kma oldu\u011funa, herkesin herkesle sava\u015f\u0131ndan soylu vah\u015filere kadar \u00fcnl\u00fc filozoflara ait pek \u00e7ok anlat\u0131 bir araya gelip nihayetinde en son ve en b\u00fcy\u00fck masal\u0131n, yani Devlet\u2019in ne oldu\u011funu bize anlat\u0131yor. Do\u011fal Durum ve Devlet, sadece akademik felsefeyle ilgilenenlerin de\u011fil, genel olarak felsefe ve tarihe ilgi duyan herkesin keyifle okuyaca\u011f\u0131 bir kitap.<\/p>\n","protected":false},"excerpt":{"rendered":"<p>\u0130lk insanlar nas\u0131l ya\u015f\u0131yordu? \u0130lk toplumlar nas\u0131l kuruldu? Filozoflar\u0131n tarih \u00f6ncesi d\u00f6nemlere ili\u015fkin g\u00f6r\u00fc\u015fleri nelerdi? Arkeoloji ve antropolojinin olmad\u0131\u011f\u0131 bir zamanda ge\u00e7mi\u015fe d\u00f6n\u00fck bu yeniden in\u015faa<span class=\"excerpt-hellip\"> [\u2026]<\/span><\/p>\n","protected":false},"featured_media":0,"template":"","meta":{"_monsterinsights_skip_tracking":false,"_monsterinsights_sitenote_active":false,"_monsterinsights_sitenote_note":"","_monsterinsights_sitenote_category":0},"product_brand":[],"product_cat":[12388,13555],"product_tag":[],"class_list":{"0":"post-728472","1":"product","2":"type-product","3":"status-publish","5":"product_cat-felsefe","6":"product_cat-genel-felsefe","7":"pa_cilt-ciltsiz","8":"pa_tur-kitap","9":"pa_yayinevi-pinhan-yayincilik","10":"pa_yazar-gokhan-murteza","12":"first","13":"instock","14":"sale","15":"shipping-taxable","16":"purchasable","17":"product-type-simple"},"_links":{"self":[{"href":"https:\/\/roveyayinevi.com.tr\/index.php\/wp-json\/wp\/v2\/product\/728472","targetHints":{"allow":["GET"]}}],"collection":[{"href":"https:\/\/roveyayinevi.com.tr\/index.php\/wp-json\/wp\/v2\/product"}],"about":[{"href":"https:\/\/roveyayinevi.com.tr\/index.php\/wp-json\/wp\/v2\/types\/product"}],"wp:attachment":[{"href":"https:\/\/roveyayinevi.com.tr\/index.php\/wp-json\/wp\/v2\/media?parent=728472"}],"wp:term":[{"taxonomy":"product_brand","embeddable":true,"href":"https:\/\/roveyayinevi.com.tr\/index.php\/wp-json\/wp\/v2\/product_brand?post=728472"},{"taxonomy":"product_cat","embeddable":true,"href":"https:\/\/roveyayinevi.com.tr\/index.php\/wp-json\/wp\/v2\/product_cat?post=728472"},{"taxonomy":"product_tag","embeddable":true,"href":"https:\/\/roveyayinevi.com.tr\/index.php\/wp-json\/wp\/v2\/product_tag?post=728472"}],"curies":[{"name":"wp","href":"https:\/\/api.w.org\/{rel}","templated":true}]}}