{"id":728469,"date":"2025-08-27T20:40:08","date_gmt":"2025-08-27T17:40:08","guid":{"rendered":"https:\/\/roveyayinevi.com.tr\/index.php\/urun\/siyasetin-gobegi\/"},"modified":"2026-04-16T02:36:01","modified_gmt":"2026-04-15T23:36:01","slug":"siyasetin-gobegi","status":"publish","type":"product","link":"https:\/\/roveyayinevi.com.tr\/index.php\/urun\/siyasetin-gobegi\/","title":{"rendered":"Siyasetin G\u00f6be\u011fi"},"content":{"rendered":"<p>Turhan Sel\u00e7uk&#8217;un \u00e7izgileriyle, siyasetin g\u00f6be\u011finde&#8230; Desen&#8217;in, uzun ve titiz bir \u00e7al\u0131\u015fman\u0131n ard\u0131ndan gururla takdim etti\u011fi &#8221;Turhan Sel\u00e7uk Se\u00e7kisi&#8221;, T\u00fcrkiye&#8217;de s\u00f6zs\u00fcz karikat\u00fcr\u00fcn \u00f6nc\u00fcs\u00fc olan Turhan Sel\u00e7uk&#8217;un mizah\u0131n\u0131 gen\u00e7 nesillere de tan\u0131tmak ve b\u00fcy\u00fck ustan\u0131n kendi zaman\u0131n\u0131n \u00e7ok \u00f6tesindeki \u00e7izgilerine farkl\u0131 bir bak\u0131\u015f imk\u00e2n\u0131 sunmak amac\u0131yla tasarlanan, \u00fc\u00e7 ciltlik nadide bir koleksiyon. Sel\u00e7uk&#8217;un, y\u0131llar i\u00e7inde \u00e7e\u015fitli kitaplarda ve mecralarda yay\u0131mlanan siyah beyaz karikat\u00fcrlerinin ayr\u0131nt\u0131l\u0131 bir kataloglama ve tematik d\u00fczenleme ile yay\u0131na haz\u0131rland\u0131\u011f\u0131 &#8221;Turhan Sel\u00e7uk Se\u00e7kisi&#8221; \u00fc\u00e7 kitaptan olu\u015fuyor: Siyasetin G\u00f6be\u011fi, Manzara-i Umumiye ve \u0130nsan Denen Garip Hayvan. Se\u00e7kinin ilk halkas\u0131 olan Siyasetin G\u00f6be\u011fi, sanat\u00e7\u0131n\u0131n, 1950-1995 y\u0131llar\u0131 aras\u0131nda, T\u00fcrkiye&#8217;nin ve d\u00fcnyan\u0131n se\u00e7kin gazete ve dergilerinde kendine yer bulan, baz\u0131lar\u0131 farkl\u0131 d\u00f6nem ve mecralarda tekrar tekrar yay\u0131mlanarak yank\u0131 uyand\u0131rm\u0131\u015f 80 karikat\u00fcr\u00fcn\u00fc bir araya getiriyor.    Turhan Sel\u00e7uk&#8217;un, sistemin genel bir portresini yans\u0131tmak \u00fczere koltuk sevdal\u0131s\u0131 siyaset\u00e7ilere yer verdi\u011fi Siyasetin G\u00f6be\u011fi; yoksullu\u011fun, adaletsizli\u011fin ve yozla\u015fman\u0131n h\u00fck\u00fcm s\u00fcrd\u00fc\u011f\u00fc, ger\u00e7eklerin \u00e7arp\u0131t\u0131ld\u0131\u011f\u0131 bir siyasal d\u00fczeni oda\u011f\u0131na al\u0131yor. \u0130kiy\u00fczl\u00fcl\u00fc\u011f\u00fcn, a\u00e7g\u00f6zl\u00fcl\u00fc\u011f\u00fcn ve \u00e7\u00fcr\u00fcmenin siyaseti nas\u0131l ele ge\u00e7irdi\u011fini incelikle g\u00f6zler \u00f6n\u00fcne seren sanat\u00e7\u0131, mizah\u0131n birle\u015ftirici g\u00fcc\u00fcyle do\u011fru bildi\u011fimiz yanl\u0131\u015flara farkl\u0131 bir perspektiften bakmam\u0131za olanak tan\u0131yor. Elli y\u0131ll\u0131k d\u00fcnya d\u00fczeninde ger\u00e7ekte \u00e7ok az \u015feyin de\u011fi\u015fti\u011fi \u00fczerine bizleri d\u00fc\u015f\u00fcnd\u00fcr\u00fcyor. Sanat ya\u015fam\u0131 boyunca karikat\u00fcr\u00fcn ne oldu\u011fu ve ne olmas\u0131 gerekti\u011fi \u00fcst\u00fcne kafa yoran Sel\u00e7uk, toplumsal \u00f6ng\u00f6r\u00fc yetene\u011fi ve zaman\u0131n\u0131n \u00f6tesindeki eserleriyle g\u00fcn\u00fcm\u00fcz okurlar\u0131n\u0131 \u015fa\u015f\u0131rtmay\u0131 s\u00fcrd\u00fcr\u00fcyor. Grafik mizah\u0131n karikat\u00fcr\u00fcn evrensel dili oldu\u011funu vurgulayan Turhan Sel\u00e7uk&#8217;un sanatsal ki\u015fili\u011fini, yazar Ya\u015far Kemal bu s\u00f6zlerle tan\u0131ml\u0131yor: &#8221;Turhan, d\u00fcnyam\u0131z\u0131n k\u00f6t\u00fcl\u00fcklerinin, karanl\u0131klar\u0131n\u0131n ortas\u0131nda durmu\u015f bir \u0131\u015f\u0131k g\u00f6sterendir durmadan.&#8221; &#8221;Turhan, bug\u00fcn yery\u00fcz\u00fcndeki birka\u00e7 karikat\u00fcr dehas\u0131ndan biridir.&#8221; Marvin Barrett, Atlas<\/p>\n","protected":false},"excerpt":{"rendered":"<p>Turhan Sel\u00e7uk&#8217;un \u00e7izgileriyle, siyasetin g\u00f6be\u011finde&#8230; Desen&#8217;in, uzun ve titiz bir \u00e7al\u0131\u015fman\u0131n ard\u0131ndan gururla takdim etti\u011fi &#8221;Turhan Sel\u00e7uk Se\u00e7kisi&#8221;, T\u00fcrkiye&#8217;de s\u00f6zs\u00fcz karikat\u00fcr\u00fcn \u00f6nc\u00fcs\u00fc olan Turhan Sel\u00e7uk&#8217;un mizah\u0131n\u0131<span class=\"excerpt-hellip\"> [\u2026]<\/span><\/p>\n","protected":false},"featured_media":0,"template":"","meta":{"_monsterinsights_skip_tracking":false,"_monsterinsights_sitenote_active":false,"_monsterinsights_sitenote_note":"","_monsterinsights_sitenote_category":0},"product_brand":[],"product_cat":[12291,49405],"product_tag":[],"class_list":{"0":"post-728469","1":"product","2":"type-product","3":"status-publish","5":"product_cat-edebiyat","6":"product_cat-karikatur","7":"pa_cilt-ciltsiz","8":"pa_tur-kitap","9":"pa_yayinevi-desen-yayinlari","10":"pa_yazar-turhan-selcuk","12":"first","13":"instock","14":"sale","15":"shipping-taxable","16":"purchasable","17":"product-type-simple"},"_links":{"self":[{"href":"https:\/\/roveyayinevi.com.tr\/index.php\/wp-json\/wp\/v2\/product\/728469","targetHints":{"allow":["GET"]}}],"collection":[{"href":"https:\/\/roveyayinevi.com.tr\/index.php\/wp-json\/wp\/v2\/product"}],"about":[{"href":"https:\/\/roveyayinevi.com.tr\/index.php\/wp-json\/wp\/v2\/types\/product"}],"wp:attachment":[{"href":"https:\/\/roveyayinevi.com.tr\/index.php\/wp-json\/wp\/v2\/media?parent=728469"}],"wp:term":[{"taxonomy":"product_brand","embeddable":true,"href":"https:\/\/roveyayinevi.com.tr\/index.php\/wp-json\/wp\/v2\/product_brand?post=728469"},{"taxonomy":"product_cat","embeddable":true,"href":"https:\/\/roveyayinevi.com.tr\/index.php\/wp-json\/wp\/v2\/product_cat?post=728469"},{"taxonomy":"product_tag","embeddable":true,"href":"https:\/\/roveyayinevi.com.tr\/index.php\/wp-json\/wp\/v2\/product_tag?post=728469"}],"curies":[{"name":"wp","href":"https:\/\/api.w.org\/{rel}","templated":true}]}}