{"id":728467,"date":"2025-08-27T20:40:06","date_gmt":"2025-08-27T17:40:06","guid":{"rendered":"https:\/\/roveyayinevi.com.tr\/index.php\/urun\/ne-zaman-insan-olacaksin\/"},"modified":"2026-04-13T02:44:45","modified_gmt":"2026-04-12T23:44:45","slug":"ne-zaman-insan-olacaksin","status":"publish","type":"product","link":"https:\/\/roveyayinevi.com.tr\/index.php\/urun\/ne-zaman-insan-olacaksin\/","title":{"rendered":"Ne Zaman \u0130nsan Olacaks\u0131n?"},"content":{"rendered":"<p>Demagojiye geldi\u011finde senden acizi yoktur d\u00fcnyada, Ukala ukala konu\u015ftu\u011funda da insanl\u0131\u011f\u0131 kurtaracak Senden ba\u015fkas\u0131 de\u011fildir&#8230; Bedenli bir D\u00fcnyal\u0131 olarak h\u00e2l\u00e2 d\u00fcnyada kald\u0131\u011f\u0131n h\u00e2lde, Kendini &#8220;Her \u015feyi \u00c7\u00f6zm\u00fc\u015f&#8221; san\u0131r, etraf\u0131ndaki herkesi buna inand\u0131r\u0131r, &#8220;Mevl\u00e2n\u00e2&#8217;n\u0131n Seninle g\u00f6r\u00fc\u015ft\u00fc\u011f\u00fcn\u00fc&#8221; falan s\u00f6ylersin insanc\u0131klara&#8230; Garipler, do\u011fduklar\u0131 andan itibaren k\u00f6kl\u00fc bir ba\u011f\u0131n kesiminden \u00fczg\u00fcn olduklar\u0131 i\u00e7in haz\u0131rlard\u0131r zaten bir yerlere ba\u011flanmaya&#8230; Bu ruhsal bunal\u0131m\u0131n\u0131 yok meditasyon, yok yoga, yok Hindistan, yok Buda ile kapatmaya kalkars\u0131n&#8230; Yeteeeeeeer&#8230; &#8211; U\u011fra\u015fmasan art\u0131k benimle, sallan yuvarlan ya\u015fay\u0131p gidiyorum i\u015fte. Bu kitapta da bu dil olmayacak, de\u011fil mi? * Hay\u0131r hay\u0131r. Bu kitapta Senin hep g\u00fczel yanlar\u0131ndan bahsedece\u011fiz&#8230; Hep duymak istediklerin olacak&#8230; &#8220;Her Sava\u015f\u00e7\u0131n\u0131n Gurur Duydu\u011fu A\u00e7\u0131lan Yaralar\u0131na Merhem&#8221; olacak&#8230; &#8211; Ben b\u00f6yle bir \u015fey istedim mi Senden? Kendi kendine gelin g\u00fcvey oluyorsun E.E.? Bir de \u015funu merak ediyorum? Benim a\u00e7\u0131klar\u0131m\u0131 bu kadar ayr\u0131nt\u0131l\u0131 ve do\u011fru nereden biliyorsun? Beni mi takip ediyorsun?  <\/p>\n","protected":false},"excerpt":{"rendered":"<p>Demagojiye geldi\u011finde senden acizi yoktur d\u00fcnyada, Ukala ukala konu\u015ftu\u011funda da insanl\u0131\u011f\u0131 kurtaracak Senden ba\u015fkas\u0131 de\u011fildir&#8230; Bedenli bir D\u00fcnyal\u0131 olarak h\u00e2l\u00e2 d\u00fcnyada kald\u0131\u011f\u0131n h\u00e2lde, Kendini &#8220;Her \u015feyi<span class=\"excerpt-hellip\"> [\u2026]<\/span><\/p>\n","protected":false},"featured_media":0,"template":"","meta":{"_monsterinsights_skip_tracking":false,"_monsterinsights_sitenote_active":false,"_monsterinsights_sitenote_note":"","_monsterinsights_sitenote_category":0},"product_brand":[],"product_cat":[12364,12376],"product_tag":[],"class_list":{"0":"post-728467","1":"product","2":"type-product","3":"status-publish","5":"product_cat-genel-konular","6":"product_cat-kisisel-gelisim","7":"pa_cilt-ciltsiz","8":"pa_tur-kitap","9":"pa_yayinevi-karina-yayinevi","10":"pa_yazar-engin-erarslan","12":"first","13":"instock","14":"sale","15":"shipping-taxable","16":"purchasable","17":"product-type-simple"},"_links":{"self":[{"href":"https:\/\/roveyayinevi.com.tr\/index.php\/wp-json\/wp\/v2\/product\/728467","targetHints":{"allow":["GET"]}}],"collection":[{"href":"https:\/\/roveyayinevi.com.tr\/index.php\/wp-json\/wp\/v2\/product"}],"about":[{"href":"https:\/\/roveyayinevi.com.tr\/index.php\/wp-json\/wp\/v2\/types\/product"}],"wp:attachment":[{"href":"https:\/\/roveyayinevi.com.tr\/index.php\/wp-json\/wp\/v2\/media?parent=728467"}],"wp:term":[{"taxonomy":"product_brand","embeddable":true,"href":"https:\/\/roveyayinevi.com.tr\/index.php\/wp-json\/wp\/v2\/product_brand?post=728467"},{"taxonomy":"product_cat","embeddable":true,"href":"https:\/\/roveyayinevi.com.tr\/index.php\/wp-json\/wp\/v2\/product_cat?post=728467"},{"taxonomy":"product_tag","embeddable":true,"href":"https:\/\/roveyayinevi.com.tr\/index.php\/wp-json\/wp\/v2\/product_tag?post=728467"}],"curies":[{"name":"wp","href":"https:\/\/api.w.org\/{rel}","templated":true}]}}