{"id":728466,"date":"2025-08-27T20:40:05","date_gmt":"2025-08-27T17:40:05","guid":{"rendered":"https:\/\/roveyayinevi.com.tr\/index.php\/urun\/fulya-karinca-ve-kaplumbaga\/"},"modified":"2026-04-16T02:36:01","modified_gmt":"2026-04-15T23:36:01","slug":"fulya-karinca-ve-kaplumbaga","status":"publish","type":"product","link":"https:\/\/roveyayinevi.com.tr\/index.php\/urun\/fulya-karinca-ve-kaplumbaga\/","title":{"rendered":"Fulya, Kar\u0131nca ve Kaplumba\u011fa"},"content":{"rendered":"<p>Kuvay\u0131milliye&#8217;nin,Emperyalizmin ahlaks\u0131z sald\u0131r\u0131lar\u0131na kar\u015f\u0131 duran b\u00fcy\u00fck devlet adamlar\u0131n\u0131n,G\u00f6t\u00fcrge\u00e7&#8217;e binenlerin,Siyah beyaz foto\u011frafta kalm\u0131\u015f babalar\u0131n,Y\u00fcrekte sapl\u0131 kalm\u0131\u015f sorular\u0131n,Adalet i\u00e7in n\u00f6bet tutanlar\u0131n,Ankara&#8217;da bir g\u00fcn\u00fcn,Eskiyen e\u015fyalar\u0131n ve ya\u015f alm\u0131\u015flar\u0131n,Can pazar\u0131nda ya\u015famaya haz\u0131rlanan askerlerin \u00f6yk\u00fcs\u00fc: &#8220;Fulya, Kar\u0131nca ve Kaplumba\u011fa&#8230;&#8221; <\/p>\n","protected":false},"excerpt":{"rendered":"<p>Kuvay\u0131milliye&#8217;nin,Emperyalizmin ahlaks\u0131z sald\u0131r\u0131lar\u0131na kar\u015f\u0131 duran b\u00fcy\u00fck devlet adamlar\u0131n\u0131n,G\u00f6t\u00fcrge\u00e7&#8217;e binenlerin,Siyah beyaz foto\u011frafta kalm\u0131\u015f babalar\u0131n,Y\u00fcrekte sapl\u0131 kalm\u0131\u015f sorular\u0131n,Adalet i\u00e7in n\u00f6bet tutanlar\u0131n,Ankara&#8217;da bir g\u00fcn\u00fcn,Eskiyen e\u015fyalar\u0131n ve ya\u015f alm\u0131\u015flar\u0131n,Can pazar\u0131nda<span class=\"excerpt-hellip\"> [\u2026]<\/span><\/p>\n","protected":false},"featured_media":0,"template":"","meta":{"_monsterinsights_skip_tracking":false,"_monsterinsights_sitenote_active":false,"_monsterinsights_sitenote_note":"","_monsterinsights_sitenote_category":0},"product_brand":[],"product_cat":[12291,12711],"product_tag":[],"class_list":{"0":"post-728466","1":"product","2":"type-product","3":"status-publish","5":"product_cat-edebiyat","6":"product_cat-roman-oyku","7":"pa_cilt-ciltsiz","8":"pa_tur-kitap","9":"pa_yayinevi-karina-yayinevi","10":"pa_yazar-coskun-deniz","12":"first","13":"instock","14":"sale","15":"shipping-taxable","16":"purchasable","17":"product-type-simple"},"_links":{"self":[{"href":"https:\/\/roveyayinevi.com.tr\/index.php\/wp-json\/wp\/v2\/product\/728466","targetHints":{"allow":["GET"]}}],"collection":[{"href":"https:\/\/roveyayinevi.com.tr\/index.php\/wp-json\/wp\/v2\/product"}],"about":[{"href":"https:\/\/roveyayinevi.com.tr\/index.php\/wp-json\/wp\/v2\/types\/product"}],"wp:attachment":[{"href":"https:\/\/roveyayinevi.com.tr\/index.php\/wp-json\/wp\/v2\/media?parent=728466"}],"wp:term":[{"taxonomy":"product_brand","embeddable":true,"href":"https:\/\/roveyayinevi.com.tr\/index.php\/wp-json\/wp\/v2\/product_brand?post=728466"},{"taxonomy":"product_cat","embeddable":true,"href":"https:\/\/roveyayinevi.com.tr\/index.php\/wp-json\/wp\/v2\/product_cat?post=728466"},{"taxonomy":"product_tag","embeddable":true,"href":"https:\/\/roveyayinevi.com.tr\/index.php\/wp-json\/wp\/v2\/product_tag?post=728466"}],"curies":[{"name":"wp","href":"https:\/\/api.w.org\/{rel}","templated":true}]}}