{"id":728465,"date":"2025-08-27T20:40:04","date_gmt":"2025-08-27T17:40:04","guid":{"rendered":"https:\/\/roveyayinevi.com.tr\/index.php\/urun\/enstitu\/"},"modified":"2026-04-16T02:36:01","modified_gmt":"2026-04-15T23:36:01","slug":"enstitu","status":"publish","type":"product","link":"https:\/\/roveyayinevi.com.tr\/index.php\/urun\/enstitu\/","title":{"rendered":"Enstit\u00fc"},"content":{"rendered":"<p>Minneapolis&#8217;in sakin banliy\u00f6lerinden birinde ya\u015famakta olan Luke Ellis, bir gece yar\u0131s\u0131 evine giren davetsiz misafirler taraf\u0131ndan ka\u00e7\u0131r\u0131l\u0131r. Luke, penceresi olmayan fakat t\u0131pk\u0131 kendisininkine benzeyen bir odada g\u00f6zlerini a\u00e7ar. Ve kap\u0131s\u0131n\u0131 a\u00e7\u0131p d\u0131\u015far\u0131 \u00e7\u0131kt\u0131\u011f\u0131nda onun gibi \u00f6zel yetenekleri y\u00fcz\u00fcnden buraya getirilen bir\u00e7ok \u00e7ocu\u011fun odalar\u0131n\u0131n s\u0131raland\u0131\u011f\u0131n\u0131 g\u00f6r\u00fcr. Enstit\u00fc&#8230; \u00d6zel yeteneklere sahip \u00e7ocuklar\u0131n tutuldu\u011fu bir hapishane, onlardan adeta intikam almaya yemin etmi\u015f bir m\u00fcd\u00fcr ve insafs\u0131z personelin ac\u0131 dolu yuvas\u0131. Burada vicdan azab\u0131 yok. Buras\u0131 giri\u015fi olan ama \u00e7\u0131k\u0131\u015f\u0131 olmayan bir cehennem&#8230;<\/p>\n","protected":false},"excerpt":{"rendered":"<p>Minneapolis&#8217;in sakin banliy\u00f6lerinden birinde ya\u015famakta olan Luke Ellis, bir gece yar\u0131s\u0131 evine giren davetsiz misafirler taraf\u0131ndan ka\u00e7\u0131r\u0131l\u0131r. Luke, penceresi olmayan fakat t\u0131pk\u0131 kendisininkine benzeyen bir odada<span class=\"excerpt-hellip\"> [\u2026]<\/span><\/p>\n","protected":false},"featured_media":0,"template":"","meta":{"_monsterinsights_skip_tracking":false,"_monsterinsights_sitenote_active":false,"_monsterinsights_sitenote_note":"","_monsterinsights_sitenote_category":0},"product_brand":[],"product_cat":[12291,17033],"product_tag":[],"class_list":{"0":"post-728465","1":"product","2":"type-product","3":"status-publish","5":"product_cat-edebiyat","6":"product_cat-korku-gerilim","7":"pa_cilt-ciltsiz","8":"pa_tur-kitap","9":"pa_yayinevi-altin-kitaplar","10":"pa_yazar-stephen-king","12":"first","13":"instock","14":"sale","15":"shipping-taxable","16":"purchasable","17":"product-type-simple"},"_links":{"self":[{"href":"https:\/\/roveyayinevi.com.tr\/index.php\/wp-json\/wp\/v2\/product\/728465","targetHints":{"allow":["GET"]}}],"collection":[{"href":"https:\/\/roveyayinevi.com.tr\/index.php\/wp-json\/wp\/v2\/product"}],"about":[{"href":"https:\/\/roveyayinevi.com.tr\/index.php\/wp-json\/wp\/v2\/types\/product"}],"wp:attachment":[{"href":"https:\/\/roveyayinevi.com.tr\/index.php\/wp-json\/wp\/v2\/media?parent=728465"}],"wp:term":[{"taxonomy":"product_brand","embeddable":true,"href":"https:\/\/roveyayinevi.com.tr\/index.php\/wp-json\/wp\/v2\/product_brand?post=728465"},{"taxonomy":"product_cat","embeddable":true,"href":"https:\/\/roveyayinevi.com.tr\/index.php\/wp-json\/wp\/v2\/product_cat?post=728465"},{"taxonomy":"product_tag","embeddable":true,"href":"https:\/\/roveyayinevi.com.tr\/index.php\/wp-json\/wp\/v2\/product_tag?post=728465"}],"curies":[{"name":"wp","href":"https:\/\/api.w.org\/{rel}","templated":true}]}}