{"id":728462,"date":"2025-08-27T20:40:02","date_gmt":"2025-08-27T17:40:02","guid":{"rendered":"https:\/\/roveyayinevi.com.tr\/index.php\/urun\/envarul-asikin-nurani-allah-asiklari-ciltli\/"},"modified":"2026-04-16T02:36:01","modified_gmt":"2026-04-15T23:36:01","slug":"envarul-asikin-nurani-allah-asiklari-ciltli","status":"publish","type":"product","link":"https:\/\/roveyayinevi.com.tr\/index.php\/urun\/envarul-asikin-nurani-allah-asiklari-ciltli\/","title":{"rendered":"Envaru\u2019l A\u015f\u0131k\u0131n Nuran\u0131 Allah A\u015f\u0131klar\u0131 (Ciltli)"},"content":{"rendered":"<p>Ey okur! &#8220;Ey il\u00e2h\u00ee s\u0131rlara ermek isteyen kimse! Bu kitap, Kuds\u00ee Hadis, Mukaddes vahiy ve esr\u00e2r ilminden il\u00e2h\u00ee s\u0131rlarla doludur.  Nurlar \u00e2leminin nurundan Allah&#8217;\u0131n nurunu anlatmak istemektedir. Kuds\u00ee Hadisler ve s\u00f6zler bunun i\u00e7in bir araya getirildi. Hak Te\u00e2l\u00e2&#8217;n\u0131n peygamberlerine hitaplar\u0131 zikredildi.  Saf ve temiz kullara beyan edilen s\u00f6zler burada topland\u0131. B\u00fcy\u00fck \u00e2limler ilmin derecelerini, \u00e2riflere ait mana bilgilerini burada beyan ettiler. Tevrat&#8217;ta, Zebur&#8217;da, \u0130ncil&#8217;de, Kur&#8217;\u00e2n&#8217;da ne kadar il\u00e2h\u00ee hitap varsa burada. Peygamberlerin sahifelerinde ne kadar Allah kel\u00e2m\u0131 mevcutsa o da bu kitapta. \u0130l\u00e2h\u00ee \u00e2lemler, Mah\u015fer g\u00fcn\u00fc olan Arasat&#8217;a d\u00f6nece\u011fimiz yer olan \u00c2hiret de \u00f6yle. Ebed\u00ee olan cennetlere var\u0131ncaya kadar; ne t\u00fcrl\u00fc beyan varsa, hepsi Env\u00e2ru&#8217;l-\u00c2\u015f\u0131k\u00een&#8217;de.&#8221; <\/p>\n","protected":false},"excerpt":{"rendered":"<p>Ey okur! &#8220;Ey il\u00e2h\u00ee s\u0131rlara ermek isteyen kimse! Bu kitap, Kuds\u00ee Hadis, Mukaddes vahiy ve esr\u00e2r ilminden il\u00e2h\u00ee s\u0131rlarla doludur. Nurlar \u00e2leminin nurundan Allah&#8217;\u0131n nurunu anlatmak<span class=\"excerpt-hellip\"> [\u2026]<\/span><\/p>\n","protected":false},"featured_media":0,"template":"","meta":{"_monsterinsights_skip_tracking":false,"_monsterinsights_sitenote_active":false,"_monsterinsights_sitenote_note":"","_monsterinsights_sitenote_category":0},"product_brand":[],"product_cat":[12718,12858],"product_tag":[],"class_list":{"0":"post-728462","1":"product","2":"type-product","3":"status-publish","5":"product_cat-din","6":"product_cat-mitolojiler","7":"pa_cilt-ciltli","8":"pa_tur-kitap","9":"pa_yayinevi-kapi-yayinlari","10":"pa_yazar-ahmed-bican","12":"first","13":"instock","14":"sale","15":"shipping-taxable","16":"purchasable","17":"product-type-simple"},"_links":{"self":[{"href":"https:\/\/roveyayinevi.com.tr\/index.php\/wp-json\/wp\/v2\/product\/728462","targetHints":{"allow":["GET"]}}],"collection":[{"href":"https:\/\/roveyayinevi.com.tr\/index.php\/wp-json\/wp\/v2\/product"}],"about":[{"href":"https:\/\/roveyayinevi.com.tr\/index.php\/wp-json\/wp\/v2\/types\/product"}],"wp:attachment":[{"href":"https:\/\/roveyayinevi.com.tr\/index.php\/wp-json\/wp\/v2\/media?parent=728462"}],"wp:term":[{"taxonomy":"product_brand","embeddable":true,"href":"https:\/\/roveyayinevi.com.tr\/index.php\/wp-json\/wp\/v2\/product_brand?post=728462"},{"taxonomy":"product_cat","embeddable":true,"href":"https:\/\/roveyayinevi.com.tr\/index.php\/wp-json\/wp\/v2\/product_cat?post=728462"},{"taxonomy":"product_tag","embeddable":true,"href":"https:\/\/roveyayinevi.com.tr\/index.php\/wp-json\/wp\/v2\/product_tag?post=728462"}],"curies":[{"name":"wp","href":"https:\/\/api.w.org\/{rel}","templated":true}]}}