{"id":728461,"date":"2025-08-27T20:40:01","date_gmt":"2025-08-27T17:40:01","guid":{"rendered":"https:\/\/roveyayinevi.com.tr\/index.php\/urun\/dunya-felsefe-tarihinin-olusumu-ciltli\/"},"modified":"2026-04-16T02:36:01","modified_gmt":"2026-04-15T23:36:01","slug":"dunya-felsefe-tarihinin-olusumu-ciltli","status":"publish","type":"product","link":"https:\/\/roveyayinevi.com.tr\/index.php\/urun\/dunya-felsefe-tarihinin-olusumu-ciltli\/","title":{"rendered":"D\u00fcnya Felsefe Tarihinin Olu\u015fumu (Ciltli)"},"content":{"rendered":"<p>Randall Collins bu kitab\u0131nda Do\u011fu ve Bat\u0131 toplumlar\u0131nda iki bin y\u0131l\u0131 a\u015fk\u0131n bir s\u00fcredir varl\u0131\u011f\u0131n\u0131 s\u00fcrd\u00fcren entelekt\u00fcel a\u011flar\u0131 analiz ediyor. Farkl\u0131 co\u011frafyalardaki felsefi d\u00fc\u015f\u00fcncelerin nas\u0131l ortaya \u00e7\u0131kt\u0131\u011f\u0131n\u0131 ve filozoflar\u0131n birbirini nas\u0131l etkiledi\u011fini anlat\u0131yor. D\u00fcnya \u00fczerindeki en k\u00f6kl\u00fc felsefi gelenekler aras\u0131ndaki \u00e7at\u0131\u015fmalar\u0131 ve ittifaklar\u0131 mercek alt\u0131na al\u0131yor. \u201cBu inan\u0131lmaz kitap, Do\u011fu ve Bat\u0131 felsefesinin b\u00fcy\u00fck bir k\u0131sm\u0131na dair y\u0131llarca s\u00fcren bir \u00e7al\u0131\u015fman\u0131n sonucu.\u201d \u2013Leslie Armour, Library Journal \u201c\u00dc\u00e7 uygarl\u0131ktaki entelekt\u00fcel de\u011fi\u015fim hakk\u0131nda zengin, sistematik ve bilimsel temele dayal\u0131 bir de\u011ferlendirme. D\u00fcnya felsefelerinin geli\u015fim s\u00fcreci hakk\u0131nda iddial\u0131, kapsaml\u0131 ve parlak bir anlat\u0131m.\u201d \u2013Ilan Talmud, European Sociological Review \u201cEntelekt\u00fcel hayat\u0131 anlamak isteyen hi\u00e7bir sosyolog, Randall Collins\u2019in yapt\u0131\u011f\u0131 bu b\u00fcy\u00fck katk\u0131y\u0131 g\u00f6rmezden gelemez.\u201d \u2013Peter Baehr, Canadian Journal of Sociology<\/p>\n","protected":false},"excerpt":{"rendered":"<p>Randall Collins bu kitab\u0131nda Do\u011fu ve Bat\u0131 toplumlar\u0131nda iki bin y\u0131l\u0131 a\u015fk\u0131n bir s\u00fcredir varl\u0131\u011f\u0131n\u0131 s\u00fcrd\u00fcren entelekt\u00fcel a\u011flar\u0131 analiz ediyor. Farkl\u0131 co\u011frafyalardaki felsefi d\u00fc\u015f\u00fcncelerin nas\u0131l ortaya<span class=\"excerpt-hellip\"> [\u2026]<\/span><\/p>\n","protected":false},"featured_media":0,"template":"","meta":{"_monsterinsights_skip_tracking":false,"_monsterinsights_sitenote_active":false,"_monsterinsights_sitenote_note":"","_monsterinsights_sitenote_category":0},"product_brand":[],"product_cat":[12388,14717],"product_tag":[],"class_list":{"0":"post-728461","1":"product","2":"type-product","3":"status-publish","5":"product_cat-felsefe","6":"product_cat-felsefe-tarihi","7":"pa_cilt-ciltli","8":"pa_tur-kitap","9":"pa_yayinevi-alfa-yayinlari","10":"pa_yazar-randall-collins","12":"first","13":"instock","14":"sale","15":"shipping-taxable","16":"purchasable","17":"product-type-simple"},"_links":{"self":[{"href":"https:\/\/roveyayinevi.com.tr\/index.php\/wp-json\/wp\/v2\/product\/728461","targetHints":{"allow":["GET"]}}],"collection":[{"href":"https:\/\/roveyayinevi.com.tr\/index.php\/wp-json\/wp\/v2\/product"}],"about":[{"href":"https:\/\/roveyayinevi.com.tr\/index.php\/wp-json\/wp\/v2\/types\/product"}],"wp:attachment":[{"href":"https:\/\/roveyayinevi.com.tr\/index.php\/wp-json\/wp\/v2\/media?parent=728461"}],"wp:term":[{"taxonomy":"product_brand","embeddable":true,"href":"https:\/\/roveyayinevi.com.tr\/index.php\/wp-json\/wp\/v2\/product_brand?post=728461"},{"taxonomy":"product_cat","embeddable":true,"href":"https:\/\/roveyayinevi.com.tr\/index.php\/wp-json\/wp\/v2\/product_cat?post=728461"},{"taxonomy":"product_tag","embeddable":true,"href":"https:\/\/roveyayinevi.com.tr\/index.php\/wp-json\/wp\/v2\/product_tag?post=728461"}],"curies":[{"name":"wp","href":"https:\/\/api.w.org\/{rel}","templated":true}]}}