{"id":728460,"date":"2025-08-27T20:40:00","date_gmt":"2025-08-27T17:40:00","guid":{"rendered":"https:\/\/roveyayinevi.com.tr\/index.php\/urun\/ardic-agaci\/"},"modified":"2026-04-16T02:36:01","modified_gmt":"2026-04-15T23:36:01","slug":"ardic-agaci","status":"publish","type":"product","link":"https:\/\/roveyayinevi.com.tr\/index.php\/urun\/ardic-agaci\/","title":{"rendered":"Ard\u0131\u00e7 A\u011fac\u0131"},"content":{"rendered":"<p>O, \u0130\u00e7inde bir noktad\u0131r. Sen b\u00fct\u00fcn c\u00fcmleleri ona b\u0131rak\u0131rs\u0131n. Ne s\u00f6ylese inanmaya haz\u0131rken o, \u201cOlamay\u0131z!\u201d der. \u0130nan\u0131rs\u0131n! Hi\u00e7 bilmedi\u011fin bir yerdesindir art\u0131k\u2026 Hi\u00e7 bilmedi\u011fin\u2026 Ama ku\u015flar\u0131n u\u00e7u\u015funu y\u00fcre\u011finde seyretti\u011fin bir yerde\u2026 Ve ona g\u00f6n\u00fcl heybende, Bir \u201cHo\u015f\u00e7a kal\u201d vard\u0131r\u2026 Eskiden k\u00f6y k\u00f6y dolan\u0131rm\u0131\u015f ozanlar\u2026 Olur da bir g\u00f6nle dokunur, bir y\u00e2ren bulunur diye. Dil, g\u00f6n\u00fcl demektir. Bu dil k\u00f6pr\u00fcler de kurar, k\u00f6pr\u00fcler de y\u0131kar. G\u00fclcan \u00c7ak\u0131r da \u015fiirleri ile g\u00f6nl\u00fcn\u00fcze dokunup k\u00f6pr\u00fcler kuracak. <\/p>\n","protected":false},"excerpt":{"rendered":"<p>O, \u0130\u00e7inde bir noktad\u0131r. Sen b\u00fct\u00fcn c\u00fcmleleri ona b\u0131rak\u0131rs\u0131n. Ne s\u00f6ylese inanmaya haz\u0131rken o, \u201cOlamay\u0131z!\u201d der. \u0130nan\u0131rs\u0131n! Hi\u00e7 bilmedi\u011fin bir yerdesindir art\u0131k\u2026 Hi\u00e7 bilmedi\u011fin\u2026 Ama ku\u015flar\u0131n<span class=\"excerpt-hellip\"> [\u2026]<\/span><\/p>\n","protected":false},"featured_media":0,"template":"","meta":{"_monsterinsights_skip_tracking":false,"_monsterinsights_sitenote_active":false,"_monsterinsights_sitenote_note":"","_monsterinsights_sitenote_category":0},"product_brand":[],"product_cat":[12291,18202],"product_tag":[],"class_list":{"0":"post-728460","1":"product","2":"type-product","3":"status-publish","5":"product_cat-edebiyat","6":"product_cat-hikaye","7":"pa_cilt-ciltsiz","8":"pa_tur-kitap","9":"pa_yayinevi-luna-yayinlari","10":"pa_yazar-gulcan-cakir","12":"first","13":"instock","14":"sale","15":"shipping-taxable","16":"purchasable","17":"product-type-simple"},"_links":{"self":[{"href":"https:\/\/roveyayinevi.com.tr\/index.php\/wp-json\/wp\/v2\/product\/728460","targetHints":{"allow":["GET"]}}],"collection":[{"href":"https:\/\/roveyayinevi.com.tr\/index.php\/wp-json\/wp\/v2\/product"}],"about":[{"href":"https:\/\/roveyayinevi.com.tr\/index.php\/wp-json\/wp\/v2\/types\/product"}],"wp:attachment":[{"href":"https:\/\/roveyayinevi.com.tr\/index.php\/wp-json\/wp\/v2\/media?parent=728460"}],"wp:term":[{"taxonomy":"product_brand","embeddable":true,"href":"https:\/\/roveyayinevi.com.tr\/index.php\/wp-json\/wp\/v2\/product_brand?post=728460"},{"taxonomy":"product_cat","embeddable":true,"href":"https:\/\/roveyayinevi.com.tr\/index.php\/wp-json\/wp\/v2\/product_cat?post=728460"},{"taxonomy":"product_tag","embeddable":true,"href":"https:\/\/roveyayinevi.com.tr\/index.php\/wp-json\/wp\/v2\/product_tag?post=728460"}],"curies":[{"name":"wp","href":"https:\/\/api.w.org\/{rel}","templated":true}]}}