{"id":728459,"date":"2025-08-27T20:39:59","date_gmt":"2025-08-27T17:39:59","guid":{"rendered":"https:\/\/roveyayinevi.com.tr\/index.php\/urun\/bu-da-gecer\/"},"modified":"2026-04-16T02:36:01","modified_gmt":"2026-04-15T23:36:01","slug":"bu-da-gecer","status":"publish","type":"product","link":"https:\/\/roveyayinevi.com.tr\/index.php\/urun\/bu-da-gecer\/","title":{"rendered":"Bu da Ge\u00e7er"},"content":{"rendered":"<p>&#8230; Ben seni d\u00fc\u015f\u00fcn\u00fcyorum yazarken.  Seni i\u00e7tenlikle d\u00fc\u015f\u00fcn\u00fcyorum. S\u00f6zc\u00fcklerden bir sevgi olana\u011f\u0131 do\u011fmas\u0131n\u0131 d\u00fc\u015f\u00fcn\u00fcyorum.  Bunun beni kurtarmas\u0131n\u0131 ya da seni&#8230;    Sen ve ben, sevgili okur, son on y\u0131ld\u0131r \u2013ki bu on y\u0131l \u00f6mr\u00fcm\u00fczden gitti\u2013 dedik ki, \u201cBu da ge\u00e7er.\u201d Birileri de hep kar\u015f\u0131l\u0131k verdi, \u201cB\u00f6yle diye diye \u00f6m\u00fcr ge\u00e7ti.\u201d Eh, oras\u0131 da do\u011fru. Peki o zaman ne yapmal\u0131 bu \u00f6m\u00fcrle?..    Ece Temelkuran i\u00e7inden ge\u00e7ti\u011fimiz \u00e7\u0131ld\u0131rt\u0131c\u0131  g\u00fcr\u00fclt\u00fcn\u00fcn ortas\u0131nda s\u00f6zc\u00fcklerle ferahlatan,  soluk ald\u0131ran bir alan a\u00e7\u0131yor.  <\/p>\n","protected":false},"excerpt":{"rendered":"<p>&#8230; Ben seni d\u00fc\u015f\u00fcn\u00fcyorum yazarken. Seni i\u00e7tenlikle d\u00fc\u015f\u00fcn\u00fcyorum. S\u00f6zc\u00fcklerden bir sevgi olana\u011f\u0131 do\u011fmas\u0131n\u0131 d\u00fc\u015f\u00fcn\u00fcyorum. Bunun beni kurtarmas\u0131n\u0131 ya da seni&#8230; Sen ve ben, sevgili okur, son<span class=\"excerpt-hellip\"> [\u2026]<\/span><\/p>\n","protected":false},"featured_media":0,"template":"","meta":{"_monsterinsights_skip_tracking":false,"_monsterinsights_sitenote_active":false,"_monsterinsights_sitenote_note":"","_monsterinsights_sitenote_category":0},"product_brand":[],"product_cat":[12777,12291],"product_tag":[],"class_list":{"0":"post-728459","1":"product","2":"type-product","3":"status-publish","5":"product_cat-deneme","6":"product_cat-edebiyat","7":"pa_cilt-ciltsiz","8":"pa_tur-kitap","9":"pa_yayinevi-everest-yayinlari","10":"pa_yazar-ece-temelkuran","12":"first","13":"instock","14":"sale","15":"shipping-taxable","16":"purchasable","17":"product-type-simple"},"_links":{"self":[{"href":"https:\/\/roveyayinevi.com.tr\/index.php\/wp-json\/wp\/v2\/product\/728459","targetHints":{"allow":["GET"]}}],"collection":[{"href":"https:\/\/roveyayinevi.com.tr\/index.php\/wp-json\/wp\/v2\/product"}],"about":[{"href":"https:\/\/roveyayinevi.com.tr\/index.php\/wp-json\/wp\/v2\/types\/product"}],"wp:attachment":[{"href":"https:\/\/roveyayinevi.com.tr\/index.php\/wp-json\/wp\/v2\/media?parent=728459"}],"wp:term":[{"taxonomy":"product_brand","embeddable":true,"href":"https:\/\/roveyayinevi.com.tr\/index.php\/wp-json\/wp\/v2\/product_brand?post=728459"},{"taxonomy":"product_cat","embeddable":true,"href":"https:\/\/roveyayinevi.com.tr\/index.php\/wp-json\/wp\/v2\/product_cat?post=728459"},{"taxonomy":"product_tag","embeddable":true,"href":"https:\/\/roveyayinevi.com.tr\/index.php\/wp-json\/wp\/v2\/product_tag?post=728459"}],"curies":[{"name":"wp","href":"https:\/\/api.w.org\/{rel}","templated":true}]}}