{"id":728458,"date":"2025-08-27T20:39:58","date_gmt":"2025-08-27T17:39:58","guid":{"rendered":"https:\/\/roveyayinevi.com.tr\/index.php\/urun\/defterler-2\/"},"modified":"2026-04-16T02:36:01","modified_gmt":"2026-04-15T23:36:01","slug":"defterler-2","status":"publish","type":"product","link":"https:\/\/roveyayinevi.com.tr\/index.php\/urun\/defterler-2\/","title":{"rendered":"Defterler"},"content":{"rendered":"<p>Defterler \u015fairlerin lirik bellekleridir. Hilmi Yavuz\u2019un Defterler\u2019i gibi! Bu Defterler yazar\u0131n ya\u015fad\u0131klar\u0131n\u0131 bir tinsel deneyime d\u00f6n\u00fc\u015ft\u00fcr\u00fcrken kayda ge\u00e7irdi\u011fi notlar. Bellek, hazla ya da h\u00fcz\u00fcnle ya\u015fanan anlar\u0131 derleyip toparlar; bazen Akdeniz\u2019i Yunan\u2019a ba\u011flayan bir felsefeye, bazen bir yaz musikisine, bazen bir d\u00fczyaz\u0131n\u0131n bulan\u0131kl\u0131\u011f\u0131na, bazen de bir \u015fiirin dizelerinin berrakl\u0131\u011f\u0131na g\u00f6nderir.   Defterler s\u0131radan, g\u00fcndelik ve \u00f6nemi yokmu\u015f duygusu veren ya\u015fam rit\u00fcellerinin nas\u0131l g\u00f6r\u00fcnmez ve derin bir duyarl\u0131\u011fa d\u00f6n\u00fc\u015ft\u00fc\u011f\u00fcn\u00fc g\u00f6rmek i\u00e7in okunur. <\/p>\n","protected":false},"excerpt":{"rendered":"<p>Defterler \u015fairlerin lirik bellekleridir. Hilmi Yavuz\u2019un Defterler\u2019i gibi! Bu Defterler yazar\u0131n ya\u015fad\u0131klar\u0131n\u0131 bir tinsel deneyime d\u00f6n\u00fc\u015ft\u00fcr\u00fcrken kayda ge\u00e7irdi\u011fi notlar. Bellek, hazla ya da h\u00fcz\u00fcnle ya\u015fanan anlar\u0131<span class=\"excerpt-hellip\"> [\u2026]<\/span><\/p>\n","protected":false},"featured_media":0,"template":"","meta":{"_monsterinsights_skip_tracking":false,"_monsterinsights_sitenote_active":false,"_monsterinsights_sitenote_note":"","_monsterinsights_sitenote_category":0},"product_brand":[],"product_cat":[12777,12291],"product_tag":[],"class_list":{"0":"post-728458","1":"product","2":"type-product","3":"status-publish","5":"product_cat-deneme","6":"product_cat-edebiyat","7":"pa_cilt-ciltsiz","8":"pa_tur-kitap","9":"pa_yayinevi-everest-yayinlari","10":"pa_yazar-hilmi-yavuz","12":"first","13":"instock","14":"sale","15":"shipping-taxable","16":"purchasable","17":"product-type-simple"},"_links":{"self":[{"href":"https:\/\/roveyayinevi.com.tr\/index.php\/wp-json\/wp\/v2\/product\/728458","targetHints":{"allow":["GET"]}}],"collection":[{"href":"https:\/\/roveyayinevi.com.tr\/index.php\/wp-json\/wp\/v2\/product"}],"about":[{"href":"https:\/\/roveyayinevi.com.tr\/index.php\/wp-json\/wp\/v2\/types\/product"}],"wp:attachment":[{"href":"https:\/\/roveyayinevi.com.tr\/index.php\/wp-json\/wp\/v2\/media?parent=728458"}],"wp:term":[{"taxonomy":"product_brand","embeddable":true,"href":"https:\/\/roveyayinevi.com.tr\/index.php\/wp-json\/wp\/v2\/product_brand?post=728458"},{"taxonomy":"product_cat","embeddable":true,"href":"https:\/\/roveyayinevi.com.tr\/index.php\/wp-json\/wp\/v2\/product_cat?post=728458"},{"taxonomy":"product_tag","embeddable":true,"href":"https:\/\/roveyayinevi.com.tr\/index.php\/wp-json\/wp\/v2\/product_tag?post=728458"}],"curies":[{"name":"wp","href":"https:\/\/api.w.org\/{rel}","templated":true}]}}