{"id":728457,"date":"2025-08-27T20:39:57","date_gmt":"2025-08-27T17:39:57","guid":{"rendered":"https:\/\/roveyayinevi.com.tr\/index.php\/urun\/gunlukte-sakli-sirlar\/"},"modified":"2026-04-16T02:36:01","modified_gmt":"2026-04-15T23:36:01","slug":"gunlukte-sakli-sirlar","status":"publish","type":"product","link":"https:\/\/roveyayinevi.com.tr\/index.php\/urun\/gunlukte-sakli-sirlar\/","title":{"rendered":"G\u00fcnl\u00fckte Sakl\u0131 S\u0131rlar"},"content":{"rendered":"<p>Batakl\u0131\u011f\u0131n K\u0131y\u0131s\u0131ndaki Ev gibi macera romanlar\u0131yla tan\u0131nan Ye\u015fim Sayg\u0131n, 1980\u2019li y\u0131llarda bir tatil kasabas\u0131ndan tarihin dehlizlerine uzan\u0131yor. Eski bir g\u00fcnl\u00fc\u011f\u00fcn k\u0131lavuzlu\u011funda geli\u015fen olaylar, aile s\u0131rlar\u0131na, bir obru\u011fun derinliklerine, eski bir maden oca\u011f\u0131na, arkeolojik ara\u015ft\u0131rmalara ve dostluklar\u0131n g\u00fcvenli d\u00fcnyas\u0131na a\u00e7\u0131l\u0131yor. Yaz tatilini kasabada ge\u00e7iren kentli bir \u00e7ocu\u011fun g\u00fcnlerini ne\u015felendiren bu d\u00fcnya, renkli karakterleri ve gizemli atmosferiyle s\u00fcr\u00fckleyici bir okuma deneyimi sunuyor. Do\u011fayla i\u00e7 i\u00e7e ya\u015fanan macera, yazar\u0131n esprili anlat\u0131m\u0131yla renkleniyor. Yaz tatilinde Mavi \u015eark\u0131 Oteli\u2019nde \u00e7al\u0131\u015fmak \u00fczere k\u00fc\u00e7\u00fck bir sahil kasabas\u0131na g\u00f6nderilen Ate\u015f, kendini s\u00fcrg\u00fcnde hisseder. Neyse ki, tan\u0131\u015ft\u0131\u011f\u0131 Arya ve \u00c7illi sayesinde s\u0131k\u0131c\u0131 g\u00fcnleri ne\u015felenir. Arya\u2019n\u0131n aile b\u00fcy\u00fcklerinden \u0130nci\u2019nin 40 y\u0131l \u00f6nce ba\u015f\u0131na gelenleri dinledik\u00e7e, \u00e7evreye merak\u0131 b\u00fcsb\u00fct\u00fcn artar. Otelin ya\u015fl\u0131 bah\u00e7\u0131van\u0131, kendisine emanet edilen eski g\u00fcnl\u00fc\u011f\u00fc Arya\u2019ya verdi\u011findeyse, iki arkada\u015f hemen ara\u015ft\u0131rmaya koyulur. Ancak, renklerle kodlanm\u0131\u015f sayfalar\u0131 okumak olanaks\u0131zd\u0131r. \u00dcstelik, otelin m\u00fc\u015fterilerinden, tikli bir adam\u0131n da g\u00f6z\u00fc hep \u00fcstlerindedir\u2026<\/p>\n","protected":false},"excerpt":{"rendered":"<p>Batakl\u0131\u011f\u0131n K\u0131y\u0131s\u0131ndaki Ev gibi macera romanlar\u0131yla tan\u0131nan Ye\u015fim Sayg\u0131n, 1980\u2019li y\u0131llarda bir tatil kasabas\u0131ndan tarihin dehlizlerine uzan\u0131yor. Eski bir g\u00fcnl\u00fc\u011f\u00fcn k\u0131lavuzlu\u011funda geli\u015fen olaylar, aile s\u0131rlar\u0131na, bir<span class=\"excerpt-hellip\"> [\u2026]<\/span><\/p>\n","protected":false},"featured_media":0,"template":"","meta":{"_monsterinsights_skip_tracking":false,"_monsterinsights_sitenote_active":false,"_monsterinsights_sitenote_note":"","_monsterinsights_sitenote_category":0},"product_brand":[],"product_cat":[12291,12711],"product_tag":[],"class_list":{"0":"post-728457","1":"product","2":"type-product","3":"status-publish","5":"product_cat-edebiyat","6":"product_cat-roman-oyku","7":"pa_cilt-ciltsiz","8":"pa_tur-kitap","9":"pa_yayinevi-gunisigi-kitapligi","10":"pa_yazar-yesim-saygin-armutak","12":"first","13":"instock","14":"sale","15":"shipping-taxable","16":"purchasable","17":"product-type-simple"},"_links":{"self":[{"href":"https:\/\/roveyayinevi.com.tr\/index.php\/wp-json\/wp\/v2\/product\/728457","targetHints":{"allow":["GET"]}}],"collection":[{"href":"https:\/\/roveyayinevi.com.tr\/index.php\/wp-json\/wp\/v2\/product"}],"about":[{"href":"https:\/\/roveyayinevi.com.tr\/index.php\/wp-json\/wp\/v2\/types\/product"}],"wp:attachment":[{"href":"https:\/\/roveyayinevi.com.tr\/index.php\/wp-json\/wp\/v2\/media?parent=728457"}],"wp:term":[{"taxonomy":"product_brand","embeddable":true,"href":"https:\/\/roveyayinevi.com.tr\/index.php\/wp-json\/wp\/v2\/product_brand?post=728457"},{"taxonomy":"product_cat","embeddable":true,"href":"https:\/\/roveyayinevi.com.tr\/index.php\/wp-json\/wp\/v2\/product_cat?post=728457"},{"taxonomy":"product_tag","embeddable":true,"href":"https:\/\/roveyayinevi.com.tr\/index.php\/wp-json\/wp\/v2\/product_tag?post=728457"}],"curies":[{"name":"wp","href":"https:\/\/api.w.org\/{rel}","templated":true}]}}