{"id":728456,"date":"2025-08-27T20:39:56","date_gmt":"2025-08-27T17:39:56","guid":{"rendered":"https:\/\/roveyayinevi.com.tr\/index.php\/urun\/rengarenk-sozluk\/"},"modified":"2026-04-16T02:36:01","modified_gmt":"2026-04-15T23:36:01","slug":"rengarenk-sozluk","status":"publish","type":"product","link":"https:\/\/roveyayinevi.com.tr\/index.php\/urun\/rengarenk-sozluk\/","title":{"rendered":"Rengarenk S\u00f6zl\u00fck"},"content":{"rendered":"<p>G\u00f6rd\u00fcklerimizi, yediklerimizi, evimizde, bah\u00e7emizde ve do\u011fadaki \u00e7e\u015fitli renk ve \u015fekillerdeki her \u015feyi birlikte ke\u015ffediyoruz. <\/p>\n","protected":false},"excerpt":{"rendered":"<p>G\u00f6rd\u00fcklerimizi, yediklerimizi, evimizde, bah\u00e7emizde ve do\u011fadaki \u00e7e\u015fitli renk ve \u015fekillerdeki her \u015feyi birlikte ke\u015ffediyoruz.<\/p>\n","protected":false},"featured_media":0,"template":"","meta":{"_monsterinsights_skip_tracking":false,"_monsterinsights_sitenote_active":false,"_monsterinsights_sitenote_note":"","_monsterinsights_sitenote_category":0},"product_brand":[],"product_cat":[12566,13611],"product_tag":[],"class_list":{"0":"post-728456","1":"product","2":"type-product","3":"status-publish","5":"product_cat-egitim","6":"product_cat-sozlukler-ve-konusma-kilavuzlari","7":"pa_cilt-ciltsiz","8":"pa_tur-kitap","9":"pa_yayinevi-mavi-bulut-yayinlari","10":"pa_yazar-eric-carle","12":"first","13":"instock","14":"sale","15":"shipping-taxable","16":"purchasable","17":"product-type-simple"},"_links":{"self":[{"href":"https:\/\/roveyayinevi.com.tr\/index.php\/wp-json\/wp\/v2\/product\/728456","targetHints":{"allow":["GET"]}}],"collection":[{"href":"https:\/\/roveyayinevi.com.tr\/index.php\/wp-json\/wp\/v2\/product"}],"about":[{"href":"https:\/\/roveyayinevi.com.tr\/index.php\/wp-json\/wp\/v2\/types\/product"}],"wp:attachment":[{"href":"https:\/\/roveyayinevi.com.tr\/index.php\/wp-json\/wp\/v2\/media?parent=728456"}],"wp:term":[{"taxonomy":"product_brand","embeddable":true,"href":"https:\/\/roveyayinevi.com.tr\/index.php\/wp-json\/wp\/v2\/product_brand?post=728456"},{"taxonomy":"product_cat","embeddable":true,"href":"https:\/\/roveyayinevi.com.tr\/index.php\/wp-json\/wp\/v2\/product_cat?post=728456"},{"taxonomy":"product_tag","embeddable":true,"href":"https:\/\/roveyayinevi.com.tr\/index.php\/wp-json\/wp\/v2\/product_tag?post=728456"}],"curies":[{"name":"wp","href":"https:\/\/api.w.org\/{rel}","templated":true}]}}