{"id":728454,"date":"2025-08-27T20:39:54","date_gmt":"2025-08-27T17:39:54","guid":{"rendered":"https:\/\/roveyayinevi.com.tr\/index.php\/urun\/1984\/"},"modified":"2026-04-16T02:36:01","modified_gmt":"2026-04-15T23:36:01","slug":"1984","status":"publish","type":"product","link":"https:\/\/roveyayinevi.com.tr\/index.php\/urun\/1984\/","title":{"rendered":"1984"},"content":{"rendered":"<p>Orwell\u2019in 1948 y\u0131l\u0131nda yazd\u0131\u011f\u0131 bu roman, 1984 y\u0131l\u0131nda, hayali bir gelecekte ge\u00e7mektedir. Bu gelecekte d\u00fcnya totaliter olarak y\u00f6netilen \u00fc\u00e7 s\u00fcper-devlet aras\u0131nda b\u00f6l\u00fc\u015f\u00fclm\u00fc\u015ft\u00fcr. Roman, bu devletlerden biri olan Okyanusya\u2019da ge\u00e7er. Okyanusya\u2019n\u0131n ba\u015f\u0131nda hi\u00e7 kimsenin g\u00f6rmedi\u011fi ve nerede oldu\u011funu bilmedi\u011fi B\u00fcy\u00fck Birader bulunmaktad\u0131r. Yurtta\u015flar\u0131n \u0130\u00e7 Parti, D\u0131\u015f Parti ve Proleterler olarak \u00fc\u00e7 s\u0131n\u0131fa ayr\u0131ld\u0131\u011f\u0131 \u00fclkede, \u00e7ok etkili bir g\u00f6zlem g\u00fcc\u00fc olan ve en ufak bir kar\u015f\u0131t d\u00fc\u015f\u00fcnceyi eyleme ge\u00e7meden \u00f6nleyen D\u00fc\u015f\u00fcnce Polisi g\u00f6rev yapar. Roman\u0131n ba\u015fki\u015fisi olan Winston Smith, Okyanusya vatanda\u015f\u0131d\u0131r ve D\u0131\u015f Parti\u2019nin \u00e7al\u0131\u015fkan bir \u00fcyesidir ama i\u00e7ten i\u00e7e Parti\u2019den nefret etmekte, efsanevi Karde\u015flik \u00d6rg\u00fct\u00fc\u2019n\u00fcn Okyanusya\u2019da bir g\u00fcn mutlaka yapaca\u011f\u0131 ba\u015fkald\u0131r\u0131y\u0131 hayal etmektedir. Bin Dokuz Y\u00fcz Seksen D\u00f6rt, totaliter y\u00f6netimlerin rejimlerini y\u00fcr\u00fctmek ve korumak i\u00e7in nas\u0131l korkun\u00e7 y\u00f6ntemlerden yararland\u0131\u011f\u0131n\u0131 g\u00f6zler \u00f6n\u00fcne sermektedir. <\/p>\n","protected":false},"excerpt":{"rendered":"<p>Orwell\u2019in 1948 y\u0131l\u0131nda yazd\u0131\u011f\u0131 bu roman, 1984 y\u0131l\u0131nda, hayali bir gelecekte ge\u00e7mektedir. Bu gelecekte d\u00fcnya totaliter olarak y\u00f6netilen \u00fc\u00e7 s\u00fcper-devlet aras\u0131nda b\u00f6l\u00fc\u015f\u00fclm\u00fc\u015ft\u00fcr. Roman, bu devletlerden biri<span class=\"excerpt-hellip\"> [\u2026]<\/span><\/p>\n","protected":false},"featured_media":0,"template":"","meta":{"_monsterinsights_skip_tracking":false,"_monsterinsights_sitenote_active":false,"_monsterinsights_sitenote_note":"","_monsterinsights_sitenote_category":0},"product_brand":[],"product_cat":[12291,13872],"product_tag":[],"class_list":{"0":"post-728454","1":"product","2":"type-product","3":"status-publish","5":"product_cat-edebiyat","6":"product_cat-klasikler","7":"pa_cilt-ciltsiz","8":"pa_tur-kitap","9":"pa_yayinevi-remzi-kitabevi","10":"pa_yazar-george-orwell","12":"first","13":"instock","14":"sale","15":"shipping-taxable","16":"purchasable","17":"product-type-simple"},"_links":{"self":[{"href":"https:\/\/roveyayinevi.com.tr\/index.php\/wp-json\/wp\/v2\/product\/728454","targetHints":{"allow":["GET"]}}],"collection":[{"href":"https:\/\/roveyayinevi.com.tr\/index.php\/wp-json\/wp\/v2\/product"}],"about":[{"href":"https:\/\/roveyayinevi.com.tr\/index.php\/wp-json\/wp\/v2\/types\/product"}],"wp:attachment":[{"href":"https:\/\/roveyayinevi.com.tr\/index.php\/wp-json\/wp\/v2\/media?parent=728454"}],"wp:term":[{"taxonomy":"product_brand","embeddable":true,"href":"https:\/\/roveyayinevi.com.tr\/index.php\/wp-json\/wp\/v2\/product_brand?post=728454"},{"taxonomy":"product_cat","embeddable":true,"href":"https:\/\/roveyayinevi.com.tr\/index.php\/wp-json\/wp\/v2\/product_cat?post=728454"},{"taxonomy":"product_tag","embeddable":true,"href":"https:\/\/roveyayinevi.com.tr\/index.php\/wp-json\/wp\/v2\/product_tag?post=728454"}],"curies":[{"name":"wp","href":"https:\/\/api.w.org\/{rel}","templated":true}]}}