{"id":728451,"date":"2025-08-27T20:39:51","date_gmt":"2025-08-27T17:39:51","guid":{"rendered":"https:\/\/roveyayinevi.com.tr\/index.php\/urun\/hovarda\/"},"modified":"2025-09-22T12:52:09","modified_gmt":"2025-09-22T09:52:09","slug":"hovarda","status":"publish","type":"product","link":"https:\/\/roveyayinevi.com.tr\/index.php\/urun\/hovarda\/","title":{"rendered":"Hovarda"},"content":{"rendered":"<p>Mahallede \u2018Muhte\u015fem D\u00f6rtl\u00fc\u2019 diye bilinen delikanl\u0131lar\u2026 Her birinin keyifli, s\u0131cac\u0131k hikayesi ve g\u00f6n\u00fcllerinde ye\u015feren sevdalar\u0131n\u0131n nak\u0131\u015f nak\u0131\u015f i\u015flenmesine \u015fahit olacaks\u0131n\u0131z. Sa\u011flam ba\u011flar \u00fczerine kurulu bir mahalle hik\u00e2yesine misafir oldu\u011funuzu unutmay\u0131n. Kah h\u00fczne g\u00f6m\u00fcl\u00fcr y\u00fcrekler kah sevin\u00e7le \u0131\u015f\u0131l \u0131\u015f\u0131l par\u0131ldar g\u00f6zler. Her insan hatal\u0131d\u0131r, kusurludur. L\u00e2kin \u00f6nemli olan, hatalar\u0131n\u0131n \u00fczerine s\u00fcnger \u00e7ekerek hayat\u0131, ac\u0131s\u0131yla tatl\u0131s\u0131yla ya\u015fayabilmektir.\u201c\u015eu kar\u015f\u0131 masada oturan gen\u00e7 kim?\u201d B\u00fcy\u00fck bir dikkatle bakt\u0131 kar\u015f\u0131lar\u0131nda oturan d\u00f6rt delikanl\u0131ya gen\u00e7 k\u0131z. \u201cHangisinden bahsediyorsun? Orada yak\u0131\u015f\u0131kl\u0131 d\u00f6rt gen\u00e7 var.\u201d Her \u015fey bu iki c\u00fcmle ile ba\u015flam\u0131\u015ft\u0131 ve elbet devam\u0131 da gelecekti\u2026<\/p>\n","protected":false},"excerpt":{"rendered":"<p>Mahallede \u2018Muhte\u015fem D\u00f6rtl\u00fc\u2019 diye bilinen delikanl\u0131lar\u2026 Her birinin keyifli, s\u0131cac\u0131k hikayesi ve g\u00f6n\u00fcllerinde ye\u015feren sevdalar\u0131n\u0131n nak\u0131\u015f nak\u0131\u015f i\u015flenmesine \u015fahit olacaks\u0131n\u0131z. Sa\u011flam ba\u011flar \u00fczerine kurulu bir mahalle<span class=\"excerpt-hellip\"> [\u2026]<\/span><\/p>\n","protected":false},"featured_media":0,"template":"","meta":{"_monsterinsights_skip_tracking":false,"_monsterinsights_sitenote_active":false,"_monsterinsights_sitenote_note":"","_monsterinsights_sitenote_category":0},"product_brand":[],"product_cat":[12291,12711],"product_tag":[],"class_list":{"0":"post-728451","1":"product","2":"type-product","3":"status-publish","5":"product_cat-edebiyat","6":"product_cat-roman-oyku","7":"pa_cilt-ciltsiz","8":"pa_tur-kitap","9":"pa_yayinevi-fa-yayinlari","10":"pa_yazar-selma-unlu","12":"first","13":"instock","14":"sale","15":"shipping-taxable","16":"purchasable","17":"product-type-simple"},"_links":{"self":[{"href":"https:\/\/roveyayinevi.com.tr\/index.php\/wp-json\/wp\/v2\/product\/728451","targetHints":{"allow":["GET"]}}],"collection":[{"href":"https:\/\/roveyayinevi.com.tr\/index.php\/wp-json\/wp\/v2\/product"}],"about":[{"href":"https:\/\/roveyayinevi.com.tr\/index.php\/wp-json\/wp\/v2\/types\/product"}],"wp:attachment":[{"href":"https:\/\/roveyayinevi.com.tr\/index.php\/wp-json\/wp\/v2\/media?parent=728451"}],"wp:term":[{"taxonomy":"product_brand","embeddable":true,"href":"https:\/\/roveyayinevi.com.tr\/index.php\/wp-json\/wp\/v2\/product_brand?post=728451"},{"taxonomy":"product_cat","embeddable":true,"href":"https:\/\/roveyayinevi.com.tr\/index.php\/wp-json\/wp\/v2\/product_cat?post=728451"},{"taxonomy":"product_tag","embeddable":true,"href":"https:\/\/roveyayinevi.com.tr\/index.php\/wp-json\/wp\/v2\/product_tag?post=728451"}],"curies":[{"name":"wp","href":"https:\/\/api.w.org\/{rel}","templated":true}]}}