{"id":728450,"date":"2025-08-27T20:39:51","date_gmt":"2025-08-27T17:39:51","guid":{"rendered":"https:\/\/roveyayinevi.com.tr\/index.php\/urun\/bolsevizm-uzerine-metinler\/"},"modified":"2026-04-16T02:36:01","modified_gmt":"2026-04-15T23:36:01","slug":"bolsevizm-uzerine-metinler","status":"publish","type":"product","link":"https:\/\/roveyayinevi.com.tr\/index.php\/urun\/bolsevizm-uzerine-metinler\/","title":{"rendered":"Bol\u015fevizm \u00dczerine Metinler"},"content":{"rendered":"<p>Bol\u015fevizm her zaman fikirler ya da \u2018ilkeler\u2019 olarak yay\u0131l\u0131r. Bu, fikirlerin ve d\u00fc\u015f\u00fcnce al\u0131\u015fkanl\u0131klar\u0131n\u0131n bula\u015fmas\u0131 yoluyla ger\u00e7ekle\u015fir (\u2026) Bol\u015fevik d\u00fc\u015f\u00fcnce \u015femas\u0131 s\u0131radan insana kolay gelir, \u00e7\u00fcnk\u00fc b\u00fcy\u00fck \u00f6l\u00e7\u00fcde yeni \u015feyler \u00f6\u011frenmeyi de\u011fil, eski bildiklerini unutmay\u0131 gerektirir (\u2026) \u00d6nerilen yeni d\u00fc\u015f\u00fcnce d\u00fczeni giderek artan bir kolayl\u0131kla eski varsay\u0131mlar\u0131n yerini alacakt\u0131r, \u00e7\u00fcnk\u00fc terk edilmeye mahk\u00fbm eski kanaatler s\u0131radan insan\u0131n ya\u015fam\u0131ndaki maddi desteklerini yitirmi\u015ftir art\u0131k ve yeni maddi ko\u015fullar s\u0131radan insan\u0131n d\u00fc\u015f\u00fcnce al\u0131\u015fkanl\u0131\u011f\u0131n\u0131 yeni d\u00fc\u015f\u00fcnce d\u00fczenine do\u011fru d\u00f6n\u00fc\u015ft\u00fcrecektir. On sekizinci y\u00fczy\u0131l devrimleri askeri ve politik devrimlerdir ve tarihe mal olduklar\u0131na inanan Eski Devlet Adamlar\u0131, devrimlerin yirminci y\u00fczy\u0131lda da ayn\u0131 y\u00f6ntem ve ara\u00e7larla yap\u0131labilece\u011fine ve tersine d\u00f6nd\u00fcr\u00fclebilece\u011fine inanmaya devam etmektedirler. Ancak yirminci y\u00fczy\u0131lda ya\u015fanacak b\u00fcy\u00fck ya da sonu\u00e7 verici bir alt\u00fcst olu\u015f, zorunlu olarak sanayi alan\u0131nda bir alt\u00fcst olu\u015f olacakt\u0131r (\u2026) Bu derlemede yer alan metinler Veblen\u2019in akademik \u00e7al\u0131\u015fmalarda referans verilen, \u00ab bilinen \u00bb metinlerinden farkl\u0131d\u0131r. Politik derdi olan metinlerdir. Okuru, Veblen\u2019in I. D\u00fcnya Sava\u015f\u0131 sonras\u0131ndaki politik bak\u0131\u015f a\u00e7\u0131s\u0131n\u0131 Bol\u015fevizm \u00fczerine yazd\u0131\u011f\u0131 metinler \u00fczerinden de\u011ferlendirmeye davet eder. <\/p>\n","protected":false},"excerpt":{"rendered":"<p>Bol\u015fevizm her zaman fikirler ya da \u2018ilkeler\u2019 olarak yay\u0131l\u0131r. Bu, fikirlerin ve d\u00fc\u015f\u00fcnce al\u0131\u015fkanl\u0131klar\u0131n\u0131n bula\u015fmas\u0131 yoluyla ger\u00e7ekle\u015fir (\u2026) Bol\u015fevik d\u00fc\u015f\u00fcnce \u015femas\u0131 s\u0131radan insana kolay gelir, \u00e7\u00fcnk\u00fc<span class=\"excerpt-hellip\"> [\u2026]<\/span><\/p>\n","protected":false},"featured_media":0,"template":"","meta":{"_monsterinsights_skip_tracking":false,"_monsterinsights_sitenote_active":false,"_monsterinsights_sitenote_note":"","_monsterinsights_sitenote_category":0},"product_brand":[],"product_cat":[12573,12566],"product_tag":[],"class_list":{"0":"post-728450","1":"product","2":"type-product","3":"status-publish","5":"product_cat-akademik-kitaplar","6":"product_cat-egitim","7":"pa_cilt-ciltsiz","8":"pa_tur-kitap","9":"pa_yayinevi-heretik-yayincilik","10":"pa_yazar-thorstein-b-veblen","12":"first","13":"instock","14":"sale","15":"shipping-taxable","16":"purchasable","17":"product-type-simple"},"_links":{"self":[{"href":"https:\/\/roveyayinevi.com.tr\/index.php\/wp-json\/wp\/v2\/product\/728450","targetHints":{"allow":["GET"]}}],"collection":[{"href":"https:\/\/roveyayinevi.com.tr\/index.php\/wp-json\/wp\/v2\/product"}],"about":[{"href":"https:\/\/roveyayinevi.com.tr\/index.php\/wp-json\/wp\/v2\/types\/product"}],"wp:attachment":[{"href":"https:\/\/roveyayinevi.com.tr\/index.php\/wp-json\/wp\/v2\/media?parent=728450"}],"wp:term":[{"taxonomy":"product_brand","embeddable":true,"href":"https:\/\/roveyayinevi.com.tr\/index.php\/wp-json\/wp\/v2\/product_brand?post=728450"},{"taxonomy":"product_cat","embeddable":true,"href":"https:\/\/roveyayinevi.com.tr\/index.php\/wp-json\/wp\/v2\/product_cat?post=728450"},{"taxonomy":"product_tag","embeddable":true,"href":"https:\/\/roveyayinevi.com.tr\/index.php\/wp-json\/wp\/v2\/product_tag?post=728450"}],"curies":[{"name":"wp","href":"https:\/\/api.w.org\/{rel}","templated":true}]}}