{"id":728448,"date":"2025-08-27T20:39:49","date_gmt":"2025-08-27T17:39:49","guid":{"rendered":"https:\/\/roveyayinevi.com.tr\/index.php\/urun\/denizasiri-yalnizlik\/"},"modified":"2026-04-16T02:36:01","modified_gmt":"2026-04-15T23:36:01","slug":"denizasiri-yalnizlik","status":"publish","type":"product","link":"https:\/\/roveyayinevi.com.tr\/index.php\/urun\/denizasiri-yalnizlik\/","title":{"rendered":"Deniza\u015f\u0131r\u0131 Yaln\u0131zl\u0131k"},"content":{"rendered":"<p>Nas\u0131l bu kadar \u00e7ok gezebiliyorum? Evren bana torpil mi ge\u00e7iyor? Hayat bana hep g\u00fczellikler mi sundu, yoksa ben bug\u00fcnk\u00fc hayat\u0131ma sahip olabilmek i\u00e7in \u00e7ok mu azmettim? Bug\u00fcne gelene dek hangi yollardan y\u00fcr\u00fcd\u00fcm?Bu kitapta pes etmek nedir bilmeyen ve \u015fimdiye kadar 75 \u00fclke ve 500\u2019den fazla \u015fehre giden bir gezginin Kanada\u2019ya g\u00f6\u00e7 etme maceras\u0131n\u0131, Kanada\u2019da ya\u015fad\u0131klar\u0131n\u0131 ve ard\u0131ndan Kanada, Amerika Birle\u015fik Devleri, Karayipler gezi an\u0131lar\u0131n\u0131 bulacaks\u0131n\u0131z. \u201cHayat ya cesur bir macerad\u0131r ya da hi\u00e7bir \u015fey!\u201d Helen Keller &#8220;Hayat bir kitapt\u0131r ve gezip g\u00f6rmeyenler hep ayn\u0131 sayfay\u0131 okur.&#8221; St. Agustine <\/p>\n","protected":false},"excerpt":{"rendered":"<p>Nas\u0131l bu kadar \u00e7ok gezebiliyorum? Evren bana torpil mi ge\u00e7iyor? Hayat bana hep g\u00fczellikler mi sundu, yoksa ben bug\u00fcnk\u00fc hayat\u0131ma sahip olabilmek i\u00e7in \u00e7ok mu azmettim?<span class=\"excerpt-hellip\"> [\u2026]<\/span><\/p>\n","protected":false},"featured_media":0,"template":"","meta":{"_monsterinsights_skip_tracking":false,"_monsterinsights_sitenote_active":false,"_monsterinsights_sitenote_note":"","_monsterinsights_sitenote_category":0},"product_brand":[],"product_cat":[13701,12291],"product_tag":[],"class_list":{"0":"post-728448","1":"product","2":"type-product","3":"status-publish","5":"product_cat-ani-mektup-gunluk","6":"product_cat-edebiyat","7":"pa_cilt-ciltsiz","8":"pa_tur-kitap","9":"pa_yayinevi-atayurt-yayinlari","10":"pa_yazar-yaprak-gurdal","12":"first","13":"instock","14":"sale","15":"shipping-taxable","16":"purchasable","17":"product-type-simple"},"_links":{"self":[{"href":"https:\/\/roveyayinevi.com.tr\/index.php\/wp-json\/wp\/v2\/product\/728448","targetHints":{"allow":["GET"]}}],"collection":[{"href":"https:\/\/roveyayinevi.com.tr\/index.php\/wp-json\/wp\/v2\/product"}],"about":[{"href":"https:\/\/roveyayinevi.com.tr\/index.php\/wp-json\/wp\/v2\/types\/product"}],"wp:attachment":[{"href":"https:\/\/roveyayinevi.com.tr\/index.php\/wp-json\/wp\/v2\/media?parent=728448"}],"wp:term":[{"taxonomy":"product_brand","embeddable":true,"href":"https:\/\/roveyayinevi.com.tr\/index.php\/wp-json\/wp\/v2\/product_brand?post=728448"},{"taxonomy":"product_cat","embeddable":true,"href":"https:\/\/roveyayinevi.com.tr\/index.php\/wp-json\/wp\/v2\/product_cat?post=728448"},{"taxonomy":"product_tag","embeddable":true,"href":"https:\/\/roveyayinevi.com.tr\/index.php\/wp-json\/wp\/v2\/product_tag?post=728448"}],"curies":[{"name":"wp","href":"https:\/\/api.w.org\/{rel}","templated":true}]}}