{"id":728447,"date":"2025-08-27T20:39:48","date_gmt":"2025-08-27T17:39:48","guid":{"rendered":"https:\/\/roveyayinevi.com.tr\/index.php\/urun\/mahiri-sakin-uyandirmayin\/"},"modified":"2026-04-16T02:36:01","modified_gmt":"2026-04-15T23:36:01","slug":"mahiri-sakin-uyandirmayin","status":"publish","type":"product","link":"https:\/\/roveyayinevi.com.tr\/index.php\/urun\/mahiri-sakin-uyandirmayin\/","title":{"rendered":"Mahir\u2019i Sak\u0131n Uyand\u0131rmay\u0131n"},"content":{"rendered":"<p>\u00d6yk\u00fc kitaplar\u0131yla iyi bir \u00e7\u0131k\u0131\u015f yapan Serkan \u00dcst\u00fcner\u2019in ilk roman\u0131 Mahir\u2019i Sak\u0131n Uyand\u0131rmay\u0131n, Muhit Kitap\u2019taki yerini ald\u0131. Yo\u011fun i\u015f\u00e7ilik ve g\u00fc\u00e7l\u00fc anlat\u0131m, eserin ilk \u00f6zellikleri olarak dikkat \u00e7ekiyor. \u0130nsanlar\u0131n asl\u0131nda birbirlerine s\u00f6yleyecekleri hi\u00e7bir \u015fey yoktur, kar\u015f\u0131l\u0131kl\u0131 olarak yaln\u0131zca kendi ac\u0131lar\u0131n\u0131 anlat\u0131rlar, bu b\u00f6yledir. <\/p>\n","protected":false},"excerpt":{"rendered":"<p>\u00d6yk\u00fc kitaplar\u0131yla iyi bir \u00e7\u0131k\u0131\u015f yapan Serkan \u00dcst\u00fcner\u2019in ilk roman\u0131 Mahir\u2019i Sak\u0131n Uyand\u0131rmay\u0131n, Muhit Kitap\u2019taki yerini ald\u0131. Yo\u011fun i\u015f\u00e7ilik ve g\u00fc\u00e7l\u00fc anlat\u0131m, eserin ilk \u00f6zellikleri olarak<span class=\"excerpt-hellip\"> [\u2026]<\/span><\/p>\n","protected":false},"featured_media":0,"template":"","meta":{"_monsterinsights_skip_tracking":false,"_monsterinsights_sitenote_active":false,"_monsterinsights_sitenote_note":"","_monsterinsights_sitenote_category":0},"product_brand":[],"product_cat":[12291,12711],"product_tag":[],"class_list":{"0":"post-728447","1":"product","2":"type-product","3":"status-publish","5":"product_cat-edebiyat","6":"product_cat-roman-oyku","7":"pa_cilt-ciltsiz","8":"pa_tur-kitap","9":"pa_yayinevi-muhit-kitap","10":"pa_yazar-serkan-ustuner","12":"first","13":"instock","14":"sale","15":"shipping-taxable","16":"purchasable","17":"product-type-simple"},"_links":{"self":[{"href":"https:\/\/roveyayinevi.com.tr\/index.php\/wp-json\/wp\/v2\/product\/728447","targetHints":{"allow":["GET"]}}],"collection":[{"href":"https:\/\/roveyayinevi.com.tr\/index.php\/wp-json\/wp\/v2\/product"}],"about":[{"href":"https:\/\/roveyayinevi.com.tr\/index.php\/wp-json\/wp\/v2\/types\/product"}],"wp:attachment":[{"href":"https:\/\/roveyayinevi.com.tr\/index.php\/wp-json\/wp\/v2\/media?parent=728447"}],"wp:term":[{"taxonomy":"product_brand","embeddable":true,"href":"https:\/\/roveyayinevi.com.tr\/index.php\/wp-json\/wp\/v2\/product_brand?post=728447"},{"taxonomy":"product_cat","embeddable":true,"href":"https:\/\/roveyayinevi.com.tr\/index.php\/wp-json\/wp\/v2\/product_cat?post=728447"},{"taxonomy":"product_tag","embeddable":true,"href":"https:\/\/roveyayinevi.com.tr\/index.php\/wp-json\/wp\/v2\/product_tag?post=728447"}],"curies":[{"name":"wp","href":"https:\/\/api.w.org\/{rel}","templated":true}]}}