{"id":728446,"date":"2025-08-27T20:39:47","date_gmt":"2025-08-27T17:39:47","guid":{"rendered":"https:\/\/roveyayinevi.com.tr\/index.php\/urun\/dunyaya-misafir\/"},"modified":"2026-04-16T02:36:01","modified_gmt":"2026-04-15T23:36:01","slug":"dunyaya-misafir","status":"publish","type":"product","link":"https:\/\/roveyayinevi.com.tr\/index.php\/urun\/dunyaya-misafir\/","title":{"rendered":"D\u00fcnyaya Misafir"},"content":{"rendered":"<p>Muhit Kitap, gen\u00e7 isimlerin ilk eserlerini okuyucuyla bulu\u015fturmaya devam ediyor. \u015eiirde gelecek vaat eden Tayfun Do\u011fan\u2019\u0131n ilk \u015fiir kitab\u0131 D\u00fcnyaya Misafir, kitap\u00e7\u0131lardaki yerini ald\u0131. Hat\u0131rla, zor g\u00fcnlerin b\u0131rakt\u0131\u011f\u0131 izi Hat\u0131rla, annesiz bir evin sesini. <\/p>\n","protected":false},"excerpt":{"rendered":"<p>Muhit Kitap, gen\u00e7 isimlerin ilk eserlerini okuyucuyla bulu\u015fturmaya devam ediyor. \u015eiirde gelecek vaat eden Tayfun Do\u011fan\u2019\u0131n ilk \u015fiir kitab\u0131 D\u00fcnyaya Misafir, kitap\u00e7\u0131lardaki yerini ald\u0131. Hat\u0131rla, zor<span class=\"excerpt-hellip\"> [\u2026]<\/span><\/p>\n","protected":false},"featured_media":0,"template":"","meta":{"_monsterinsights_skip_tracking":false,"_monsterinsights_sitenote_active":false,"_monsterinsights_sitenote_note":"","_monsterinsights_sitenote_category":0},"product_brand":[],"product_cat":[12291,12509],"product_tag":[],"class_list":{"0":"post-728446","1":"product","2":"type-product","3":"status-publish","5":"product_cat-edebiyat","6":"product_cat-siir","7":"pa_cilt-ciltsiz","8":"pa_tur-kitap","9":"pa_yayinevi-muhit-kitap","10":"pa_yazar-tayfun-dogan","12":"first","13":"instock","14":"sale","15":"shipping-taxable","16":"purchasable","17":"product-type-simple"},"_links":{"self":[{"href":"https:\/\/roveyayinevi.com.tr\/index.php\/wp-json\/wp\/v2\/product\/728446","targetHints":{"allow":["GET"]}}],"collection":[{"href":"https:\/\/roveyayinevi.com.tr\/index.php\/wp-json\/wp\/v2\/product"}],"about":[{"href":"https:\/\/roveyayinevi.com.tr\/index.php\/wp-json\/wp\/v2\/types\/product"}],"wp:attachment":[{"href":"https:\/\/roveyayinevi.com.tr\/index.php\/wp-json\/wp\/v2\/media?parent=728446"}],"wp:term":[{"taxonomy":"product_brand","embeddable":true,"href":"https:\/\/roveyayinevi.com.tr\/index.php\/wp-json\/wp\/v2\/product_brand?post=728446"},{"taxonomy":"product_cat","embeddable":true,"href":"https:\/\/roveyayinevi.com.tr\/index.php\/wp-json\/wp\/v2\/product_cat?post=728446"},{"taxonomy":"product_tag","embeddable":true,"href":"https:\/\/roveyayinevi.com.tr\/index.php\/wp-json\/wp\/v2\/product_tag?post=728446"}],"curies":[{"name":"wp","href":"https:\/\/api.w.org\/{rel}","templated":true}]}}