{"id":728445,"date":"2025-08-27T20:39:46","date_gmt":"2025-08-27T17:39:46","guid":{"rendered":"https:\/\/roveyayinevi.com.tr\/index.php\/urun\/afganistan-mektuplari-evlat-babanin-sirridir\/"},"modified":"2025-08-30T12:49:30","modified_gmt":"2025-08-30T09:49:30","slug":"afganistan-mektuplari-evlat-babanin-sirridir","status":"publish","type":"product","link":"https:\/\/roveyayinevi.com.tr\/index.php\/urun\/afganistan-mektuplari-evlat-babanin-sirridir\/","title":{"rendered":"Afganistan Mektuplar\u0131  Evlat Baban\u0131n S\u0131rr\u0131d\u0131r"},"content":{"rendered":"<p>\u00d6yk\u00fc ve romanlar\u0131yla edebiyat\u0131m\u0131zda hakl\u0131 bir yer edinen Zeki Bulduk b\u00fct\u00fcn eserleriyle Muhit Kitap\u2019ta\u2026 Evlat Baban\u0131n S\u0131rr\u0131d\u0131r, Zeki Bulduk\u2019un Afganistan\u2019da g\u00f6revli iken ya\u015fad\u0131klar\u0131 ve \u015fahitliklerini i\u00e7eren mektuplardan olu\u015fuyor. Her mektup ayn\u0131 zamanda bir hik\u00e2ye anlam\u0131na geliyor. Mutlaka okumal\u0131s\u0131n\u0131z. \u0130nsan t\u00fckenmiyor, umudunu ve inanc\u0131n\u0131 kaybetmedik\u00e7e\u2026 Bir ah duydum, o sesin pe\u015fi s\u0131ra gittim Afganistan\u2019a. \u00d6l\u00fcm\u00fcn vizesinin verildi\u011fi, pasaportun son kez tasdik edildi\u011fi o \u00fclkede Hac\u0131 Ata\u2019y\u0131 dinledi\u011fimde g\u00f6z\u00fcm, kula\u011f\u0131m, idrakim a\u00e7\u0131ld\u0131. Dilim ba\u011fland\u0131. <\/p>\n","protected":false},"excerpt":{"rendered":"<p>\u00d6yk\u00fc ve romanlar\u0131yla edebiyat\u0131m\u0131zda hakl\u0131 bir yer edinen Zeki Bulduk b\u00fct\u00fcn eserleriyle Muhit Kitap\u2019ta\u2026 Evlat Baban\u0131n S\u0131rr\u0131d\u0131r, Zeki Bulduk\u2019un Afganistan\u2019da g\u00f6revli iken ya\u015fad\u0131klar\u0131 ve \u015fahitliklerini i\u00e7eren<span class=\"excerpt-hellip\"> [\u2026]<\/span><\/p>\n","protected":false},"featured_media":0,"template":"","meta":{"_monsterinsights_skip_tracking":false,"_monsterinsights_sitenote_active":false,"_monsterinsights_sitenote_note":"","_monsterinsights_sitenote_category":0},"product_brand":[],"product_cat":[13701,12291],"product_tag":[],"class_list":{"0":"post-728445","1":"product","2":"type-product","3":"status-publish","5":"product_cat-ani-mektup-gunluk","6":"product_cat-edebiyat","7":"pa_cilt-ciltsiz","8":"pa_tur-kitap","9":"pa_yayinevi-muhit-kitap","10":"pa_yazar-zeki-bulduk","12":"first","13":"instock","14":"sale","15":"shipping-taxable","16":"purchasable","17":"product-type-simple"},"_links":{"self":[{"href":"https:\/\/roveyayinevi.com.tr\/index.php\/wp-json\/wp\/v2\/product\/728445","targetHints":{"allow":["GET"]}}],"collection":[{"href":"https:\/\/roveyayinevi.com.tr\/index.php\/wp-json\/wp\/v2\/product"}],"about":[{"href":"https:\/\/roveyayinevi.com.tr\/index.php\/wp-json\/wp\/v2\/types\/product"}],"wp:attachment":[{"href":"https:\/\/roveyayinevi.com.tr\/index.php\/wp-json\/wp\/v2\/media?parent=728445"}],"wp:term":[{"taxonomy":"product_brand","embeddable":true,"href":"https:\/\/roveyayinevi.com.tr\/index.php\/wp-json\/wp\/v2\/product_brand?post=728445"},{"taxonomy":"product_cat","embeddable":true,"href":"https:\/\/roveyayinevi.com.tr\/index.php\/wp-json\/wp\/v2\/product_cat?post=728445"},{"taxonomy":"product_tag","embeddable":true,"href":"https:\/\/roveyayinevi.com.tr\/index.php\/wp-json\/wp\/v2\/product_tag?post=728445"}],"curies":[{"name":"wp","href":"https:\/\/api.w.org\/{rel}","templated":true}]}}