{"id":728444,"date":"2025-08-27T20:39:45","date_gmt":"2025-08-27T17:39:45","guid":{"rendered":"https:\/\/roveyayinevi.com.tr\/index.php\/urun\/din-ve-degisim\/"},"modified":"2026-04-16T02:36:01","modified_gmt":"2026-04-15T23:36:01","slug":"din-ve-degisim","status":"publish","type":"product","link":"https:\/\/roveyayinevi.com.tr\/index.php\/urun\/din-ve-degisim\/","title":{"rendered":"Din Ve De\u011fi\u015fim"},"content":{"rendered":"<p>Din ve De\u011fi\u015fim, sekiz y\u0131l\u0131 \u0130stanbul M\u00fcft\u00fcl\u00fc\u011f\u00fc olmak \u00fczere,  on d\u00f6rt y\u0131l din\u00ee g\u00f6revlerde bulunmu\u015f bir din adam\u0131 olan Prof. Dr. Mustafa \u00c7a\u011fr\u0131c\u0131\u2019n\u0131n, M\u00fcsl\u00fcman toplumlar\u0131n din, ahlak ve insan tasavvurlar\u0131 \u00fczerine g\u00f6zlem ve tespitlerini i\u00e7eriyor. Prof. Dr. \u00c7a\u011fr\u0131c\u0131, birbirinden kopar\u0131lan din ve ahlak kavramlar\u0131na dikkat \u00e7ekip ahlak\u00ee olmayan bir din ve dindarl\u0131k anlay\u0131\u015f\u0131na kar\u015f\u0131 \u00e7\u0131k\u0131yor. Ahlak merkezli M\u00fcsl\u00fcmanl\u0131\u011f\u0131n b\u0131rak\u0131l\u0131p, ahlak\u00ee \u00f6z\u00fc bo\u015falt\u0131lm\u0131\u015f f\u0131k\u0131h merkezli M\u00fcsl\u00fcmanl\u0131\u011fa hapsolman\u0131n sorunlar\u0131na de\u011finiyor. \u0130slam\u2019\u0131n kendisiyle M\u00fcsl\u00fcman pratiklerinin birbirine kar\u0131\u015ft\u0131r\u0131lmamas\u0131 gerekti\u011fini hat\u0131rlat\u0131yor. Tarihte M\u00fcsl\u00fcmanlar\u0131n olu\u015fturdu\u011fu miras\u0131 kutsay\u0131p dogmala\u015ft\u0131ran bug\u00fcnk\u00fc ulema zihniyetinden kurtulup ge\u00e7mi\u015fi daha \u00f6zg\u00fcrce ve daha rasyonel okumam\u0131z gerekti\u011fini savunuyor. Ve Prof. Dr. Mustafa \u00c7a\u011fr\u0131c\u0131 soruyor: G\u00fcn\u00fcm\u00fczde M\u00fcsl\u00fcmanlar ne kadar M\u00fcsl\u00fcman? Kitap, bug\u00fcn\u00fcn \u0130slam ve M\u00fcsl\u00fcmanl\u0131k anlay\u0131\u015flar\u0131na dair \u00f6nemli g\u00f6zlemler ve \u00e7\u00f6z\u00fcm \u00f6nerilerini tart\u0131\u015fan, i\u00e7eriden, de\u011ferli bir bak\u0131\u015f\u2026 <\/p>\n","protected":false},"excerpt":{"rendered":"<p>Din ve De\u011fi\u015fim, sekiz y\u0131l\u0131 \u0130stanbul M\u00fcft\u00fcl\u00fc\u011f\u00fc olmak \u00fczere, on d\u00f6rt y\u0131l din\u00ee g\u00f6revlerde bulunmu\u015f bir din adam\u0131 olan Prof. Dr. Mustafa \u00c7a\u011fr\u0131c\u0131\u2019n\u0131n, M\u00fcsl\u00fcman toplumlar\u0131n din,<span class=\"excerpt-hellip\"> [\u2026]<\/span><\/p>\n","protected":false},"featured_media":0,"template":"","meta":{"_monsterinsights_skip_tracking":false,"_monsterinsights_sitenote_active":false,"_monsterinsights_sitenote_note":"","_monsterinsights_sitenote_category":0},"product_brand":[],"product_cat":[13036,12718,12719],"product_tag":[],"class_list":{"0":"post-728444","1":"product","2":"type-product","3":"status-publish","5":"product_cat-arastirma-inceleme-islam","6":"product_cat-din","7":"product_cat-islam","8":"pa_cilt-ciltsiz","9":"pa_tur-kitap","10":"pa_yayinevi-dogan-kitap","11":"pa_yazar-mustafa-cagrici","13":"first","14":"instock","15":"sale","16":"shipping-taxable","17":"purchasable","18":"product-type-simple"},"_links":{"self":[{"href":"https:\/\/roveyayinevi.com.tr\/index.php\/wp-json\/wp\/v2\/product\/728444","targetHints":{"allow":["GET"]}}],"collection":[{"href":"https:\/\/roveyayinevi.com.tr\/index.php\/wp-json\/wp\/v2\/product"}],"about":[{"href":"https:\/\/roveyayinevi.com.tr\/index.php\/wp-json\/wp\/v2\/types\/product"}],"wp:attachment":[{"href":"https:\/\/roveyayinevi.com.tr\/index.php\/wp-json\/wp\/v2\/media?parent=728444"}],"wp:term":[{"taxonomy":"product_brand","embeddable":true,"href":"https:\/\/roveyayinevi.com.tr\/index.php\/wp-json\/wp\/v2\/product_brand?post=728444"},{"taxonomy":"product_cat","embeddable":true,"href":"https:\/\/roveyayinevi.com.tr\/index.php\/wp-json\/wp\/v2\/product_cat?post=728444"},{"taxonomy":"product_tag","embeddable":true,"href":"https:\/\/roveyayinevi.com.tr\/index.php\/wp-json\/wp\/v2\/product_tag?post=728444"}],"curies":[{"name":"wp","href":"https:\/\/api.w.org\/{rel}","templated":true}]}}