{"id":728443,"date":"2025-08-27T20:39:44","date_gmt":"2025-08-27T17:39:44","guid":{"rendered":"https:\/\/roveyayinevi.com.tr\/index.php\/urun\/holly-chasein-oteki-hayati\/"},"modified":"2026-04-16T02:36:01","modified_gmt":"2026-04-15T23:36:01","slug":"holly-chasein-oteki-hayati","status":"publish","type":"product","link":"https:\/\/roveyayinevi.com.tr\/index.php\/urun\/holly-chasein-oteki-hayati\/","title":{"rendered":"Holly Chase\u2019in \u00d6teki Hayat\u0131"},"content":{"rendered":"<p>Herkes ikinci bir \u015fans\u0131 hak eder. Zaman\u0131nda payla\u015fmazsan, t\u00fcm payla\u015famad\u0131klar\u0131n\u0131 hayat\u0131n\u0131n sonuna kadar uzaktan izlemeye tutsak edilirsin. Be\u015f y\u0131l \u00f6nce Noel arifesinde Holly&#8217;yi, ne kadar bencil ve \u015f\u0131mar\u0131k oldu\u011funu g\u00f6steren \u00fc\u00e7 hayalet ziyaret etti. Onu, do\u011fru yolu bulmas\u0131 i\u00e7in ikna etmeye \u00e7al\u0131\u015ft\u0131lar. Fakat o buna yana\u015fmad\u0131\u2026 Ve \u00f6l\u00fcverdi. \u015eimdi Ge\u00e7mi\u015f Noel Hayaleti olarak \u00e7al\u0131\u015f\u0131yor ve her y\u0131l ba\u015fka bencil ruhlar\u0131 kurtar\u0131yor. On yedi ya\u015f\u0131nda kalm\u0131\u015f halde, ailesi ve arkada\u015flar\u0131n\u0131n onsuz ge\u00e7irdikleri y\u0131llar\u0131 izliyor. \u00d6l\u00fcmden sonraki hayat\u0131 \u00e7ok berbat ge\u00e7iyor ama bu y\u0131l her \u015fey\u2026 sanki de\u011fi\u015fmek \u00fczere. Hem g\u00fcl\u00fcmsetecek hem duyguland\u0131racak hem de korkutacak, t\u0131pk\u0131 Charles Dickens\u2019\u0131n Bir Noel \u015eark\u0131s\u0131 gibi\u2026 New York Times listesinden d\u00fc\u015fmeyen Koruyucu serisinin yazar\u0131 Cynthia Hand, dertli d\u00fcnyam\u0131zda, ger\u00e7ek bir fark yaratmaya \u00e7al\u0131\u015fan Dickens\u2019a \u015fapka \u00e7\u0131kar\u0131yor. <\/p>\n","protected":false},"excerpt":{"rendered":"<p>Herkes ikinci bir \u015fans\u0131 hak eder. Zaman\u0131nda payla\u015fmazsan, t\u00fcm payla\u015famad\u0131klar\u0131n\u0131 hayat\u0131n\u0131n sonuna kadar uzaktan izlemeye tutsak edilirsin. Be\u015f y\u0131l \u00f6nce Noel arifesinde Holly&#8217;yi, ne kadar bencil<span class=\"excerpt-hellip\"> [\u2026]<\/span><\/p>\n","protected":false},"featured_media":0,"template":"","meta":{"_monsterinsights_skip_tracking":false,"_monsterinsights_sitenote_active":false,"_monsterinsights_sitenote_note":"","_monsterinsights_sitenote_category":0},"product_brand":[],"product_cat":[12291,14777],"product_tag":[],"class_list":{"0":"post-728443","1":"product","2":"type-product","3":"status-publish","5":"product_cat-edebiyat","6":"product_cat-fantastik","7":"pa_cilt-ciltsiz","8":"pa_tur-kitap","9":"pa_yayinevi-dex-yayinevi","10":"pa_yazar-cynthia-hand","12":"first","13":"instock","14":"sale","15":"shipping-taxable","16":"purchasable","17":"product-type-simple"},"_links":{"self":[{"href":"https:\/\/roveyayinevi.com.tr\/index.php\/wp-json\/wp\/v2\/product\/728443","targetHints":{"allow":["GET"]}}],"collection":[{"href":"https:\/\/roveyayinevi.com.tr\/index.php\/wp-json\/wp\/v2\/product"}],"about":[{"href":"https:\/\/roveyayinevi.com.tr\/index.php\/wp-json\/wp\/v2\/types\/product"}],"wp:attachment":[{"href":"https:\/\/roveyayinevi.com.tr\/index.php\/wp-json\/wp\/v2\/media?parent=728443"}],"wp:term":[{"taxonomy":"product_brand","embeddable":true,"href":"https:\/\/roveyayinevi.com.tr\/index.php\/wp-json\/wp\/v2\/product_brand?post=728443"},{"taxonomy":"product_cat","embeddable":true,"href":"https:\/\/roveyayinevi.com.tr\/index.php\/wp-json\/wp\/v2\/product_cat?post=728443"},{"taxonomy":"product_tag","embeddable":true,"href":"https:\/\/roveyayinevi.com.tr\/index.php\/wp-json\/wp\/v2\/product_tag?post=728443"}],"curies":[{"name":"wp","href":"https:\/\/api.w.org\/{rel}","templated":true}]}}