{"id":728440,"date":"2025-08-27T20:39:41","date_gmt":"2025-08-27T17:39:41","guid":{"rendered":"https:\/\/roveyayinevi.com.tr\/index.php\/urun\/alistigimiz-gibi-degil\/"},"modified":"2026-04-16T02:36:00","modified_gmt":"2026-04-15T23:36:00","slug":"alistigimiz-gibi-degil","status":"publish","type":"product","link":"https:\/\/roveyayinevi.com.tr\/index.php\/urun\/alistigimiz-gibi-degil\/","title":{"rendered":"Al\u0131\u015ft\u0131\u011f\u0131m\u0131z Gibi De\u011fil"},"content":{"rendered":"<p>\u201cAl\u0131\u015ft\u0131\u011f\u0131n\u0131z gibi de\u011fil, \u00fcstelik sadece al\u0131\u015ft\u0131\u011f\u0131n\u0131z gibi de\u011fil de\u011fil, bildi\u011finiz gibi de de\u011fil. O nedenle yeni bilgilerle d\u00f6nemin gerekliliklerine uygun yeni al\u0131\u015fkanl\u0131klar geli\u015ftirirken pusulalar\u0131m\u0131z\u0131 ayarlayaca\u011f\u0131m\u0131z ilkelere ihtiyac\u0131m\u0131z var.\u00c7ocuklar\u0131n\u0131z\u0131n gelecekte bug\u00fcnlerden hat\u0131rlayacaklar\u0131 \u015feyin s\u0131cak, kabul edici, ger\u00e7ek\u00e7i bir ev ortam\u0131 olmas\u0131n\u0131 istedi\u011finizden ku\u015fkum yok. Bu iste\u011finiz y\u00f6n\u00fcnde ad\u0131mlar atarken \u00e7ok yararlanaca\u011f\u0131n\u0131z bu kitap, su gibi ak\u0131p gidecek.\u201dProf. Dr. Yank\u0131 Yazgan<\/p>\n","protected":false},"excerpt":{"rendered":"<p>\u201cAl\u0131\u015ft\u0131\u011f\u0131n\u0131z gibi de\u011fil, \u00fcstelik sadece al\u0131\u015ft\u0131\u011f\u0131n\u0131z gibi de\u011fil de\u011fil, bildi\u011finiz gibi de de\u011fil. O nedenle yeni bilgilerle d\u00f6nemin gerekliliklerine uygun yeni al\u0131\u015fkanl\u0131klar geli\u015ftirirken pusulalar\u0131m\u0131z\u0131 ayarlayaca\u011f\u0131m\u0131z ilkelere<span class=\"excerpt-hellip\"> [\u2026]<\/span><\/p>\n","protected":false},"featured_media":0,"template":"","meta":{"_monsterinsights_skip_tracking":false,"_monsterinsights_sitenote_active":false,"_monsterinsights_sitenote_note":"","_monsterinsights_sitenote_category":0},"product_brand":[],"product_cat":[12679,12357],"product_tag":[],"class_list":{"0":"post-728440","1":"product","2":"type-product","3":"status-publish","5":"product_cat-cocuk-psikolojisi","6":"product_cat-psikoloji","7":"pa_cilt-ciltsiz","8":"pa_tur-kitap","9":"pa_yayinevi-inkilap-kitabevi","10":"pa_yazar-secil-akaygun-cuntay-sukran-ilimsever-basarir","12":"first","13":"instock","14":"sale","15":"shipping-taxable","16":"purchasable","17":"product-type-simple"},"_links":{"self":[{"href":"https:\/\/roveyayinevi.com.tr\/index.php\/wp-json\/wp\/v2\/product\/728440","targetHints":{"allow":["GET"]}}],"collection":[{"href":"https:\/\/roveyayinevi.com.tr\/index.php\/wp-json\/wp\/v2\/product"}],"about":[{"href":"https:\/\/roveyayinevi.com.tr\/index.php\/wp-json\/wp\/v2\/types\/product"}],"wp:attachment":[{"href":"https:\/\/roveyayinevi.com.tr\/index.php\/wp-json\/wp\/v2\/media?parent=728440"}],"wp:term":[{"taxonomy":"product_brand","embeddable":true,"href":"https:\/\/roveyayinevi.com.tr\/index.php\/wp-json\/wp\/v2\/product_brand?post=728440"},{"taxonomy":"product_cat","embeddable":true,"href":"https:\/\/roveyayinevi.com.tr\/index.php\/wp-json\/wp\/v2\/product_cat?post=728440"},{"taxonomy":"product_tag","embeddable":true,"href":"https:\/\/roveyayinevi.com.tr\/index.php\/wp-json\/wp\/v2\/product_tag?post=728440"}],"curies":[{"name":"wp","href":"https:\/\/api.w.org\/{rel}","templated":true}]}}