{"id":728438,"date":"2025-08-27T20:39:40","date_gmt":"2025-08-27T17:39:40","guid":{"rendered":"https:\/\/roveyayinevi.com.tr\/index.php\/urun\/mana-ruhun-dnasi\/"},"modified":"2026-04-13T02:44:44","modified_gmt":"2026-04-12T23:44:44","slug":"mana-ruhun-dnasi","status":"publish","type":"product","link":"https:\/\/roveyayinevi.com.tr\/index.php\/urun\/mana-ruhun-dnasi\/","title":{"rendered":"Mana &#8211; Ruhun DNA\u2019s\u0131"},"content":{"rendered":"<p>\u015eayet bu kitap, MANA, \u015fu anda elindeyse ve sen bu sat\u0131rlar\u0131 okuyorsan: Bu bir tesad\u00fcf de\u011fil. Hatta bir i\u015faret. Kendinden kendine uyan\u0131\u015f yolculu\u011funda bir ulak. Ya\u015fam\u0131n amac\u0131n\u0131 ve bu amac\u0131n i\u00e7inde senin manan\u0131 bulma arac\u0131n.Mana, Tanr\u0131lar\u0131n G\u0131das\u0131 olarak bilinir ve ruhsal DNA\u2019n arac\u0131l\u0131\u011f\u0131yla sana her g\u00fcndo\u011fumunda bah\u015fedilir. Bu kitap Canan isimli bir k\u0131z\u0131n \u00fcst benli\u011finin rehberli\u011finde Mana\u2019ya, yani ruhsal g\u00fcc\u00fcne uyan\u0131\u015f\u0131n\u0131n hik\u00e2yesidir: \u201cCehennemin ortas\u0131nda cennet, sava\u015f\u0131n i\u00e7inde bar\u0131\u015f yaratabilmen m\u00fcmk\u00fcn.\u201dBu kitab\u0131n tek bir amac\u0131 var, ba\u015f\u0131na gelen olaylar aras\u0131nda anlaml\u0131 ba\u011flar kurabilmen i\u00e7in sana zihinsel ve ruhsal ara\u00e7lar sunmak. Ya\u015fanm\u0131\u015f hik\u00e2yelerle d\u00fczene yeniden inan\u0131p g\u00fcvenmen i\u00e7in metaforlar yapmak. Bu da, ya\u015famda ba\u015f\u0131na ne gelirse gelsin sana hi\u00e7bir \u015feyin tesad\u00fcf olmad\u0131\u011f\u0131n\u0131 ve her \u015feyin senin b\u00fct\u00fcnsel anlamda geli\u015fimin i\u00e7in birer i\u015faret oldu\u011funu hat\u0131rlatacak. Zorlu zamanlarda sana dirayet, inan\u00e7 ve g\u00fcvenle yol alabilmen i\u00e7in g\u00fc\u00e7 verecek.E. Yeliz R\u00fczgar, bu kitapta kadim bilgelik s\u0131rlar\u0131n\u0131, holistik ya\u015fam ko\u00e7lu\u011fu ara\u00e7lar\u0131yla birle\u015ftirmi\u015f, kurgulanm\u0131\u015f ger\u00e7ek ya\u015fam hik\u00e2yelerini sade bir dille okuyucuya sunmu\u015ftur.Yeliz, modern d\u00fcnyada kadim bir bilge \u015fifac\u0131d\u0131r. Yapt\u0131\u011f\u0131 uluslararas\u0131 konu\u015fmalar\u0131yla binlerce ki\u015fiye bir sonraki versiyonlar\u0131na d\u00f6n\u00fc\u015f\u00fcmleri ve ya\u015fam ama\u00e7lar\u0131n\u0131 bulmalar\u0131 i\u00e7in ilham vermi\u015ftir.<\/p>\n","protected":false},"excerpt":{"rendered":"<p>\u015eayet bu kitap, MANA, \u015fu anda elindeyse ve sen bu sat\u0131rlar\u0131 okuyorsan: Bu bir tesad\u00fcf de\u011fil. Hatta bir i\u015faret. Kendinden kendine uyan\u0131\u015f yolculu\u011funda bir ulak. Ya\u015fam\u0131n<span class=\"excerpt-hellip\"> [\u2026]<\/span><\/p>\n","protected":false},"featured_media":0,"template":"","meta":{"_monsterinsights_skip_tracking":false,"_monsterinsights_sitenote_active":false,"_monsterinsights_sitenote_note":"","_monsterinsights_sitenote_category":0},"product_brand":[],"product_cat":[12364,12376],"product_tag":[],"class_list":{"0":"post-728438","1":"product","2":"type-product","3":"status-publish","5":"product_cat-genel-konular","6":"product_cat-kisisel-gelisim","7":"pa_cilt-ciltsiz","8":"pa_tur-kitap","9":"pa_yayinevi-destek-yayinlari","10":"pa_yazar-e-yeliz-ruzgar","12":"first","13":"instock","14":"sale","15":"shipping-taxable","16":"purchasable","17":"product-type-simple"},"_links":{"self":[{"href":"https:\/\/roveyayinevi.com.tr\/index.php\/wp-json\/wp\/v2\/product\/728438","targetHints":{"allow":["GET"]}}],"collection":[{"href":"https:\/\/roveyayinevi.com.tr\/index.php\/wp-json\/wp\/v2\/product"}],"about":[{"href":"https:\/\/roveyayinevi.com.tr\/index.php\/wp-json\/wp\/v2\/types\/product"}],"wp:attachment":[{"href":"https:\/\/roveyayinevi.com.tr\/index.php\/wp-json\/wp\/v2\/media?parent=728438"}],"wp:term":[{"taxonomy":"product_brand","embeddable":true,"href":"https:\/\/roveyayinevi.com.tr\/index.php\/wp-json\/wp\/v2\/product_brand?post=728438"},{"taxonomy":"product_cat","embeddable":true,"href":"https:\/\/roveyayinevi.com.tr\/index.php\/wp-json\/wp\/v2\/product_cat?post=728438"},{"taxonomy":"product_tag","embeddable":true,"href":"https:\/\/roveyayinevi.com.tr\/index.php\/wp-json\/wp\/v2\/product_tag?post=728438"}],"curies":[{"name":"wp","href":"https:\/\/api.w.org\/{rel}","templated":true}]}}