{"id":728437,"date":"2025-08-27T20:39:39","date_gmt":"2025-08-27T17:39:39","guid":{"rendered":"https:\/\/roveyayinevi.com.tr\/index.php\/urun\/doganin-kutsal-geometrisi\/"},"modified":"2026-04-16T02:36:00","modified_gmt":"2026-04-15T23:36:00","slug":"doganin-kutsal-geometrisi","status":"publish","type":"product","link":"https:\/\/roveyayinevi.com.tr\/index.php\/urun\/doganin-kutsal-geometrisi\/","title":{"rendered":"Do\u011fan\u0131n Kutsal Geometrisi"},"content":{"rendered":"<p>\u201c\u0130lham akl\u0131n de\u011fil kalbin zek\u00e2s\u0131ndan do\u011far.\u201dKutsal sembolleri bilin\u00e7 \u00e7al\u0131\u015fmalar\u0131n\u0131n modeli olarak 35 y\u0131l\u0131 a\u015fk\u0131n s\u00fcredir kullanan ve uluslararas\u0131 alanda tan\u0131nan vizyoner ressam Francene Hart bu kitapta bizleri, Do\u011fa\u2019n\u0131n gizli d\u00fczenini ke\u015ffetmeye ve bilincimizi geli\u015ftirmek i\u00e7in sembollerin enerjisini deneyimlemeye davet ediyor.Hart\u2019\u0131n karma\u015f\u0131k suluboya resimlerinin tam renkli reprod\u00fcksiyonunu ve bu resimlerin ard\u0131ndaki hik\u00e2yeleri i\u00e7eren bu kitap evrensel bilince kozmik bir bak\u0131\u015f a\u00e7\u0131s\u0131 sunuyor. Joseph Campbell ve C. G. Jung\u2019un \u00e7al\u0131\u015fmalar\u0131n\u0131n ke\u015ffiyle ba\u015flayan ser\u00fcven, Amazon Ormanlar\u0131, Orta Amerika, M\u0131s\u0131r, \u0130ngiltere, \u0130sko\u00e7ya, Paris, Kambo\u00e7ya ve Himalayalara kadar uzan\u0131yor.Kutsal geometrinin matematiksel kesinli\u011fini ve do\u011fa\u00fcst\u00fc esrar\u0131n\u0131 m\u00fckemmel bir \u015fekilde harmanlayan \u00f6nsezili \u015famanik bir yol haritas\u0131na \u00e7eviriyor. Suyun bilincini, Toprak Ana\u2019n\u0131n kutsall\u0131\u011f\u0131n\u0131, ba\u015fka canl\u0131lar\u0131n benli\u011fini, imgelerin do\u011fas\u0131n\u0131 ve her \u015feyin birbirine ba\u011fl\u0131l\u0131\u011f\u0131n\u0131 birer ilham kayna\u011f\u0131na d\u00f6n\u00fc\u015ft\u00fcr\u00fcyor.Ak\u0131ldan ziyade kalbin zek\u00e2s\u0131na odaklanan ressam jaguar, kuzgun, ahtapot ve yunus gibi g\u00fc\u00e7l\u00fc hayvanlar ve ruhsal rehberlerin verdi\u011fi enerjileri ara\u015ft\u0131rmak i\u00e7in yollara d\u00fc\u015f\u00fcyor, yarat\u0131c\u0131 esinlenme ve \u00f6ng\u00f6r\u00fc i\u00e7in bu sezgisel g\u00fc\u00e7lerden nas\u0131l yararlan\u0131laca\u011f\u0131n\u0131 anlat\u0131yor.Gizemli kutsal yolu izleyerek zamans\u0131z ve mek\u00e2ns\u0131z bir ser\u00fcvene kat\u0131lmaya haz\u0131r m\u0131s\u0131n\u0131z?\u201cFrancene Hart, tabiat\u0131n\u0131z\u0131 ve d\u00fcnyayla ba\u011f\u0131n\u0131z\u0131 daha iyi anlaman\u0131z i\u00e7in, sizi kendi hayat\u0131n\u0131z\u0131 oldu\u011fu kadar evrenin daha geni\u015f kal\u0131plar\u0131n\u0131 incelemeye te\u015fvik ediyor. G\u00f6rkemli suluboyalar\u0131 ruhani a\u00e7\u0131dan ilham verici.\u201d \u2013 Feminist Review\u201cFrancene Hart\u2019\u0131n \u00e7a\u011fr\u0131\u015f\u0131mc\u0131 tasvirleri, evrensel bilince kozmik bir bak\u0131\u015f a\u00e7\u0131s\u0131 sa\u011flamak i\u00e7in geometrik sembolizmi b\u00fct\u00fcnleyici, yat\u0131\u015ft\u0131r\u0131c\u0131 sanatla birle\u015ftiriyor.\u201d \u2013 Retailing Insight<\/p>\n","protected":false},"excerpt":{"rendered":"<p>\u201c\u0130lham akl\u0131n de\u011fil kalbin zek\u00e2s\u0131ndan do\u011far.\u201dKutsal sembolleri bilin\u00e7 \u00e7al\u0131\u015fmalar\u0131n\u0131n modeli olarak 35 y\u0131l\u0131 a\u015fk\u0131n s\u00fcredir kullanan ve uluslararas\u0131 alanda tan\u0131nan vizyoner ressam Francene Hart bu kitapta<span class=\"excerpt-hellip\"> [\u2026]<\/span><\/p>\n","protected":false},"featured_media":0,"template":"","meta":{"_monsterinsights_skip_tracking":false,"_monsterinsights_sitenote_active":false,"_monsterinsights_sitenote_note":"","_monsterinsights_sitenote_category":0},"product_brand":[],"product_cat":[13005,13010],"product_tag":[],"class_list":{"0":"post-728437","1":"product","2":"type-product","3":"status-publish","5":"product_cat-bilim-muhendislik","6":"product_cat-doga-bilimleri","7":"pa_cilt-ciltsiz","8":"pa_tur-kitap","9":"pa_yayinevi-beyaz-baykus-yayinlari","10":"pa_yazar-francene-hart","12":"first","13":"instock","14":"sale","15":"shipping-taxable","16":"purchasable","17":"product-type-simple"},"_links":{"self":[{"href":"https:\/\/roveyayinevi.com.tr\/index.php\/wp-json\/wp\/v2\/product\/728437","targetHints":{"allow":["GET"]}}],"collection":[{"href":"https:\/\/roveyayinevi.com.tr\/index.php\/wp-json\/wp\/v2\/product"}],"about":[{"href":"https:\/\/roveyayinevi.com.tr\/index.php\/wp-json\/wp\/v2\/types\/product"}],"wp:attachment":[{"href":"https:\/\/roveyayinevi.com.tr\/index.php\/wp-json\/wp\/v2\/media?parent=728437"}],"wp:term":[{"taxonomy":"product_brand","embeddable":true,"href":"https:\/\/roveyayinevi.com.tr\/index.php\/wp-json\/wp\/v2\/product_brand?post=728437"},{"taxonomy":"product_cat","embeddable":true,"href":"https:\/\/roveyayinevi.com.tr\/index.php\/wp-json\/wp\/v2\/product_cat?post=728437"},{"taxonomy":"product_tag","embeddable":true,"href":"https:\/\/roveyayinevi.com.tr\/index.php\/wp-json\/wp\/v2\/product_tag?post=728437"}],"curies":[{"name":"wp","href":"https:\/\/api.w.org\/{rel}","templated":true}]}}