{"id":728436,"date":"2025-08-27T20:39:38","date_gmt":"2025-08-27T17:39:38","guid":{"rendered":"https:\/\/roveyayinevi.com.tr\/index.php\/urun\/coco-chanel-moda-gecer-stil-kalir\/"},"modified":"2026-04-16T02:36:00","modified_gmt":"2026-04-15T23:36:00","slug":"coco-chanel-moda-gecer-stil-kalir","status":"publish","type":"product","link":"https:\/\/roveyayinevi.com.tr\/index.php\/urun\/coco-chanel-moda-gecer-stil-kalir\/","title":{"rendered":"Coco Chanel-Moda Ge\u00e7er, Stil Kal\u0131r"},"content":{"rendered":"<p>\u201cBaz\u0131 insanlar l\u00fcks\u00fcn fakirli\u011fin kar\u015f\u0131t\u0131 oldu\u011funu d\u00fc\u015f\u00fcn\u00fcyor. Oysa l\u00fcks, baya\u011f\u0131l\u0131\u011f\u0131n kar\u015f\u0131t\u0131d\u0131r.\u201d \u2013Coco Chanel   Talihsizliklerle ba\u015flad\u0131\u011f\u0131 hayat\u0131na g\u00f6steri\u015fli, \u0131\u015f\u0131lt\u0131l\u0131 ve kalabal\u0131k bir d\u00fcnyada devam etti Coco Chanel\u2026 Elinden hi\u00e7 d\u00fc\u015f\u00fcrmedi\u011fi makas\u0131yla modaya, kad\u0131na ve \u00f6zg\u00fcrl\u00fc\u011fe y\u00f6n verdi. K\u0131yafette ve 20. y\u00fczy\u0131l kad\u0131n stilinde bir devrim yaratt\u0131. Onun hedefi s\u0131radan bir terzi olmak de\u011fil y\u00fczy\u0131llarca ad\u0131n\u0131 ta\u015f\u0131yacak ve \u00f6zg\u00fcr kad\u0131n imaj\u0131na hitap edecek bir marka yaratmakt\u0131. Bunu ba\u015farmak i\u00e7in verdi\u011fi m\u00fccadelede hi\u00e7 pes etmedi, hi\u00e7 yorulmad\u0131, sadece \u00e7al\u0131\u015ft\u0131. Coco Chanel\u2019in ilham veren \u00e7alkant\u0131l\u0131 ve moda tarihini de\u011fi\u015ftiren kararlara imza att\u0131\u011f\u0131 ya\u015fam\u00f6yk\u00fcs\u00fcn\u00fc soluksuz okuyacaks\u0131n\u0131z. <\/p>\n","protected":false},"excerpt":{"rendered":"<p>\u201cBaz\u0131 insanlar l\u00fcks\u00fcn fakirli\u011fin kar\u015f\u0131t\u0131 oldu\u011funu d\u00fc\u015f\u00fcn\u00fcyor. Oysa l\u00fcks, baya\u011f\u0131l\u0131\u011f\u0131n kar\u015f\u0131t\u0131d\u0131r.\u201d \u2013Coco Chanel Talihsizliklerle ba\u015flad\u0131\u011f\u0131 hayat\u0131na g\u00f6steri\u015fli, \u0131\u015f\u0131lt\u0131l\u0131 ve kalabal\u0131k bir d\u00fcnyada devam etti Coco Chanel\u2026<span class=\"excerpt-hellip\"> [\u2026]<\/span><\/p>\n","protected":false},"featured_media":0,"template":"","meta":{"_monsterinsights_skip_tracking":false,"_monsterinsights_sitenote_active":false,"_monsterinsights_sitenote_note":"","_monsterinsights_sitenote_category":0},"product_brand":[],"product_cat":[14009,12291],"product_tag":[],"class_list":{"0":"post-728436","1":"product","2":"type-product","3":"status-publish","5":"product_cat-biyografi-otobiyografi-edebiyat","6":"product_cat-edebiyat","7":"pa_cilt-ciltsiz","8":"pa_tur-kitap","9":"pa_yayinevi-destek-yayinlari","10":"pa_yazar-zeynep-tutuncu-gungor","12":"first","13":"instock","14":"sale","15":"shipping-taxable","16":"purchasable","17":"product-type-simple"},"_links":{"self":[{"href":"https:\/\/roveyayinevi.com.tr\/index.php\/wp-json\/wp\/v2\/product\/728436","targetHints":{"allow":["GET"]}}],"collection":[{"href":"https:\/\/roveyayinevi.com.tr\/index.php\/wp-json\/wp\/v2\/product"}],"about":[{"href":"https:\/\/roveyayinevi.com.tr\/index.php\/wp-json\/wp\/v2\/types\/product"}],"wp:attachment":[{"href":"https:\/\/roveyayinevi.com.tr\/index.php\/wp-json\/wp\/v2\/media?parent=728436"}],"wp:term":[{"taxonomy":"product_brand","embeddable":true,"href":"https:\/\/roveyayinevi.com.tr\/index.php\/wp-json\/wp\/v2\/product_brand?post=728436"},{"taxonomy":"product_cat","embeddable":true,"href":"https:\/\/roveyayinevi.com.tr\/index.php\/wp-json\/wp\/v2\/product_cat?post=728436"},{"taxonomy":"product_tag","embeddable":true,"href":"https:\/\/roveyayinevi.com.tr\/index.php\/wp-json\/wp\/v2\/product_tag?post=728436"}],"curies":[{"name":"wp","href":"https:\/\/api.w.org\/{rel}","templated":true}]}}