{"id":728435,"date":"2025-08-27T20:39:37","date_gmt":"2025-08-27T17:39:37","guid":{"rendered":"https:\/\/roveyayinevi.com.tr\/index.php\/urun\/kelebegin-ruhu\/"},"modified":"2026-04-16T02:36:00","modified_gmt":"2026-04-15T23:36:00","slug":"kelebegin-ruhu","status":"publish","type":"product","link":"https:\/\/roveyayinevi.com.tr\/index.php\/urun\/kelebegin-ruhu\/","title":{"rendered":"Kelebe\u011fin Ruhu"},"content":{"rendered":"<p>ONU B\u00dcY\u00dcK YAPAN NEYD\u0130? Muhammed Ali, ringlerde d\u00fcnyan\u0131n en efsanevi d\u00f6v\u00fc\u015f\u00e7\u00fclerinden biri olarak tan\u0131nd\u0131. Ama onun b\u00fcy\u00fck yapan as\u0131l m\u00fccadelesi ringin d\u0131\u015f\u0131ndayd\u0131. \u0130smi Cassius Clay idi. M\u00fcsl\u00fcman olduktan sonra Muhammed Ali olarak tan\u0131nd\u0131. Dini i\u00e7in sava\u015ft\u0131, \u0131rk\u0131 i\u00e7in m\u00fccadele verdi. Vietnam sava\u015f\u0131nda D\u00fcnya A\u011f\u0131rsiklet Boks \u015eampiyonu unvan\u0131ndan oldu ve \u00f6zg\u00fcrl\u00fc\u011f\u00fcn\u00fc tehlikeye att\u0131. Boksun ard\u0131ndan ise Parkinson hastal\u0131\u011f\u0131 ile m\u00fccadelesi ba\u015flad\u0131. Yine y\u0131lmad\u0131. Kelebe\u011fin Ruhu\u2019nda, Muhammed Ali hayattan \u00f6\u011frendiklerini, m\u00fccadelelerinden edindiklerini d\u00fcnya ile payla\u015f\u0131yor. O, do\u011frular\u0131 \u0130slam\u2019dan \u00f6\u011frendi. Sonunda D\u00fcnya Bar\u0131\u015f El\u00e7isi unvan\u0131yla d\u00fcnyaya bar\u0131\u015f\u0131 yaymaya \u00e7al\u0131\u015ft\u0131. Bu kitapta b\u00fcy\u00fck bir insan\u0131n hayat hikayesini okuyacaks\u0131n\u0131z. \u0130nanc\u0131yla b\u00fcy\u00fck olmu\u015f bir insan\u0131n. \u201cRuhum y\u0131llar i\u00e7inde b\u00fcy\u00fcd\u00fc ve baz\u0131 g\u00f6r\u00fc\u015flerim de\u011fi\u015fti. Hayatta oldu\u011fum s\u00fcrece daha da fazla \u015feyi anlamaya \u00e7al\u0131\u015faca\u011f\u0131m \u00e7\u00fcnk\u00fc kalbin i\u015fleri asla bitmez. Hayat\u0131m boyunca s\u0131nand\u0131m. Cesaretim s\u0131nand\u0131, g\u00fcc\u00fcm s\u0131nand\u0131. \u015eimdi ise sabr\u0131m ve tahamm\u00fcl\u00fcm s\u0131nan\u0131yor. \u0130nan\u0131yorum ki yoldaki her ad\u0131mda Allah da benimle birlikte oldu. Ve \u015fimdi benimle oldu\u011funu her zamankinden daha iyi biliyorum. Hayat\u0131m\u0131 her seferinde tek bir ad\u0131m, tek bir nefes ve tek bir an olarak ya\u015famay\u0131 \u00f6\u011frendim. Yine de uzun bir yol oldu. Sevginin, hakikatin pe\u015finde olman\u0131n, bar\u0131\u015f\u0131n ve anlay\u0131\u015f\u0131n yolculu\u011funa koyuldum <\/p>\n","protected":false},"excerpt":{"rendered":"<p>ONU B\u00dcY\u00dcK YAPAN NEYD\u0130? Muhammed Ali, ringlerde d\u00fcnyan\u0131n en efsanevi d\u00f6v\u00fc\u015f\u00e7\u00fclerinden biri olarak tan\u0131nd\u0131. Ama onun b\u00fcy\u00fck yapan as\u0131l m\u00fccadelesi ringin d\u0131\u015f\u0131ndayd\u0131. \u0130smi Cassius Clay idi.<span class=\"excerpt-hellip\"> [\u2026]<\/span><\/p>\n","protected":false},"featured_media":0,"template":"","meta":{"_monsterinsights_skip_tracking":false,"_monsterinsights_sitenote_active":false,"_monsterinsights_sitenote_note":"","_monsterinsights_sitenote_category":0},"product_brand":[],"product_cat":[14009,12291],"product_tag":[],"class_list":{"0":"post-728435","1":"product","2":"type-product","3":"status-publish","5":"product_cat-biyografi-otobiyografi-edebiyat","6":"product_cat-edebiyat","7":"pa_cilt-ciltsiz","8":"pa_tur-kitap","9":"pa_yayinevi-ketebe-yayinlari","10":"pa_yazar-muhammed-ali-hana-yasmeen-ali","12":"first","13":"instock","14":"sale","15":"shipping-taxable","16":"purchasable","17":"product-type-simple"},"_links":{"self":[{"href":"https:\/\/roveyayinevi.com.tr\/index.php\/wp-json\/wp\/v2\/product\/728435","targetHints":{"allow":["GET"]}}],"collection":[{"href":"https:\/\/roveyayinevi.com.tr\/index.php\/wp-json\/wp\/v2\/product"}],"about":[{"href":"https:\/\/roveyayinevi.com.tr\/index.php\/wp-json\/wp\/v2\/types\/product"}],"wp:attachment":[{"href":"https:\/\/roveyayinevi.com.tr\/index.php\/wp-json\/wp\/v2\/media?parent=728435"}],"wp:term":[{"taxonomy":"product_brand","embeddable":true,"href":"https:\/\/roveyayinevi.com.tr\/index.php\/wp-json\/wp\/v2\/product_brand?post=728435"},{"taxonomy":"product_cat","embeddable":true,"href":"https:\/\/roveyayinevi.com.tr\/index.php\/wp-json\/wp\/v2\/product_cat?post=728435"},{"taxonomy":"product_tag","embeddable":true,"href":"https:\/\/roveyayinevi.com.tr\/index.php\/wp-json\/wp\/v2\/product_tag?post=728435"}],"curies":[{"name":"wp","href":"https:\/\/api.w.org\/{rel}","templated":true}]}}