{"id":728434,"date":"2025-08-27T20:39:36","date_gmt":"2025-08-27T17:39:36","guid":{"rendered":"https:\/\/roveyayinevi.com.tr\/index.php\/urun\/turkiye-cumhuriyetinde-1961-1980-guc-odaklarinin-mucadelesi\/"},"modified":"2026-04-16T02:36:00","modified_gmt":"2026-04-15T23:36:00","slug":"turkiye-cumhuriyetinde-1961-1980-guc-odaklarinin-mucadelesi","status":"publish","type":"product","link":"https:\/\/roveyayinevi.com.tr\/index.php\/urun\/turkiye-cumhuriyetinde-1961-1980-guc-odaklarinin-mucadelesi\/","title":{"rendered":"T\u00fcrkiye Cumhuriyeti\u2019nde 1961-1980 G\u00fc\u00e7 Odaklar\u0131n\u0131n M\u00fccadelesi"},"content":{"rendered":"<p>Bu kitap \u201cG\u00fc\u00e7 Odaklar\u0131n\u0131n M\u00fccadelesi\u201d serisinin \u00fc\u00e7\u00fcnc\u00fc kitab\u0131d\u0131r. Kitapta 1961-1980 y\u0131llar\u0131 aras\u0131ndaki olaylar ele al\u0131nmaktad\u0131r. Bu d\u00f6nem, \u00e7alkant\u0131l\u0131, istikrars\u0131z, ac\u0131lar\u0131n ya\u015fand\u0131\u011f\u0131 ve h\u00e2l\u00e2 a\u00e7\u0131kl\u0131\u011fa kavu\u015fturulamam\u0131\u015f olaylar\u0131n oldu\u011fu bir d\u00f6nemdir. William Faulkner\u2019in dedi\u011fi gibi, \u201cGe\u00e7mi\u015f asla \u00f6l\u00fc de\u011fildir, ge\u00e7mi\u015f, ge\u00e7mi\u015f bile de\u011fildir.\u201d Ancak tarih insanl\u0131\u011f\u0131n ge\u00e7mi\u015ften hi\u00e7bir \u015fey \u00f6\u011frenmedi\u011fini de g\u00f6stermektedir. Umar\u0131z bu kitap bu d\u00fc\u015f\u00fcncenin aksinin olu\u015fumuna katk\u0131 sa\u011flar. Bu kitapta ya\u015fanan olaylar, olgularla desteklenen neden ve sonu\u00e7 ili\u015fkileri \u00e7er\u00e7evesinde incelenmeye \u00e7al\u0131\u015f\u0131lmaktad\u0131r: Adnan Menderes, 25 May\u0131s 1960 g\u00fcn\u00fc erken se\u00e7im karar\u0131 al\u0131nd\u0131\u011f\u0131n\u0131 a\u00e7\u0131klasayd\u0131 ne olurdu? Talat Aydemir\u2019in 22 \u015eubat 1962 darbe giri\u015fiminde ya\u015fan\u0131lan en kritik an neydi? 1961\u2019de kurulan T\u00fcrkiye \u0130\u015f\u00e7i Partisi, ba\u015far\u0131l\u0131 olsayd\u0131, T\u00fcrkiye yine de sa\u011f-sol \u00e7at\u0131\u015fmas\u0131n\u0131n i\u00e7erisine girer miydi? 12 Mart S\u0131k\u0131y\u00f6netim Mahkemelerinde g\u00f6r\u00fclen davalar\u0131n as\u0131l hedefinde kimler vard\u0131? K\u0131br\u0131s Bar\u0131\u015f Harek\u00e2t\u0131\u2019n\u0131n ba\u015far\u0131s\u0131n\u0131n arkas\u0131nda hangi nedenler bulunmaktayd\u0131? K\u0131br\u0131s Bar\u0131\u015f Harek\u00e2t\u0131\u2019nda Kocatepe Muhribi nas\u0131l bat\u0131r\u0131ld\u0131? Siyasal \u0130slam nedir? Milli Nizam Partisi\u2019nin kurulu\u015funda fikir babal\u0131\u011f\u0131n\u0131 kim oynad\u0131? B\u00fclent Ecevit\u2019in 18 Eyl\u00fcl 1974\u2019te ba\u015fbakanl\u0131ktan istifa etmesi bir siyasal gaf m\u0131yd\u0131? S\u00fcleyman Demirel, Amerika\u2019n\u0131n 1974\u2019te uygulad\u0131\u011f\u0131 silah ambargosuna kar\u015f\u0131 nas\u0131l tepki verdi? 5 Haziran 1977 se\u00e7imlerine be\u015f hafta kala, 1 May\u0131s 1977 g\u00fcn\u00fc ya\u015fan\u0131lan Taksim Olaylar\u0131\u2019n\u0131n amac\u0131 ne olabilirdi? Kontrgerilla bilmecesi nedir? B\u00fclent Ecevit, ABD\u2019nin hangi durumlarda di\u011fer \u00fclkelerin i\u00e7i\u015flerine m\u00fcdahale etti\u011fini d\u00fc\u015f\u00fcn\u00fcyordu? B\u00fclent Ecevit, Demirel\u2019in yetkileri art\u0131r\u0131lm\u0131\u015f cumhurba\u015fkan\u0131n\u0131n halkoyu ile se\u00e7ilmesi teklifini neden reddetti? 12 Eyl\u00fcl darbesi ile \u00fclkenin i\u00e7inde bulundu\u011fu ekonomik krizin ili\u015fkisi nedir? 11 Eyl\u00fcl g\u00fcn\u00fc devam eden anar\u015fi, 12 Eyl\u00fcl sabah\u0131 nas\u0131l bir b\u0131\u00e7ak gibi kesildi? <\/p>\n","protected":false},"excerpt":{"rendered":"<p>Bu kitap \u201cG\u00fc\u00e7 Odaklar\u0131n\u0131n M\u00fccadelesi\u201d serisinin \u00fc\u00e7\u00fcnc\u00fc kitab\u0131d\u0131r. Kitapta 1961-1980 y\u0131llar\u0131 aras\u0131ndaki olaylar ele al\u0131nmaktad\u0131r. Bu d\u00f6nem, \u00e7alkant\u0131l\u0131, istikrars\u0131z, ac\u0131lar\u0131n ya\u015fand\u0131\u011f\u0131 ve h\u00e2l\u00e2 a\u00e7\u0131kl\u0131\u011fa kavu\u015fturulamam\u0131\u015f olaylar\u0131n<span class=\"excerpt-hellip\"> [\u2026]<\/span><\/p>\n","protected":false},"featured_media":0,"template":"","meta":{"_monsterinsights_skip_tracking":false,"_monsterinsights_sitenote_active":false,"_monsterinsights_sitenote_note":"","_monsterinsights_sitenote_category":0},"product_brand":[],"product_cat":[13590,12337],"product_tag":[],"class_list":{"0":"post-728434","1":"product","2":"type-product","3":"status-publish","5":"product_cat-arastirma-inceleme-politika-siyaset","6":"product_cat-politika-siyaset","7":"pa_cilt-ciltsiz","8":"pa_tur-kitap","9":"pa_yayinevi-kirmizi-kedi-yayinevi","10":"pa_yazar-ilker-basbug","12":"first","13":"instock","14":"sale","15":"shipping-taxable","16":"purchasable","17":"product-type-simple"},"_links":{"self":[{"href":"https:\/\/roveyayinevi.com.tr\/index.php\/wp-json\/wp\/v2\/product\/728434","targetHints":{"allow":["GET"]}}],"collection":[{"href":"https:\/\/roveyayinevi.com.tr\/index.php\/wp-json\/wp\/v2\/product"}],"about":[{"href":"https:\/\/roveyayinevi.com.tr\/index.php\/wp-json\/wp\/v2\/types\/product"}],"wp:attachment":[{"href":"https:\/\/roveyayinevi.com.tr\/index.php\/wp-json\/wp\/v2\/media?parent=728434"}],"wp:term":[{"taxonomy":"product_brand","embeddable":true,"href":"https:\/\/roveyayinevi.com.tr\/index.php\/wp-json\/wp\/v2\/product_brand?post=728434"},{"taxonomy":"product_cat","embeddable":true,"href":"https:\/\/roveyayinevi.com.tr\/index.php\/wp-json\/wp\/v2\/product_cat?post=728434"},{"taxonomy":"product_tag","embeddable":true,"href":"https:\/\/roveyayinevi.com.tr\/index.php\/wp-json\/wp\/v2\/product_tag?post=728434"}],"curies":[{"name":"wp","href":"https:\/\/api.w.org\/{rel}","templated":true}]}}