{"id":728433,"date":"2025-08-27T20:39:35","date_gmt":"2025-08-27T17:39:35","guid":{"rendered":"https:\/\/roveyayinevi.com.tr\/index.php\/urun\/muslum-hangimiz-sevmedik\/"},"modified":"2026-04-16T02:36:00","modified_gmt":"2026-04-15T23:36:00","slug":"muslum-hangimiz-sevmedik","status":"publish","type":"product","link":"https:\/\/roveyayinevi.com.tr\/index.php\/urun\/muslum-hangimiz-sevmedik\/","title":{"rendered":"M\u00fcsl\u00fcm \u2013 Hangimiz Sevmedik"},"content":{"rendered":"<p>\u201c\u0130stiyorum ki herkes; do\u011frulu\u011fun, iyili\u011fin, karde\u015fli\u011fin, bar\u0131\u015f\u0131n efendisi olsun.\u201d M\u00fcsl\u00fcm G\u00fcrses Urfa\u2019n\u0131n F\u0131st\u0131k\u00f6z\u00fc k\u00f6y\u00fcnde ba\u015flayan yolculuk ve hi\u00e7 kesintiye u\u011framayan hayaller, M\u00fcsl\u00fcm Akba\u015f\u2019\u0131 \u00f6nce M\u00fcsl\u00fcm G\u00fcrses yapar sonra da al\u0131p \u0130stanbul\u2019a g\u00f6t\u00fcr\u00fcr. Orhan Gencebay, plak\u00e7\u0131 bir arkada\u015f\u0131n\u0131n tavsiyesi \u00fczerine M\u00fcsl\u00fcm G\u00fcrses\u2019in pla\u011f\u0131n\u0131 dinler ve pek be\u011fenir. T\u00fcrk\u00fclerle, deyi\u015flerle \u00e7\u0131kar yola M\u00fcsl\u00fcm G\u00fcrses ama \u015fimdi zaman arabesk zaman\u0131d\u0131r. Art\u0131k o kapkara yoksulluk bitmi\u015ftir. Yirmili ya\u015flar\u0131nda k\u0131rk\u0131nda gibi g\u00f6r\u00fcnse de hayat sa\u011flam y\u0131pratm\u0131\u015f olsa da ba\u015farm\u0131\u015ft\u0131r i\u015fte. Hayat bu, kimilerini \u00e7ocuk olmadan gen\u00e7, gen\u00e7 olmadan ya\u015fl\u0131 k\u0131lar. Kafas\u0131 iki numara t\u0131ra\u015fl\u0131 ve Adana\u2019da bir aile \u00e7ay bah\u00e7esinde kaderine kafa tutan M\u00fcsl\u00fcm Akba\u015f\u2019tan M\u00fcsl\u00fcm G\u00fcrses\u2019e evrilmek hi\u00e7 de kolay olmam\u0131\u015ft\u0131r. M\u00fcsl\u00fcm, Z\u00fcmr\u00fcd\u00fcanka misali kendi k\u00fcllerinden yaratm\u0131\u015ft\u0131r kendini. Her \u015feyin en az ikiye ayr\u0131ld\u0131\u011f\u0131 bir \u00e7a\u011fdan \u00e7\u0131k\u0131p milenyum ilan edilen zamanlarda da Parampar\u00e7a diyordu M\u00fcsl\u00fcm Baba, en pop\u00fcler, en gen\u00e7 sanat\u00e7\u0131lar\u0131n hit \u015fark\u0131lar\u0131n\u0131 d\u00f6kt\u00fcr\u00fcrken\u2026 <\/p>\n","protected":false},"excerpt":{"rendered":"<p>\u201c\u0130stiyorum ki herkes; do\u011frulu\u011fun, iyili\u011fin, karde\u015fli\u011fin, bar\u0131\u015f\u0131n efendisi olsun.\u201d M\u00fcsl\u00fcm G\u00fcrses Urfa\u2019n\u0131n F\u0131st\u0131k\u00f6z\u00fc k\u00f6y\u00fcnde ba\u015flayan yolculuk ve hi\u00e7 kesintiye u\u011framayan hayaller, M\u00fcsl\u00fcm Akba\u015f\u2019\u0131 \u00f6nce M\u00fcsl\u00fcm G\u00fcrses<span class=\"excerpt-hellip\"> [\u2026]<\/span><\/p>\n","protected":false},"featured_media":0,"template":"","meta":{"_monsterinsights_skip_tracking":false,"_monsterinsights_sitenote_active":false,"_monsterinsights_sitenote_note":"","_monsterinsights_sitenote_category":0},"product_brand":[],"product_cat":[14009,12291],"product_tag":[],"class_list":{"0":"post-728433","1":"product","2":"type-product","3":"status-publish","5":"product_cat-biyografi-otobiyografi-edebiyat","6":"product_cat-edebiyat","7":"pa_cilt-ciltsiz","8":"pa_tur-kitap","9":"pa_yayinevi-dokuz-yayinlari","10":"pa_yazar-birol-ozturk","12":"first","13":"instock","14":"sale","15":"shipping-taxable","16":"purchasable","17":"product-type-simple"},"_links":{"self":[{"href":"https:\/\/roveyayinevi.com.tr\/index.php\/wp-json\/wp\/v2\/product\/728433","targetHints":{"allow":["GET"]}}],"collection":[{"href":"https:\/\/roveyayinevi.com.tr\/index.php\/wp-json\/wp\/v2\/product"}],"about":[{"href":"https:\/\/roveyayinevi.com.tr\/index.php\/wp-json\/wp\/v2\/types\/product"}],"wp:attachment":[{"href":"https:\/\/roveyayinevi.com.tr\/index.php\/wp-json\/wp\/v2\/media?parent=728433"}],"wp:term":[{"taxonomy":"product_brand","embeddable":true,"href":"https:\/\/roveyayinevi.com.tr\/index.php\/wp-json\/wp\/v2\/product_brand?post=728433"},{"taxonomy":"product_cat","embeddable":true,"href":"https:\/\/roveyayinevi.com.tr\/index.php\/wp-json\/wp\/v2\/product_cat?post=728433"},{"taxonomy":"product_tag","embeddable":true,"href":"https:\/\/roveyayinevi.com.tr\/index.php\/wp-json\/wp\/v2\/product_tag?post=728433"}],"curies":[{"name":"wp","href":"https:\/\/api.w.org\/{rel}","templated":true}]}}