{"id":728431,"date":"2025-08-27T20:39:33","date_gmt":"2025-08-27T17:39:33","guid":{"rendered":"https:\/\/roveyayinevi.com.tr\/index.php\/urun\/kucuk-sevdalar-koleksiyonu\/"},"modified":"2026-04-16T02:36:00","modified_gmt":"2026-04-15T23:36:00","slug":"kucuk-sevdalar-koleksiyonu","status":"publish","type":"product","link":"https:\/\/roveyayinevi.com.tr\/index.php\/urun\/kucuk-sevdalar-koleksiyonu\/","title":{"rendered":"K\u00fc\u00e7\u00fck Sevdalar Koleksiyonu"},"content":{"rendered":"<p>Usta kalem Senai Demirci, olgunluk d\u00f6nemi eserleriyle Muhit Kitap\u2019taki yerini ald\u0131. Demirci\u2019nin yay\u0131nlanan ilk kitab\u0131 K\u00fc\u00e7\u00fck Sevdalar Koleksiyonu ismini ta\u015f\u0131yor. Kitap, insan\u0131n par\u00e7adan b\u00fct\u00fcne olan yolculu\u011funu anlat\u0131yor. Eski resimlerin y\u00fcz\u00fcnde derin bir yara izi g\u00f6r\u00fcyorum. Orada g\u00f6rd\u00fcklerimin \u00e7oktan ge\u00e7ip gitti\u011fini biliyorum \u00e7\u00fcnk\u00fc. O \u00e7ocuk \u00e7oktan ihtiyarlad\u0131. Oradaki anne g\u00f6\u00e7eli \u00e7ok oldu. Ben bir arka kapak yaz\u0131s\u0131y\u0131m. Arkas\u0131nda durdu\u011fum kitaba dair bir \u015feyler f\u0131s\u0131ldamak i\u00e7in buraday\u0131m. \u201cDur, bi\u2019 dakika, beni rafa geri g\u00f6nderme! Avucunda kalay\u0131m, g\u00f6z\u00fcne gireyim, sesin olay\u0131m, harflerim \u00e7arps\u0131n kula\u011f\u0131na, d\u00fc\u015f\u00fcncelerinde okunay\u0131m, sayfalar\u0131m h\u0131\u015f\u0131rdas\u0131n art\u0131k, ad\u0131m heyecanla s\u00f6ylensin odalarda\u2026\u201d demek \u00fczereyim sana. Arka kapak yaz\u0131s\u0131 olmak ayr\u0131cal\u0131kt\u0131r. \u00c7\u00fcnk\u00fc yazar\u0131m\u0131z biz arka kapak yaz\u0131lar\u0131n\u0131 daha bir keyifle yazar. \u00c7\u00fcnk\u00fc bitmi\u015ftir kitab\u0131. Roman\u0131ndaki karakterleri yerli yerine oturtmu\u015f, her birine kendi dertlerinden birini y\u00fcklemi\u015f, biraz hafiflemi\u015ftir. \u015eiirinin sanc\u0131s\u0131n\u0131 yeterince \u00e7ekmi\u015f, heyecanlar\u0131n\u0131 s\u00f6zc\u00fcklerin avu\u00e7lar\u0131na beyaz kelebekler gibi b\u0131rakm\u0131\u015ft\u0131r. Evet, h\u00e2l\u00e2 benimleysen, ben bir arka kapak yaz\u0131s\u0131y\u0131m. Yazar\u0131m\u0131n en keyifli yaz\u0131s\u0131. \u201cKelimelerin ard\u0131 s\u0131ra kelebeklerin ard\u0131nca ko\u015ftu\u011fum gibi ko\u015ftum\u201d diyen bir yazar benimkisi. \u015eimdi beni yazarken fark etti ki, bu kitab\u0131n i\u00e7inde bir \u201carka kapak yaz\u0131s\u0131\u201d ba\u015fl\u0131\u011f\u0131 yok. Arka kapak yaz\u0131lar\u0131 da yazar\u0131m\u0131z\u0131n \u201ck\u00fc\u00e7\u00fck sevdalar\u201d\u0131ndan biridir. \u201cKoleksiyon\u201dda yerimi alamad\u0131m ama burada, arka kapakta yer bulabildim kendime. Yazar\u0131m\u0131 yormak istemedim. \u201cZahmet etme!\u201d dedim, \u201cyerimden memnunum.\u201d Peki sen memnun musun arka kapak yaz\u0131s\u0131 oldu\u011funu itiraf eden bir arka kapak yaz\u0131s\u0131n\u0131n kar\u015f\u0131s\u0131nda olmaktan? <\/p>\n","protected":false},"excerpt":{"rendered":"<p>Usta kalem Senai Demirci, olgunluk d\u00f6nemi eserleriyle Muhit Kitap\u2019taki yerini ald\u0131. Demirci\u2019nin yay\u0131nlanan ilk kitab\u0131 K\u00fc\u00e7\u00fck Sevdalar Koleksiyonu ismini ta\u015f\u0131yor. Kitap, insan\u0131n par\u00e7adan b\u00fct\u00fcne olan yolculu\u011funu<span class=\"excerpt-hellip\"> [\u2026]<\/span><\/p>\n","protected":false},"featured_media":0,"template":"","meta":{"_monsterinsights_skip_tracking":false,"_monsterinsights_sitenote_active":false,"_monsterinsights_sitenote_note":"","_monsterinsights_sitenote_category":0},"product_brand":[],"product_cat":[12777,12291],"product_tag":[],"class_list":{"0":"post-728431","1":"product","2":"type-product","3":"status-publish","5":"product_cat-deneme","6":"product_cat-edebiyat","7":"pa_cilt-ciltsiz","8":"pa_tur-kitap","9":"pa_yayinevi-muhit-kitap","10":"pa_yazar-senai-demirci","12":"first","13":"instock","14":"sale","15":"shipping-taxable","16":"purchasable","17":"product-type-simple"},"_links":{"self":[{"href":"https:\/\/roveyayinevi.com.tr\/index.php\/wp-json\/wp\/v2\/product\/728431","targetHints":{"allow":["GET"]}}],"collection":[{"href":"https:\/\/roveyayinevi.com.tr\/index.php\/wp-json\/wp\/v2\/product"}],"about":[{"href":"https:\/\/roveyayinevi.com.tr\/index.php\/wp-json\/wp\/v2\/types\/product"}],"wp:attachment":[{"href":"https:\/\/roveyayinevi.com.tr\/index.php\/wp-json\/wp\/v2\/media?parent=728431"}],"wp:term":[{"taxonomy":"product_brand","embeddable":true,"href":"https:\/\/roveyayinevi.com.tr\/index.php\/wp-json\/wp\/v2\/product_brand?post=728431"},{"taxonomy":"product_cat","embeddable":true,"href":"https:\/\/roveyayinevi.com.tr\/index.php\/wp-json\/wp\/v2\/product_cat?post=728431"},{"taxonomy":"product_tag","embeddable":true,"href":"https:\/\/roveyayinevi.com.tr\/index.php\/wp-json\/wp\/v2\/product_tag?post=728431"}],"curies":[{"name":"wp","href":"https:\/\/api.w.org\/{rel}","templated":true}]}}