{"id":728430,"date":"2025-08-27T20:39:32","date_gmt":"2025-08-27T17:39:32","guid":{"rendered":"https:\/\/roveyayinevi.com.tr\/index.php\/urun\/nedim\/"},"modified":"2026-04-16T02:36:00","modified_gmt":"2026-04-15T23:36:00","slug":"nedim","status":"publish","type":"product","link":"https:\/\/roveyayinevi.com.tr\/index.php\/urun\/nedim\/","title":{"rendered":"Nedim"},"content":{"rendered":"<p>Prof. Dr. Muhsin Macit\u2019in b\u00fct\u00fcn eserleri Muhit Kitap\u2019tan yay\u0131nlanmaya devam ediyor. Divan \u015fiirinin zirve isimlerinden biri olan Nedim, Muhsin Macit\u2019in e\u015fsiz \u00fcslubu ve engin bilgisiyle bulu\u015fuyor. \u015eair Nedim\u2019in hayat\u0131, sanat\u0131 ve se\u00e7me eserlerinden olu\u015fan bu kitab\u0131 be\u011feniyle okuyacaks\u0131n\u0131z. Nedim, divan \u015fiiri gelene\u011fi i\u00e7inde \u00e7\u0131\u011f\u0131r a\u00e7an \u015fairlerdendir. Mahalli \u00fcslubun en yetkin temsilcisidir. Yahya Kemal\u2019in Bir S\u00e2k\u00ee ve M\u00fckerrer Gazel \u015fiirlerindeki teklifi ve Ahmet Refik\u2019in \u0131srar\u0131yla yayg\u0131nl\u0131k kazanan Lale Devri\u2019nin m\u00fcstesna \u015fairidir. M\u00fcderris ve m\u00fctercim kimli\u011fine ra\u011fmen biraz da pop\u00fcler tarih\u00e7ili\u011fin etkisiyle \u00e7apk\u0131n, ne\u015feli ve s\u0131rf bu d\u00fcnyadan k\u00e2m almak i\u00e7in yarat\u0131lm\u0131\u015f \u015fair imaj\u0131yla tan\u0131n\u0131r. Oysa binlerce \u015fair aras\u0131ndan Nedim\u2019i se\u00e7ip Osmanl\u0131 \u015fiirinin en iyileri saf\u0131na yerle\u015ftiren ele\u015ftirel zevkin ve estetik tecr\u00fcbenin b\u00fct\u00fcn referanslar\u0131 divan\u0131nda mevcuttur. Nedim\u2019in sesinin daha duyulur ve imgelerinin g\u00f6r\u00fcn\u00fcr h\u00e2le gelmesine katk\u0131 sa\u011flamak amac\u0131yla bu se\u00e7kide onun \u015fair kimli\u011finin farkl\u0131 y\u00f6nlerini en iyi yans\u0131tan yirmi d\u00f6rt \u015fiirinin tan\u0131kl\u0131\u011f\u0131na ba\u015fvurulmu\u015ftur. Ama yine de hangi gelene\u011fin \u00fcr\u00fcn\u00fc olursa olsun her edebi metnin, ancak kalbi s\u00f6ze duyarl\u0131 ve kula\u011f\u0131 sese ayarl\u0131 ki\u015filerde estetik haz uyand\u0131rabilece\u011fini en iyi \u015fiir okuyucular\u0131 bilir. <\/p>\n","protected":false},"excerpt":{"rendered":"<p>Prof. Dr. Muhsin Macit\u2019in b\u00fct\u00fcn eserleri Muhit Kitap\u2019tan yay\u0131nlanmaya devam ediyor. Divan \u015fiirinin zirve isimlerinden biri olan Nedim, Muhsin Macit\u2019in e\u015fsiz \u00fcslubu ve engin bilgisiyle bulu\u015fuyor.<span class=\"excerpt-hellip\"> [\u2026]<\/span><\/p>\n","protected":false},"featured_media":0,"template":"","meta":{"_monsterinsights_skip_tracking":false,"_monsterinsights_sitenote_active":false,"_monsterinsights_sitenote_note":"","_monsterinsights_sitenote_category":0},"product_brand":[],"product_cat":[13072,12291],"product_tag":[],"class_list":{"0":"post-728430","1":"product","2":"type-product","3":"status-publish","5":"product_cat-arastirma-inceleme-referans","6":"product_cat-edebiyat","7":"pa_cilt-ciltsiz","8":"pa_tur-kitap","9":"pa_yayinevi-muhit-kitap","10":"pa_yazar-muhsin-macit","12":"first","13":"instock","14":"sale","15":"shipping-taxable","16":"purchasable","17":"product-type-simple"},"_links":{"self":[{"href":"https:\/\/roveyayinevi.com.tr\/index.php\/wp-json\/wp\/v2\/product\/728430","targetHints":{"allow":["GET"]}}],"collection":[{"href":"https:\/\/roveyayinevi.com.tr\/index.php\/wp-json\/wp\/v2\/product"}],"about":[{"href":"https:\/\/roveyayinevi.com.tr\/index.php\/wp-json\/wp\/v2\/types\/product"}],"wp:attachment":[{"href":"https:\/\/roveyayinevi.com.tr\/index.php\/wp-json\/wp\/v2\/media?parent=728430"}],"wp:term":[{"taxonomy":"product_brand","embeddable":true,"href":"https:\/\/roveyayinevi.com.tr\/index.php\/wp-json\/wp\/v2\/product_brand?post=728430"},{"taxonomy":"product_cat","embeddable":true,"href":"https:\/\/roveyayinevi.com.tr\/index.php\/wp-json\/wp\/v2\/product_cat?post=728430"},{"taxonomy":"product_tag","embeddable":true,"href":"https:\/\/roveyayinevi.com.tr\/index.php\/wp-json\/wp\/v2\/product_tag?post=728430"}],"curies":[{"name":"wp","href":"https:\/\/api.w.org\/{rel}","templated":true}]}}