{"id":728429,"date":"2025-08-27T20:39:01","date_gmt":"2025-08-27T17:39:01","guid":{"rendered":"https:\/\/roveyayinevi.com.tr\/index.php\/urun\/bir-hisli-yurek-mehmet-akif-ersoy\/"},"modified":"2026-04-16T02:36:00","modified_gmt":"2026-04-15T23:36:00","slug":"bir-hisli-yurek-mehmet-akif-ersoy","status":"publish","type":"product","link":"https:\/\/roveyayinevi.com.tr\/index.php\/urun\/bir-hisli-yurek-mehmet-akif-ersoy\/","title":{"rendered":"Bir Hisli Y\u00fcrek Mehmet Akif Ersoy"},"content":{"rendered":"<p>B\u00fcy\u00fck \u015fairimiz Mehmet Akif Ersoy, edebiyat\u0131m\u0131z\u0131n usta kalemi Mustafa \u00d6z\u00e7elik\u2019in anlat\u0131m\u0131yla, Muhit Kitap\u2019ta\u2026 Akif\u2019i okumadan sadece d\u00fcn\u00fc de\u011fil, bug\u00fcn\u00fc de tam manas\u0131yla anlayamay\u0131z. Bir Hisli Y\u00fcrek: Mehmet Akif Ersoy, \u015fairin sanat\u0131yla beraber m\u00fccadelesi ve \u015fahsiyetini de g\u00f6zler \u00f6n\u00fcne seriyor.   \u0130stikl\u00e2limizin ve istikb\u00e2limizin \u015fairi Mehmet \u00c2kif, tarihimizdeki b\u00fcy\u00fck adamlar galerisinin en \u00f6nemli simalar\u0131ndan birisidir. O, hem hayat\u0131 hem \u015fiiri hem fikirleri hem de \u015fahsiyeti ve m\u00fccadelesi itibar\u0131yla \u00f6n\u00fcm\u00fczde h\u00e2l\u00e2 idealist bir \u00f6rnektir.   Bu y\u00fczden onu her d\u00f6nemde okumak, tan\u0131mak, anlatmak i\u00e7in hakk\u0131nda yaz\u0131lar, kitaplar yazmak, konu\u015fmak ve fikirlerini tart\u0131\u015fmak onun devam eden misyonunun anla\u015f\u0131lmas\u0131 i\u00e7in \u00f6nem ta\u015f\u0131maktad\u0131r. \u00c7\u00fcnk\u00fc Akif\u2019in ya\u015fad\u0131\u011f\u0131 d\u00f6nemde dile getirdi\u011fi sorunlar bug\u00fcn de devam etmekte ve onlara ili\u015fkin s\u00f6yledi\u011fi \u00e7\u00f6z\u00fcm teklifleri h\u00e2l\u00e2 ge\u00e7erlili\u011fini korumaktad\u0131r. Bu y\u00fczden Mehmet Akif\u2019e dair okuma yapmadan ge\u00e7mi\u015fi do\u011fru anlayamayaca\u011f\u0131m\u0131z gibi bug\u00fcn\u00fc de anlamak m\u00fcmk\u00fcn olmaz. Bu yaz\u0131lar, b\u00f6yle bir niyet ve gayretin \u00fcr\u00fcn\u00fcd\u00fcr. <\/p>\n","protected":false},"excerpt":{"rendered":"<p>B\u00fcy\u00fck \u015fairimiz Mehmet Akif Ersoy, edebiyat\u0131m\u0131z\u0131n usta kalemi Mustafa \u00d6z\u00e7elik\u2019in anlat\u0131m\u0131yla, Muhit Kitap\u2019ta\u2026 Akif\u2019i okumadan sadece d\u00fcn\u00fc de\u011fil, bug\u00fcn\u00fc de tam manas\u0131yla anlayamay\u0131z. Bir Hisli Y\u00fcrek:<span class=\"excerpt-hellip\"> [\u2026]<\/span><\/p>\n","protected":false},"featured_media":0,"template":"","meta":{"_monsterinsights_skip_tracking":false,"_monsterinsights_sitenote_active":false,"_monsterinsights_sitenote_note":"","_monsterinsights_sitenote_category":0},"product_brand":[],"product_cat":[12777,12291],"product_tag":[],"class_list":{"0":"post-728429","1":"product","2":"type-product","3":"status-publish","5":"product_cat-deneme","6":"product_cat-edebiyat","7":"pa_cilt-ciltsiz","8":"pa_tur-kitap","9":"pa_yayinevi-muhit-kitap","10":"pa_yazar-mustafa-ozcelik","12":"first","13":"instock","14":"sale","15":"shipping-taxable","16":"purchasable","17":"product-type-simple"},"_links":{"self":[{"href":"https:\/\/roveyayinevi.com.tr\/index.php\/wp-json\/wp\/v2\/product\/728429","targetHints":{"allow":["GET"]}}],"collection":[{"href":"https:\/\/roveyayinevi.com.tr\/index.php\/wp-json\/wp\/v2\/product"}],"about":[{"href":"https:\/\/roveyayinevi.com.tr\/index.php\/wp-json\/wp\/v2\/types\/product"}],"wp:attachment":[{"href":"https:\/\/roveyayinevi.com.tr\/index.php\/wp-json\/wp\/v2\/media?parent=728429"}],"wp:term":[{"taxonomy":"product_brand","embeddable":true,"href":"https:\/\/roveyayinevi.com.tr\/index.php\/wp-json\/wp\/v2\/product_brand?post=728429"},{"taxonomy":"product_cat","embeddable":true,"href":"https:\/\/roveyayinevi.com.tr\/index.php\/wp-json\/wp\/v2\/product_cat?post=728429"},{"taxonomy":"product_tag","embeddable":true,"href":"https:\/\/roveyayinevi.com.tr\/index.php\/wp-json\/wp\/v2\/product_tag?post=728429"}],"curies":[{"name":"wp","href":"https:\/\/api.w.org\/{rel}","templated":true}]}}