{"id":728428,"date":"2025-08-27T20:39:00","date_gmt":"2025-08-27T17:39:00","guid":{"rendered":"https:\/\/roveyayinevi.com.tr\/index.php\/urun\/belki-baska-zaman\/"},"modified":"2026-04-12T02:43:07","modified_gmt":"2026-04-11T23:43:07","slug":"belki-baska-zaman","status":"publish","type":"product","link":"https:\/\/roveyayinevi.com.tr\/index.php\/urun\/belki-baska-zaman\/","title":{"rendered":"Belki Ba\u015fka Zaman"},"content":{"rendered":"<p>Belki Ba\u015fka Zaman, \u0130brahim Tenekeci\u2019nin son d\u00f6rt y\u0131lda yazd\u0131\u011f\u0131 \u015fiirlerin toplam\u0131ndan olu\u015fuyor. \u201cDinledim \u00f6mr\u00fcm\u00fc a\u015fk\u0131n sesinden\u201d diyen \u015fairin yeni \u00e7al\u0131\u015fmalar\u0131 da Muhit Kitap\u2019tan yay\u0131nlanacak. \u0130nsan yaln\u0131zken daha d\u00fcr\u00fcstt\u00fcr Kalbin mutlaka ses olur sana, Anlars\u0131n bir g\u00fcn ulu da\u011flarda Bir nokta imi\u015f koskoca \u00f6m\u00fcr. <\/p>\n","protected":false},"excerpt":{"rendered":"<p>Belki Ba\u015fka Zaman, \u0130brahim Tenekeci\u2019nin son d\u00f6rt y\u0131lda yazd\u0131\u011f\u0131 \u015fiirlerin toplam\u0131ndan olu\u015fuyor. \u201cDinledim \u00f6mr\u00fcm\u00fc a\u015fk\u0131n sesinden\u201d diyen \u015fairin yeni \u00e7al\u0131\u015fmalar\u0131 da Muhit Kitap\u2019tan yay\u0131nlanacak. \u0130nsan yaln\u0131zken<span class=\"excerpt-hellip\"> [\u2026]<\/span><\/p>\n","protected":false},"featured_media":0,"template":"","meta":{"_monsterinsights_skip_tracking":false,"_monsterinsights_sitenote_active":false,"_monsterinsights_sitenote_note":"","_monsterinsights_sitenote_category":0},"product_brand":[],"product_cat":[12291,12509],"product_tag":[],"class_list":{"0":"post-728428","1":"product","2":"type-product","3":"status-publish","5":"product_cat-edebiyat","6":"product_cat-siir","7":"pa_cilt-ciltsiz","8":"pa_tur-kitap","9":"pa_yayinevi-muhit-kitap","10":"pa_yazar-ibrahim-tenekeci","12":"first","13":"instock","14":"sale","15":"shipping-taxable","16":"purchasable","17":"product-type-simple"},"_links":{"self":[{"href":"https:\/\/roveyayinevi.com.tr\/index.php\/wp-json\/wp\/v2\/product\/728428","targetHints":{"allow":["GET"]}}],"collection":[{"href":"https:\/\/roveyayinevi.com.tr\/index.php\/wp-json\/wp\/v2\/product"}],"about":[{"href":"https:\/\/roveyayinevi.com.tr\/index.php\/wp-json\/wp\/v2\/types\/product"}],"wp:attachment":[{"href":"https:\/\/roveyayinevi.com.tr\/index.php\/wp-json\/wp\/v2\/media?parent=728428"}],"wp:term":[{"taxonomy":"product_brand","embeddable":true,"href":"https:\/\/roveyayinevi.com.tr\/index.php\/wp-json\/wp\/v2\/product_brand?post=728428"},{"taxonomy":"product_cat","embeddable":true,"href":"https:\/\/roveyayinevi.com.tr\/index.php\/wp-json\/wp\/v2\/product_cat?post=728428"},{"taxonomy":"product_tag","embeddable":true,"href":"https:\/\/roveyayinevi.com.tr\/index.php\/wp-json\/wp\/v2\/product_tag?post=728428"}],"curies":[{"name":"wp","href":"https:\/\/api.w.org\/{rel}","templated":true}]}}