{"id":728424,"date":"2025-08-27T20:38:56","date_gmt":"2025-08-27T17:38:56","guid":{"rendered":"https:\/\/roveyayinevi.com.tr\/index.php\/urun\/koca-burun-dunyanin-en-buyuk-yalancisi\/"},"modified":"2026-02-26T02:48:06","modified_gmt":"2026-02-25T23:48:06","slug":"koca-burun-dunyanin-en-buyuk-yalancisi","status":"publish","type":"product","link":"https:\/\/roveyayinevi.com.tr\/index.php\/urun\/koca-burun-dunyanin-en-buyuk-yalancisi\/","title":{"rendered":"Koca Burun \u2013 D\u00fcnyan\u0131n En B\u00fcy\u00fck Yalanc\u0131s\u0131"},"content":{"rendered":"<p>K\u0131z karde\u015fim Jodie, beni so\u011fanl\u0131 cipslerden ba\u015fka hi\u00e7bir \u015fey satmayan, o tuhaf d\u00fckk\u00e2ndaki \u201cdo\u011fru s\u00f6yletme makinesi\u201dne soktu\u011fundan beri yalan s\u00f6yleyemiyorum. Yalanlar\u0131m d\u00fcnyaca \u00fcnl\u00fc oldu\u011fu i\u00e7in (yani neredeyse d\u00fcnyaca \u00fcnl\u00fc) bu benim i\u00e7in b\u00fcy\u00fck bir kay\u0131p. Ayr\u0131ca, yalan s\u00f6yleyememek B\u00dcY\u00dcK bir sorun, \u00e7\u00fcnk\u00fc babam\u0131n sa\u00e7ma sapan roman\u0131, eni\u015ftemin gece yar\u0131s\u0131 say\u0131klamalar\u0131 ve Jodie&#8217;nin ho\u015fland\u0131\u011f\u0131 \u00e7ocuklar hakk\u0131nda gevezelik etmeyi b\u0131rakam\u0131yorum. L\u00dcTFEN BEN\u0130 B\u0130R\u0130 DURDURSUN! <\/p>\n","protected":false},"excerpt":{"rendered":"<p>K\u0131z karde\u015fim Jodie, beni so\u011fanl\u0131 cipslerden ba\u015fka hi\u00e7bir \u015fey satmayan, o tuhaf d\u00fckk\u00e2ndaki \u201cdo\u011fru s\u00f6yletme makinesi\u201dne soktu\u011fundan beri yalan s\u00f6yleyemiyorum. Yalanlar\u0131m d\u00fcnyaca \u00fcnl\u00fc oldu\u011fu i\u00e7in (yani<span class=\"excerpt-hellip\"> [\u2026]<\/span><\/p>\n","protected":false},"featured_media":0,"template":"","meta":{"_monsterinsights_skip_tracking":false,"_monsterinsights_sitenote_active":false,"_monsterinsights_sitenote_note":"","_monsterinsights_sitenote_category":0},"product_brand":[],"product_cat":[12913,12274],"product_tag":[],"class_list":{"0":"post-728424","1":"product","2":"type-product","3":"status-publish","5":"product_cat-3-6-yas-kitaplari","6":"product_cat-cocuk-ve-genclik-kitaplari","7":"pa_cilt-ciltsiz","8":"pa_tur-kitap","9":"pa_yayinevi-kirmizi-kedi-yayinevi","10":"pa_yazar-barry-hutchison","12":"first","13":"instock","14":"sale","15":"shipping-taxable","16":"purchasable","17":"product-type-simple"},"_links":{"self":[{"href":"https:\/\/roveyayinevi.com.tr\/index.php\/wp-json\/wp\/v2\/product\/728424","targetHints":{"allow":["GET"]}}],"collection":[{"href":"https:\/\/roveyayinevi.com.tr\/index.php\/wp-json\/wp\/v2\/product"}],"about":[{"href":"https:\/\/roveyayinevi.com.tr\/index.php\/wp-json\/wp\/v2\/types\/product"}],"wp:attachment":[{"href":"https:\/\/roveyayinevi.com.tr\/index.php\/wp-json\/wp\/v2\/media?parent=728424"}],"wp:term":[{"taxonomy":"product_brand","embeddable":true,"href":"https:\/\/roveyayinevi.com.tr\/index.php\/wp-json\/wp\/v2\/product_brand?post=728424"},{"taxonomy":"product_cat","embeddable":true,"href":"https:\/\/roveyayinevi.com.tr\/index.php\/wp-json\/wp\/v2\/product_cat?post=728424"},{"taxonomy":"product_tag","embeddable":true,"href":"https:\/\/roveyayinevi.com.tr\/index.php\/wp-json\/wp\/v2\/product_tag?post=728424"}],"curies":[{"name":"wp","href":"https:\/\/api.w.org\/{rel}","templated":true}]}}