{"id":728420,"date":"2025-08-27T20:38:52","date_gmt":"2025-08-27T17:38:52","guid":{"rendered":"https:\/\/roveyayinevi.com.tr\/index.php\/urun\/kumdan-hayaller\/"},"modified":"2026-04-16T02:36:00","modified_gmt":"2026-04-15T23:36:00","slug":"kumdan-hayaller","status":"publish","type":"product","link":"https:\/\/roveyayinevi.com.tr\/index.php\/urun\/kumdan-hayaller\/","title":{"rendered":"Kumdan Hayaller"},"content":{"rendered":"<p>Hayallerini \u00f6zg\u00fcrle\u015ftiren herkese..! diye ba\u015flar tad\u0131ml\u0131k hik\u00e2yemiz.G\u00fczel bir \u00e7ocukluk ve gen\u00e7lik y\u0131llar\u0131 ge\u00e7iren S\u00fcreyya bir g\u00fcn kendi hakk\u0131nda \u00f6\u011frendi\u011fi ac\u0131 ger\u00e7ek ile y\u00fczle\u015fmek zorunda kal\u0131r. Ta\u015f\u0131y\u0131c\u0131s\u0131 oldu\u011fu Niemann-Pick hastal\u0131\u011f\u0131 ile&#8230;Hastal\u0131k ve bu hastal\u0131\u011f\u0131n getirdi\u011fi zorluklar ile y\u00fczle\u015fmek zorunda kalan ve bununla birlikte, vazge\u00e7meyip arkada\u015fl\u0131\u011f\u0131, evlatl\u0131\u011f\u0131, dostlu\u011fu a\u015fk\u0131 en g\u00fczel \u015fekilde ya\u015fayan ve ya\u015fatan karakterde bir k\u0131z.S\u00fcreyya\u2019ya duydu\u011fu derin ba\u011fl\u0131l\u0131k, sevgi ve a\u015fk ile y\u00fcreklerde taht kuran, i\u00e7 \u0131s\u0131tan, son an\u0131na kadar her zaman sevdi\u011finin yan\u0131nda duran Ak\u015fit.Birlikte a\u015f\u0131lan zorlu s\u00fcre\u00e7ler sonu ne kadar h\u00fcsranla sonu\u00e7lansa da a\u015fk\u0131 ve sevday\u0131 bize \u00f6\u011freten g\u00fczel bir \u00e7ift. Ve onlara e\u015flik eden ruhunuza dokunacak \u015fiirler\u2026Ve ne olursa olsun t\u00fcm anlara, ya\u015fananlara \u015fahit olan bir g\u00fcnl\u00fck ve \u00e7izimler\u2026Yolda\u015f, s\u0131rda\u015f k\u0131saca her \u015fey\u2026<\/p>\n","protected":false},"excerpt":{"rendered":"<p>Hayallerini \u00f6zg\u00fcrle\u015ftiren herkese..! diye ba\u015flar tad\u0131ml\u0131k hik\u00e2yemiz.G\u00fczel bir \u00e7ocukluk ve gen\u00e7lik y\u0131llar\u0131 ge\u00e7iren S\u00fcreyya bir g\u00fcn kendi hakk\u0131nda \u00f6\u011frendi\u011fi ac\u0131 ger\u00e7ek ile y\u00fczle\u015fmek zorunda kal\u0131r. Ta\u015f\u0131y\u0131c\u0131s\u0131<span class=\"excerpt-hellip\"> [\u2026]<\/span><\/p>\n","protected":false},"featured_media":0,"template":"","meta":{"_monsterinsights_skip_tracking":false,"_monsterinsights_sitenote_active":false,"_monsterinsights_sitenote_note":"","_monsterinsights_sitenote_category":0},"product_brand":[],"product_cat":[12291,12711],"product_tag":[],"class_list":{"0":"post-728420","1":"product","2":"type-product","3":"status-publish","5":"product_cat-edebiyat","6":"product_cat-roman-oyku","7":"pa_cilt-ciltsiz","8":"pa_tur-kitap","9":"pa_yayinevi-herdem-kitap","10":"pa_yazar-esra-dogan-ayse-gul","12":"first","13":"instock","14":"sale","15":"shipping-taxable","16":"purchasable","17":"product-type-simple"},"_links":{"self":[{"href":"https:\/\/roveyayinevi.com.tr\/index.php\/wp-json\/wp\/v2\/product\/728420","targetHints":{"allow":["GET"]}}],"collection":[{"href":"https:\/\/roveyayinevi.com.tr\/index.php\/wp-json\/wp\/v2\/product"}],"about":[{"href":"https:\/\/roveyayinevi.com.tr\/index.php\/wp-json\/wp\/v2\/types\/product"}],"wp:attachment":[{"href":"https:\/\/roveyayinevi.com.tr\/index.php\/wp-json\/wp\/v2\/media?parent=728420"}],"wp:term":[{"taxonomy":"product_brand","embeddable":true,"href":"https:\/\/roveyayinevi.com.tr\/index.php\/wp-json\/wp\/v2\/product_brand?post=728420"},{"taxonomy":"product_cat","embeddable":true,"href":"https:\/\/roveyayinevi.com.tr\/index.php\/wp-json\/wp\/v2\/product_cat?post=728420"},{"taxonomy":"product_tag","embeddable":true,"href":"https:\/\/roveyayinevi.com.tr\/index.php\/wp-json\/wp\/v2\/product_tag?post=728420"}],"curies":[{"name":"wp","href":"https:\/\/api.w.org\/{rel}","templated":true}]}}