{"id":728418,"date":"2025-08-27T20:38:50","date_gmt":"2025-08-27T17:38:50","guid":{"rendered":"https:\/\/roveyayinevi.com.tr\/index.php\/urun\/kacis-noktasi-gelidonya\/"},"modified":"2026-04-16T02:36:00","modified_gmt":"2026-04-15T23:36:00","slug":"kacis-noktasi-gelidonya","status":"publish","type":"product","link":"https:\/\/roveyayinevi.com.tr\/index.php\/urun\/kacis-noktasi-gelidonya\/","title":{"rendered":"Ka\u00e7\u0131\u015f Noktas\u0131 Gelidonya"},"content":{"rendered":"<p>Gelidonya Deniz Feneri&#8230; Kimi isteyerek kimi tesad\u00fcfen gelmi\u015fti bu fenere. Her birinin ortak noktas\u0131 bir ka\u00e7\u0131\u015f hik\u00e2yelerinin olmas\u0131yd\u0131. Her ka\u00e7\u0131\u015f, ba\u015fka bir yere var\u0131\u015ft\u0131 oysa&#8230; Bir \u015feylerden ka\u00e7maya \u00e7al\u0131\u015f\u0131rken hi\u00e7 ummad\u0131klar\u0131 bir yere varm\u0131\u015flard\u0131. Kendilerine! Ka\u00e7\u0131m\u0131z d\u00fc\u015f\u00fcnmedik ki ka\u00e7may\u0131? Kendimizden, \u015fehrin kalabal\u0131\u011f\u0131ndan, varl\u0131\u011f\u0131m\u0131zdan, varl\u0131k sand\u0131klar\u0131m\u0131zdan, ondan, bundan&#8230; Hayat\u0131n ye\u015filini ve mavisini en u\u00e7 k\u0131y\u0131lar\u0131nda bar\u0131nd\u0131ran koylarda, \u00f6mr\u00fcm\u00fcz\u00fcn geri kalan\u0131n\u0131 sonland\u0131rmay\u0131 hangimiz d\u00fc\u015f\u00fcnmedik? D\u00fc\u015f\u00fcnd\u00fck&#8230; Peki, ka\u00e7\u0131m\u0131z bu hik\u00e2yenin kahramanlar\u0131 gibi eyleme ge\u00e7ebildi?..<\/p>\n","protected":false},"excerpt":{"rendered":"<p>Gelidonya Deniz Feneri&#8230; Kimi isteyerek kimi tesad\u00fcfen gelmi\u015fti bu fenere. Her birinin ortak noktas\u0131 bir ka\u00e7\u0131\u015f hik\u00e2yelerinin olmas\u0131yd\u0131. Her ka\u00e7\u0131\u015f, ba\u015fka bir yere var\u0131\u015ft\u0131 oysa&#8230; Bir<span class=\"excerpt-hellip\"> [\u2026]<\/span><\/p>\n","protected":false},"featured_media":0,"template":"","meta":{"_monsterinsights_skip_tracking":false,"_monsterinsights_sitenote_active":false,"_monsterinsights_sitenote_note":"","_monsterinsights_sitenote_category":0},"product_brand":[],"product_cat":[12291,12711],"product_tag":[],"class_list":{"0":"post-728418","1":"product","2":"type-product","3":"status-publish","5":"product_cat-edebiyat","6":"product_cat-roman-oyku","7":"pa_cilt-ciltsiz","8":"pa_tur-kitap","9":"pa_yayinevi-servet-yayinevi","10":"pa_yazar-ilker-gunacgun","12":"first","13":"instock","14":"sale","15":"shipping-taxable","16":"purchasable","17":"product-type-simple"},"_links":{"self":[{"href":"https:\/\/roveyayinevi.com.tr\/index.php\/wp-json\/wp\/v2\/product\/728418","targetHints":{"allow":["GET"]}}],"collection":[{"href":"https:\/\/roveyayinevi.com.tr\/index.php\/wp-json\/wp\/v2\/product"}],"about":[{"href":"https:\/\/roveyayinevi.com.tr\/index.php\/wp-json\/wp\/v2\/types\/product"}],"wp:attachment":[{"href":"https:\/\/roveyayinevi.com.tr\/index.php\/wp-json\/wp\/v2\/media?parent=728418"}],"wp:term":[{"taxonomy":"product_brand","embeddable":true,"href":"https:\/\/roveyayinevi.com.tr\/index.php\/wp-json\/wp\/v2\/product_brand?post=728418"},{"taxonomy":"product_cat","embeddable":true,"href":"https:\/\/roveyayinevi.com.tr\/index.php\/wp-json\/wp\/v2\/product_cat?post=728418"},{"taxonomy":"product_tag","embeddable":true,"href":"https:\/\/roveyayinevi.com.tr\/index.php\/wp-json\/wp\/v2\/product_tag?post=728418"}],"curies":[{"name":"wp","href":"https:\/\/api.w.org\/{rel}","templated":true}]}}