{"id":728416,"date":"2025-08-27T20:38:48","date_gmt":"2025-08-27T17:38:48","guid":{"rendered":"https:\/\/roveyayinevi.com.tr\/index.php\/urun\/topcu-mu-popcu-mu-patlak-zeka-cemcan-7-ciltli\/"},"modified":"2026-04-16T02:36:00","modified_gmt":"2026-04-15T23:36:00","slug":"topcu-mu-popcu-mu-patlak-zeka-cemcan-7-ciltli","status":"publish","type":"product","link":"https:\/\/roveyayinevi.com.tr\/index.php\/urun\/topcu-mu-popcu-mu-patlak-zeka-cemcan-7-ciltli\/","title":{"rendered":"Top\u00e7u Mu Pop\u00e7u Mu? &#8211; Patlak Zeka Cemcan 7 (Ciltli)"},"content":{"rendered":"<p>Herkes \u00e7ok yorgundu. \u015eu torbalarla birazc\u0131k ko\u015fmak bile hepimizi mahvetmi\u015fti. O anda akl\u0131ma nas\u0131l beslendi\u011fimiz sorusu yeniden geldi. Spor yaparken bol bol protein al\u0131nmas\u0131 gerekti\u011fini biliyordum. \u00c7\u00fcnk\u00fc ben bir minik bilim insan\u0131yd\u0131m. Herkes f\u0131s\u0131lt\u0131yla neler yedi\u011fini anlatt\u0131. Sabah kahvalt\u0131s\u0131nda krem peynir yiyerek nas\u0131l gol atabilirdik? Ba\u015far\u0131s\u0131zl\u0131\u011f\u0131m\u0131z\u0131n alt\u0131nda protein yoklu\u011fu \u00e7ekmemiz olabilirdi.\u201cO zaman\u2026\u201d dedim yine f\u0131s\u0131lt\u0131yla, \u201cKendimize sponsor bulmal\u0131y\u0131z.\u201d<\/p>\n","protected":false},"excerpt":{"rendered":"<p>Herkes \u00e7ok yorgundu. \u015eu torbalarla birazc\u0131k ko\u015fmak bile hepimizi mahvetmi\u015fti. O anda akl\u0131ma nas\u0131l beslendi\u011fimiz sorusu yeniden geldi. Spor yaparken bol bol protein al\u0131nmas\u0131 gerekti\u011fini biliyordum.<span class=\"excerpt-hellip\"> [\u2026]<\/span><\/p>\n","protected":false},"featured_media":0,"template":"","meta":{"_monsterinsights_skip_tracking":false,"_monsterinsights_sitenote_active":false,"_monsterinsights_sitenote_note":"","_monsterinsights_sitenote_category":0},"product_brand":[],"product_cat":[12275,12274],"product_tag":[],"class_list":{"0":"post-728416","1":"product","2":"type-product","3":"status-publish","5":"product_cat-6-12-yas-kitaplari","6":"product_cat-cocuk-ve-genclik-kitaplari","7":"pa_cilt-ciltli","8":"pa_tur-kitap","9":"pa_yayinevi-timas-cocuk","10":"pa_yazar-birsen-ekim-ozen","12":"first","13":"instock","14":"sale","15":"shipping-taxable","16":"purchasable","17":"product-type-simple"},"_links":{"self":[{"href":"https:\/\/roveyayinevi.com.tr\/index.php\/wp-json\/wp\/v2\/product\/728416","targetHints":{"allow":["GET"]}}],"collection":[{"href":"https:\/\/roveyayinevi.com.tr\/index.php\/wp-json\/wp\/v2\/product"}],"about":[{"href":"https:\/\/roveyayinevi.com.tr\/index.php\/wp-json\/wp\/v2\/types\/product"}],"wp:attachment":[{"href":"https:\/\/roveyayinevi.com.tr\/index.php\/wp-json\/wp\/v2\/media?parent=728416"}],"wp:term":[{"taxonomy":"product_brand","embeddable":true,"href":"https:\/\/roveyayinevi.com.tr\/index.php\/wp-json\/wp\/v2\/product_brand?post=728416"},{"taxonomy":"product_cat","embeddable":true,"href":"https:\/\/roveyayinevi.com.tr\/index.php\/wp-json\/wp\/v2\/product_cat?post=728416"},{"taxonomy":"product_tag","embeddable":true,"href":"https:\/\/roveyayinevi.com.tr\/index.php\/wp-json\/wp\/v2\/product_tag?post=728416"}],"curies":[{"name":"wp","href":"https:\/\/api.w.org\/{rel}","templated":true}]}}