{"id":728415,"date":"2025-08-27T20:38:47","date_gmt":"2025-08-27T17:38:47","guid":{"rendered":"https:\/\/roveyayinevi.com.tr\/index.php\/urun\/goge-tirmanan-cocuk\/"},"modified":"2026-04-16T02:36:00","modified_gmt":"2026-04-15T23:36:00","slug":"goge-tirmanan-cocuk","status":"publish","type":"product","link":"https:\/\/roveyayinevi.com.tr\/index.php\/urun\/goge-tirmanan-cocuk\/","title":{"rendered":"G\u00f6\u011fe T\u0131rmanan \u00c7ocuk"},"content":{"rendered":"<p>&#8220;Alma, Tully, Y\u0131ld\u0131zl\u0131 Ay\u0131, Kuyruklu Y\u0131ld\u0131z ve Ser\u00e7e Kurt \u00f6nlerine \u00e7\u0131kan zorluklar\u0131 a\u015fmaya \u00e7abalayarak, g\u00f6ky\u00fcz\u00fcyle yer y\u00fcz\u00fcn\u00fcn birle\u015fti\u011fi o yere do\u011fru ilerliyordu.  Kendine ait bir yer arama yolculu\u011funda; istenmeyenlerin, d\u0131\u015flananlar\u0131n, s\u00fcr\u00fcklenenlerin yolu birle\u015fiyordu.Climbers, Alette Straathof&#8217;un kendine has \u00e7izimleriyle b\u00fcy\u00fcd\u00fck\u00e7e b\u00fcy\u00fcyor, sayfalara k\u00f6k sal\u0131yor.Orman\u0131n kalbinde ba\u015flayan yolculuk, cesaret ve sevginin i\u00e7 i\u00e7e ge\u00e7ti\u011fi lirik bir hik\u00e2yeye d\u00f6n\u00fc\u015f\u00fcyor. T\u00fcm duvarlar geride kal\u0131yor&#8230;&#8221;An\u0131l Bas\u0131l\u0131<\/p>\n","protected":false},"excerpt":{"rendered":"<p>&#8220;Alma, Tully, Y\u0131ld\u0131zl\u0131 Ay\u0131, Kuyruklu Y\u0131ld\u0131z ve Ser\u00e7e Kurt \u00f6nlerine \u00e7\u0131kan zorluklar\u0131 a\u015fmaya \u00e7abalayarak, g\u00f6ky\u00fcz\u00fcyle yer y\u00fcz\u00fcn\u00fcn birle\u015fti\u011fi o yere do\u011fru ilerliyordu. Kendine ait bir yer<span class=\"excerpt-hellip\"> [\u2026]<\/span><\/p>\n","protected":false},"featured_media":0,"template":"","meta":{"_monsterinsights_skip_tracking":false,"_monsterinsights_sitenote_active":false,"_monsterinsights_sitenote_note":"","_monsterinsights_sitenote_category":0},"product_brand":[],"product_cat":[12275,12274],"product_tag":[],"class_list":{"0":"post-728415","1":"product","2":"type-product","3":"status-publish","5":"product_cat-6-12-yas-kitaplari","6":"product_cat-cocuk-ve-genclik-kitaplari","7":"pa_cilt-ciltsiz","8":"pa_tur-kitap","9":"pa_yayinevi-timas-cocuk","10":"pa_yazar-ali-standish","12":"first","13":"instock","14":"sale","15":"shipping-taxable","16":"purchasable","17":"product-type-simple"},"_links":{"self":[{"href":"https:\/\/roveyayinevi.com.tr\/index.php\/wp-json\/wp\/v2\/product\/728415","targetHints":{"allow":["GET"]}}],"collection":[{"href":"https:\/\/roveyayinevi.com.tr\/index.php\/wp-json\/wp\/v2\/product"}],"about":[{"href":"https:\/\/roveyayinevi.com.tr\/index.php\/wp-json\/wp\/v2\/types\/product"}],"wp:attachment":[{"href":"https:\/\/roveyayinevi.com.tr\/index.php\/wp-json\/wp\/v2\/media?parent=728415"}],"wp:term":[{"taxonomy":"product_brand","embeddable":true,"href":"https:\/\/roveyayinevi.com.tr\/index.php\/wp-json\/wp\/v2\/product_brand?post=728415"},{"taxonomy":"product_cat","embeddable":true,"href":"https:\/\/roveyayinevi.com.tr\/index.php\/wp-json\/wp\/v2\/product_cat?post=728415"},{"taxonomy":"product_tag","embeddable":true,"href":"https:\/\/roveyayinevi.com.tr\/index.php\/wp-json\/wp\/v2\/product_tag?post=728415"}],"curies":[{"name":"wp","href":"https:\/\/api.w.org\/{rel}","templated":true}]}}