{"id":728413,"date":"2025-08-27T20:38:45","date_gmt":"2025-08-27T17:38:45","guid":{"rendered":"https:\/\/roveyayinevi.com.tr\/index.php\/urun\/kucuk-prensesin-gunlugu\/"},"modified":"2026-04-16T02:36:00","modified_gmt":"2026-04-15T23:36:00","slug":"kucuk-prensesin-gunlugu","status":"publish","type":"product","link":"https:\/\/roveyayinevi.com.tr\/index.php\/urun\/kucuk-prensesin-gunlugu\/","title":{"rendered":"K\u00fc\u00e7\u00fck Prensesin G\u00fcnl\u00fc\u011f\u00fc"},"content":{"rendered":"<p>\u201cYazar Meg Cabot tac\u0131n\u0131 bu sefer yeni karakteri Olivia Grace\u2019e tak\u0131yor. Prenses Mia\u2019n\u0131n hi\u00e7 tan\u0131mad\u0131\u011f\u0131 \u00fcvey k\u0131z karde\u015fi oldu\u011funu \u00f6\u011frenen Olivia, New Jersey\u2019de bir ortaokul \u00f6\u011frencisi. T\u0131pk\u0131 ablas\u0131 gibi o da kraliyetin g\u00f6zdesi olacak ve maceras\u0131n\u0131 g\u00fcn\u00fc g\u00fcn\u00fcne yazacak, hem de bu sefer \u00e7izimleriyle birlikte.\u201d (USA Today)  \u201c[Cabot\u2019\u0131n] Zahmetsiz yazma bi\u00e7emi insana uzun bir hafta sonunun ard\u0131ndan koridorda en yak\u0131n arkada\u015f\u0131yla ayak\u00fcst\u00fc sohbet etme havas\u0131 veriyor&#8230; Kitaplar\u0131 ve kad\u0131n karakterleriyle Cabot, en \u00e7ok ihtiya\u00e7 duydu\u011fum zamanlarda ger\u00e7eklerden ka\u00e7mam\u0131 ve motive olmam\u0131 m\u00fcmk\u00fcn k\u0131l\u0131yor.\u201d <\/p>\n","protected":false},"excerpt":{"rendered":"<p>\u201cYazar Meg Cabot tac\u0131n\u0131 bu sefer yeni karakteri Olivia Grace\u2019e tak\u0131yor. Prenses Mia\u2019n\u0131n hi\u00e7 tan\u0131mad\u0131\u011f\u0131 \u00fcvey k\u0131z karde\u015fi oldu\u011funu \u00f6\u011frenen Olivia, New Jersey\u2019de bir ortaokul \u00f6\u011frencisi.<span class=\"excerpt-hellip\"> [\u2026]<\/span><\/p>\n","protected":false},"featured_media":0,"template":"","meta":{"_monsterinsights_skip_tracking":false,"_monsterinsights_sitenote_active":false,"_monsterinsights_sitenote_note":"","_monsterinsights_sitenote_category":0},"product_brand":[],"product_cat":[12275,12274],"product_tag":[],"class_list":{"0":"post-728413","1":"product","2":"type-product","3":"status-publish","5":"product_cat-6-12-yas-kitaplari","6":"product_cat-cocuk-ve-genclik-kitaplari","7":"pa_cilt-ciltsiz","8":"pa_tur-kitap","9":"pa_yayinevi-dinozor-cocuk","10":"pa_yazar-meg-cabot","12":"first","13":"instock","14":"sale","15":"shipping-taxable","16":"purchasable","17":"product-type-simple"},"_links":{"self":[{"href":"https:\/\/roveyayinevi.com.tr\/index.php\/wp-json\/wp\/v2\/product\/728413","targetHints":{"allow":["GET"]}}],"collection":[{"href":"https:\/\/roveyayinevi.com.tr\/index.php\/wp-json\/wp\/v2\/product"}],"about":[{"href":"https:\/\/roveyayinevi.com.tr\/index.php\/wp-json\/wp\/v2\/types\/product"}],"wp:attachment":[{"href":"https:\/\/roveyayinevi.com.tr\/index.php\/wp-json\/wp\/v2\/media?parent=728413"}],"wp:term":[{"taxonomy":"product_brand","embeddable":true,"href":"https:\/\/roveyayinevi.com.tr\/index.php\/wp-json\/wp\/v2\/product_brand?post=728413"},{"taxonomy":"product_cat","embeddable":true,"href":"https:\/\/roveyayinevi.com.tr\/index.php\/wp-json\/wp\/v2\/product_cat?post=728413"},{"taxonomy":"product_tag","embeddable":true,"href":"https:\/\/roveyayinevi.com.tr\/index.php\/wp-json\/wp\/v2\/product_tag?post=728413"}],"curies":[{"name":"wp","href":"https:\/\/api.w.org\/{rel}","templated":true}]}}