{"id":728412,"date":"2025-08-27T20:38:45","date_gmt":"2025-08-27T17:38:45","guid":{"rendered":"https:\/\/roveyayinevi.com.tr\/index.php\/urun\/bibliyo-fil\/"},"modified":"2026-04-16T02:36:00","modified_gmt":"2026-04-15T23:36:00","slug":"bibliyo-fil","status":"publish","type":"product","link":"https:\/\/roveyayinevi.com.tr\/index.php\/urun\/bibliyo-fil\/","title":{"rendered":"Bibliyo Fil"},"content":{"rendered":"<p>Bir g\u00fcn, k\u00fc\u00e7\u00fck fil annesiyle birlikte \u00e7ar\u015f\u0131dan d\u00f6nerken g\u00f6zl\u00fckl\u00fc, fularl\u0131 ve yakas\u0131nda rozet ta\u015f\u0131yan bir fil g\u00f6r\u00fcr. K\u00fc\u00e7\u00fck filin g\u00f6z\u00fc, alt\u0131n gibi parlayan rozete tak\u0131l\u0131 kal\u0131r. G\u00f6zlerini bir t\u00fcrl\u00fc ondan alamaz, akl\u0131n\u0131 da\u2026Rozetin \u00fczerindeki Bibliyo Fil\u2019in ne demek oldu\u011funu o kadar \u00e7ok merak eder ki\u2026Acaba k\u00fc\u00e7\u00fck fil de Bibliyo Fil rozeti takabilecek midir?\u201cBibliyo Fil\u201d, okuma sevgisinin \u00f6nemine dair reng\u00e2renk ve s\u0131cac\u0131k bir \u00f6yk\u00fc\u2026<\/p>\n","protected":false},"excerpt":{"rendered":"<p>Bir g\u00fcn, k\u00fc\u00e7\u00fck fil annesiyle birlikte \u00e7ar\u015f\u0131dan d\u00f6nerken g\u00f6zl\u00fckl\u00fc, fularl\u0131 ve yakas\u0131nda rozet ta\u015f\u0131yan bir fil g\u00f6r\u00fcr. K\u00fc\u00e7\u00fck filin g\u00f6z\u00fc, alt\u0131n gibi parlayan rozete tak\u0131l\u0131 kal\u0131r.<span class=\"excerpt-hellip\"> [\u2026]<\/span><\/p>\n","protected":false},"featured_media":0,"template":"","meta":{"_monsterinsights_skip_tracking":false,"_monsterinsights_sitenote_active":false,"_monsterinsights_sitenote_note":"","_monsterinsights_sitenote_category":0},"product_brand":[],"product_cat":[12274,12284],"product_tag":[],"class_list":{"0":"post-728412","1":"product","2":"type-product","3":"status-publish","5":"product_cat-cocuk-ve-genclik-kitaplari","6":"product_cat-hikayeler","7":"pa_cilt-ciltsiz","8":"pa_tur-kitap","9":"pa_yayinevi-timas-cocuk","10":"pa_yazar-v-huseyin-kaya","12":"first","13":"instock","14":"sale","15":"shipping-taxable","16":"purchasable","17":"product-type-simple"},"_links":{"self":[{"href":"https:\/\/roveyayinevi.com.tr\/index.php\/wp-json\/wp\/v2\/product\/728412","targetHints":{"allow":["GET"]}}],"collection":[{"href":"https:\/\/roveyayinevi.com.tr\/index.php\/wp-json\/wp\/v2\/product"}],"about":[{"href":"https:\/\/roveyayinevi.com.tr\/index.php\/wp-json\/wp\/v2\/types\/product"}],"wp:attachment":[{"href":"https:\/\/roveyayinevi.com.tr\/index.php\/wp-json\/wp\/v2\/media?parent=728412"}],"wp:term":[{"taxonomy":"product_brand","embeddable":true,"href":"https:\/\/roveyayinevi.com.tr\/index.php\/wp-json\/wp\/v2\/product_brand?post=728412"},{"taxonomy":"product_cat","embeddable":true,"href":"https:\/\/roveyayinevi.com.tr\/index.php\/wp-json\/wp\/v2\/product_cat?post=728412"},{"taxonomy":"product_tag","embeddable":true,"href":"https:\/\/roveyayinevi.com.tr\/index.php\/wp-json\/wp\/v2\/product_tag?post=728412"}],"curies":[{"name":"wp","href":"https:\/\/api.w.org\/{rel}","templated":true}]}}