{"id":728411,"date":"2025-08-27T20:38:44","date_gmt":"2025-08-27T17:38:44","guid":{"rendered":"https:\/\/roveyayinevi.com.tr\/index.php\/urun\/ates-i-ask\/"},"modified":"2026-04-16T02:36:00","modified_gmt":"2026-04-15T23:36:00","slug":"ates-i-ask","status":"publish","type":"product","link":"https:\/\/roveyayinevi.com.tr\/index.php\/urun\/ates-i-ask\/","title":{"rendered":"Ate\u015f-i A\u015fk"},"content":{"rendered":"<p>Her \u015feyden \u00f6nce bir edeb\u00ee t\u00fcr olan mektuplar; bu \u00f6zelli\u011finin yan\u0131 s\u0131ra haber verme, i\u00e7inde bulunulan hali tasvir etme, bir konuyu izah etme, bir g\u00f6r\u00fc\u015f\u00fc telkin ve bir vazifeyi tevdi etme gibi ama\u00e7larla yaz\u0131lan metinlerdir. \u0130slam edebiyat\u0131nda mektup t\u00fcr\u00fcn\u00fcn geli\u015fimi ise Hz. Peygamber\u2019in (sav) mektup yazd\u0131rmas\u0131ndan m\u00fclhem olmu\u015ftur. Bu durumun neticesinde dostlar\u0131yla haberle\u015fen s\u0131radan insan\u0131n yan\u0131nda h\u00fck\u00fcmdarlar, devlet adamlar\u0131, t\u00fcccarlar, toprak sahipleri, sanatk\u00e2rlar, m\u00fctefekkir ve \u015fairler de mektup yazm\u0131\u015flard\u0131r. Bilhassa bilge ki\u015filerin \u00f6\u011frencilerine ve takip\u00e7ilerine yolun esaslar\u0131n\u0131 telkin sadedinde yazd\u0131\u011f\u0131 mektuplar da vard\u0131r. Hz. Mevl\u00e2n\u00e2 da bu gelenek d\u00e2hilinde sadr\u0131ndan sat\u0131rlar\u0131na ak\u0131tt\u0131\u011f\u0131 mektuplar yazm\u0131\u015ft\u0131r.   \u0130\u015fte Bilal Kemikli, bu gelene\u011fe dayanarak uzun bir s\u00fcre s\u00fcrd\u00fcrd\u00fc\u011f\u00fc Mesnev\u00ee derslerinin hemen akabinde kaleme alarak derslerine kat\u0131lamayan \u00f6\u011frencilerine ve dostlar\u0131na da &#8220;Cumal\u0131k&#8221; ad\u0131 alt\u0131nda ayr\u0131ca g\u00f6nderdi\u011fi, ilham\u0131n\u0131 \u015eeyh G\u00e2lib Hazretlerinin tabiri ile &#8220;Mesnev\u00ee&#8217;den ald\u0131\u011f\u0131&#8221; mektuplar\u0131n\u0131 okurlar\u0131na sunuyor. Hz. Mevl\u00e2n\u00e2, tasavvuf ne\u015fvesini b\u00fct\u00fcn ilm\u00ee bilgi birikimi ve ilah\u00ee huzurda buldu\u011fu, muhabbetin kem\u00e2le ermi\u015f hali olan a\u015fkla ya\u015fam\u0131\u015ft\u0131r. \u0130\u015fte \u00c2te\u015f-i A\u015fk: Mesnev\u00ee Mektuplar\u0131, Mesnev\u00ee-i \u015eer\u00eef\u2019ten ilhamla, okurlar\u0131na as\u0131rlar\u0131 a\u015fan bir bilgelik gelene\u011finin asla kopmayan rab\u0131talar\u0131n\u0131 edebiyatla birlikte ak\u0131tan bir ilah\u00ee terenn\u00fcmler se\u00e7kisi olarak sunuluyor. <\/p>\n","protected":false},"excerpt":{"rendered":"<p>Her \u015feyden \u00f6nce bir edeb\u00ee t\u00fcr olan mektuplar; bu \u00f6zelli\u011finin yan\u0131 s\u0131ra haber verme, i\u00e7inde bulunulan hali tasvir etme, bir konuyu izah etme, bir g\u00f6r\u00fc\u015f\u00fc telkin<span class=\"excerpt-hellip\"> [\u2026]<\/span><\/p>\n","protected":false},"featured_media":0,"template":"","meta":{"_monsterinsights_skip_tracking":false,"_monsterinsights_sitenote_active":false,"_monsterinsights_sitenote_note":"","_monsterinsights_sitenote_category":0},"product_brand":[],"product_cat":[12718,12719,12720],"product_tag":[],"class_list":{"0":"post-728411","1":"product","2":"type-product","3":"status-publish","5":"product_cat-din","6":"product_cat-islam","7":"product_cat-tasavvuf-mezhepler-tarikatlar","8":"pa_cilt-ciltsiz","9":"pa_tur-kitap","10":"pa_yayinevi-sufi-kitap","11":"pa_yazar-bilal-kemikli","13":"first","14":"instock","15":"sale","16":"shipping-taxable","17":"purchasable","18":"product-type-simple"},"_links":{"self":[{"href":"https:\/\/roveyayinevi.com.tr\/index.php\/wp-json\/wp\/v2\/product\/728411","targetHints":{"allow":["GET"]}}],"collection":[{"href":"https:\/\/roveyayinevi.com.tr\/index.php\/wp-json\/wp\/v2\/product"}],"about":[{"href":"https:\/\/roveyayinevi.com.tr\/index.php\/wp-json\/wp\/v2\/types\/product"}],"wp:attachment":[{"href":"https:\/\/roveyayinevi.com.tr\/index.php\/wp-json\/wp\/v2\/media?parent=728411"}],"wp:term":[{"taxonomy":"product_brand","embeddable":true,"href":"https:\/\/roveyayinevi.com.tr\/index.php\/wp-json\/wp\/v2\/product_brand?post=728411"},{"taxonomy":"product_cat","embeddable":true,"href":"https:\/\/roveyayinevi.com.tr\/index.php\/wp-json\/wp\/v2\/product_cat?post=728411"},{"taxonomy":"product_tag","embeddable":true,"href":"https:\/\/roveyayinevi.com.tr\/index.php\/wp-json\/wp\/v2\/product_tag?post=728411"}],"curies":[{"name":"wp","href":"https:\/\/api.w.org\/{rel}","templated":true}]}}