{"id":728408,"date":"2025-08-27T20:38:41","date_gmt":"2025-08-27T17:38:41","guid":{"rendered":"https:\/\/roveyayinevi.com.tr\/index.php\/urun\/ortanca\/"},"modified":"2026-04-16T02:36:00","modified_gmt":"2026-04-15T23:36:00","slug":"ortanca","status":"publish","type":"product","link":"https:\/\/roveyayinevi.com.tr\/index.php\/urun\/ortanca\/","title":{"rendered":"Ortanca"},"content":{"rendered":"<p>Waterstones 2020 \u00c7ocuk Kitaplar\u0131 \u00d6d\u00fcl\u00fc aday\u01312020 CILIP Carnegie Madalyas\u0131 aday\u0131The Times Haftan\u0131n \u00c7ocuk Kitaplar\u0131 se\u00e7kisi On bir ya\u015f\u0131ndaki Maggie, d\u0131\u015f d\u00fcnyadan bir duvarla ayr\u0131lan Fennis Wick&#8217;te ya\u015far. S\u0131n\u0131r\u0131n \u00f6tesinde \u015fiddetli sessiz sava\u015f s\u00fcrer ve kirli, tehlikeli gezginler dolan\u0131r.En b\u00fcy\u00fck karde\u015fi Jed sayg\u0131 duyulan ve \u00f6zel biridir. Bir kahraman. K\u00fc\u00e7\u00fck karde\u015fi Trig\u2019i herkes \u00e7ok sever. Fakat Maggie yaln\u0131zca ortancad\u0131r, g\u00f6r\u00fcnmez olan ve geride b\u0131rak\u0131lan. S\u0131cak bir Eyl\u00fcl g\u00fcn\u00fc, Maggie a\u00e7, yard\u0131m \u00e7\u0131\u011fl\u0131\u011f\u0131 atan bir gezgin olan Una ile tan\u0131\u015f\u0131r ve Maggie\u2019nin b\u00fct\u00fcn bildikleri alt\u00fcst olur. Maggie\u2019den ustaca ve mizahi bi\u00e7imde unutulmu\u015f ortanca olman\u0131n, ailesi taraf\u0131ndan bile duyulmayan bir \u00e7ocuk olman\u0131n nas\u0131l oldu\u011funu dinleriz.Bu yasak arkada\u015fl\u0131\u011f\u0131n, sadakatin ve ihanetin anlat\u0131ld\u0131\u011f\u0131 kitap distopya okurlar\u0131 i\u00e7in m\u00fckemmel bir tercih. <\/p>\n","protected":false},"excerpt":{"rendered":"<p>Waterstones 2020 \u00c7ocuk Kitaplar\u0131 \u00d6d\u00fcl\u00fc aday\u01312020 CILIP Carnegie Madalyas\u0131 aday\u0131The Times Haftan\u0131n \u00c7ocuk Kitaplar\u0131 se\u00e7kisi On bir ya\u015f\u0131ndaki Maggie, d\u0131\u015f d\u00fcnyadan bir duvarla ayr\u0131lan Fennis Wick&#8217;te<span class=\"excerpt-hellip\"> [\u2026]<\/span><\/p>\n","protected":false},"featured_media":0,"template":"","meta":{"_monsterinsights_skip_tracking":false,"_monsterinsights_sitenote_active":false,"_monsterinsights_sitenote_note":"","_monsterinsights_sitenote_category":0},"product_brand":[],"product_cat":[12540,12291],"product_tag":[],"class_list":{"0":"post-728408","1":"product","2":"type-product","3":"status-publish","5":"product_cat-bilim-kurgu","6":"product_cat-edebiyat","7":"pa_cilt-ciltsiz","8":"pa_tur-kitap","9":"pa_yayinevi-genc-timas","10":"pa_yazar-kirsty-applebaum","12":"first","13":"instock","14":"sale","15":"shipping-taxable","16":"purchasable","17":"product-type-simple"},"_links":{"self":[{"href":"https:\/\/roveyayinevi.com.tr\/index.php\/wp-json\/wp\/v2\/product\/728408","targetHints":{"allow":["GET"]}}],"collection":[{"href":"https:\/\/roveyayinevi.com.tr\/index.php\/wp-json\/wp\/v2\/product"}],"about":[{"href":"https:\/\/roveyayinevi.com.tr\/index.php\/wp-json\/wp\/v2\/types\/product"}],"wp:attachment":[{"href":"https:\/\/roveyayinevi.com.tr\/index.php\/wp-json\/wp\/v2\/media?parent=728408"}],"wp:term":[{"taxonomy":"product_brand","embeddable":true,"href":"https:\/\/roveyayinevi.com.tr\/index.php\/wp-json\/wp\/v2\/product_brand?post=728408"},{"taxonomy":"product_cat","embeddable":true,"href":"https:\/\/roveyayinevi.com.tr\/index.php\/wp-json\/wp\/v2\/product_cat?post=728408"},{"taxonomy":"product_tag","embeddable":true,"href":"https:\/\/roveyayinevi.com.tr\/index.php\/wp-json\/wp\/v2\/product_tag?post=728408"}],"curies":[{"name":"wp","href":"https:\/\/api.w.org\/{rel}","templated":true}]}}