{"id":728406,"date":"2025-08-27T20:38:39","date_gmt":"2025-08-27T17:38:39","guid":{"rendered":"https:\/\/roveyayinevi.com.tr\/index.php\/urun\/modernlesmenin-zihniyet-dunyasi-bir-tanpinar-fetisizmi\/"},"modified":"2026-04-16T02:36:00","modified_gmt":"2026-04-15T23:36:00","slug":"modernlesmenin-zihniyet-dunyasi-bir-tanpinar-fetisizmi","status":"publish","type":"product","link":"https:\/\/roveyayinevi.com.tr\/index.php\/urun\/modernlesmenin-zihniyet-dunyasi-bir-tanpinar-fetisizmi\/","title":{"rendered":"Modernle\u015fmenin Zihniyet D\u00fcnyas\u0131: Bir Tanp\u0131nar Feti\u015fizmi"},"content":{"rendered":"<p>&#8220;Sonu\u00e7 olarak, Tanp\u0131nar ile ilgili bir kitap yazma niyetimin T\u00fcrkiye ile ilgili bir kitap yazmakla sonu\u00e7land\u0131\u011f\u0131n\u0131n fark\u0131nday\u0131m. Bir anlamda Tanp\u0131nar\u2019a haks\u0131zl\u0131k etti\u011fimi de d\u00fc\u015f\u00fcnm\u00fcyor de\u011filim. Ama yine de beni en iyi Tanp\u0131nar\u2019\u0131n anlayaca\u011f\u0131n\u0131 san\u0131yorum. \u00c7\u00fcnk\u00fc bu memleketin nas\u0131l \u201cdominant\u201d bir memleket oldu\u011funu en iyi Tanp\u0131nar bilir. \u201cT\u00fcrkiye evlatlar\u0131na kendisinden ba\u015fka bir \u015feyle me\u015fgul olmak imk\u00e2n\u0131n\u0131 vermiyor\u201d, diyen Tanp\u0131nar de\u011fil miydi? Tanp\u0131nar\u2019\u0131n derdi memleket de\u011fil miydi? Dostlar\u0131 taraf\u0131ndan bile \u201cK\u0131rtipil Hamdi\u201d diye an\u0131lan Tanp\u0131nar san\u0131r\u0131m bu kitab\u0131n son c\u00fcmlesini duysayd\u0131 \u00e7ok sevinirdi. Tanp\u0131nar T\u00fcrkiye\u2019dir!&#8221;Besim Dellalo\u011flu, Modernle\u015fmenin Zihniyet D\u00fcnyas\u0131&#8217;n\u0131 Tanp\u0131nar imgesiyle anlat\u0131yor, T\u00fcrk ayd\u0131nlanmas\u0131n\u0131n anahtar kelimelerini g\u00f6steriyor.<\/p>\n","protected":false},"excerpt":{"rendered":"<p>&#8220;Sonu\u00e7 olarak, Tanp\u0131nar ile ilgili bir kitap yazma niyetimin T\u00fcrkiye ile ilgili bir kitap yazmakla sonu\u00e7land\u0131\u011f\u0131n\u0131n fark\u0131nday\u0131m. Bir anlamda Tanp\u0131nar\u2019a haks\u0131zl\u0131k etti\u011fimi de d\u00fc\u015f\u00fcnm\u00fcyor de\u011filim. Ama<span class=\"excerpt-hellip\"> [\u2026]<\/span><\/p>\n","protected":false},"featured_media":0,"template":"","meta":{"_monsterinsights_skip_tracking":false,"_monsterinsights_sitenote_active":false,"_monsterinsights_sitenote_note":"","_monsterinsights_sitenote_category":0},"product_brand":[],"product_cat":[13072,12291],"product_tag":[],"class_list":{"0":"post-728406","1":"product","2":"type-product","3":"status-publish","5":"product_cat-arastirma-inceleme-referans","6":"product_cat-edebiyat","7":"pa_cilt-ciltsiz","8":"pa_tur-kitap","9":"pa_yayinevi-timas-yayinlari","10":"pa_yazar-besim-f-dellaloglu","12":"first","13":"instock","14":"sale","15":"shipping-taxable","16":"purchasable","17":"product-type-simple"},"_links":{"self":[{"href":"https:\/\/roveyayinevi.com.tr\/index.php\/wp-json\/wp\/v2\/product\/728406","targetHints":{"allow":["GET"]}}],"collection":[{"href":"https:\/\/roveyayinevi.com.tr\/index.php\/wp-json\/wp\/v2\/product"}],"about":[{"href":"https:\/\/roveyayinevi.com.tr\/index.php\/wp-json\/wp\/v2\/types\/product"}],"wp:attachment":[{"href":"https:\/\/roveyayinevi.com.tr\/index.php\/wp-json\/wp\/v2\/media?parent=728406"}],"wp:term":[{"taxonomy":"product_brand","embeddable":true,"href":"https:\/\/roveyayinevi.com.tr\/index.php\/wp-json\/wp\/v2\/product_brand?post=728406"},{"taxonomy":"product_cat","embeddable":true,"href":"https:\/\/roveyayinevi.com.tr\/index.php\/wp-json\/wp\/v2\/product_cat?post=728406"},{"taxonomy":"product_tag","embeddable":true,"href":"https:\/\/roveyayinevi.com.tr\/index.php\/wp-json\/wp\/v2\/product_tag?post=728406"}],"curies":[{"name":"wp","href":"https:\/\/api.w.org\/{rel}","templated":true}]}}