{"id":728404,"date":"2025-08-27T20:38:37","date_gmt":"2025-08-27T17:38:37","guid":{"rendered":"https:\/\/roveyayinevi.com.tr\/index.php\/urun\/irade-egitimi-2\/"},"modified":"2026-04-16T02:36:00","modified_gmt":"2026-04-15T23:36:00","slug":"irade-egitimi-2","status":"publish","type":"product","link":"https:\/\/roveyayinevi.com.tr\/index.php\/urun\/irade-egitimi-2\/","title":{"rendered":"\u0130rade E\u011fitimi"},"content":{"rendered":"<p>\u0130nsan, do\u011fas\u0131 gere\u011fi hem ya\u015fad\u0131\u011f\u0131 d\u00f6neme ayak uydurma hem sahip oldu\u011fu de\u011ferleri koruma hem de arzu ve sorumluluklar\u0131n\u0131 kendi i\u00e7inde dengeleme \u00e7abas\u0131 i\u00e7indedir. Buna g\u00f6re irade e\u011fitimi, her \u015feyden \u00f6nce \u00e7a\u011f\u0131n bize dayatt\u0131\u011f\u0131 \u015feylere direnmek ve \u00e7a\u011f\u0131 do\u011fru okumak ile m\u00fcmk\u00fcn; d\u0131\u015f etkenlerin \u00f6n\u00fcnde bir yaprak gibi savrulmak yerine ki\u015finin kendi kurallar\u0131n\u0131 koymas\u0131yla ve bunlar\u0131 s\u00fcrd\u00fcrmesiyle ger\u00e7ekle\u015fir. Her \u015feyden \u00f6nemlisi, irade e\u011fitimi bir yerden ba\u015flamakla, d\u00fc\u015ft\u00fc\u011f\u00fcm\u00fcz yerden kalkmakla, her d\u00fc\u015f\u00fc\u015fte yeniden kalk\u0131p y\u00fcr\u00fcmekle ve \u00e7aba sarf etmekle m\u00fcmk\u00fcn.Dr. Ferhat Karda\u015f, \u0130rade E\u011fitimi kitab\u0131nda, bu \u015fartlar alt\u0131nda, iradeyi gere\u011finden fazla zorlamadan onu insani \u00f6l\u00e7\u00fclerde e\u011fitmek konusunda son derece \u00f6nemli tespitlerle kar\u015f\u0131m\u0131zda. Bu kitap, ba\u011f\u0131ml\u0131l\u0131klardan kurtulan g\u00fc\u00e7l\u00fc iradeli ki\u015finin ya\u015fam\u0131n\u0131n b\u00fct\u00fcn y\u00f6nleriyle de\u011fi\u015fece\u011fini vurguluyor; hazlar\u0131 ertelemek ve uzun vadeli mutluluklara y\u00f6nelme konusunda detayl\u0131 bir yol haritas\u0131 \u00e7iziyor. Ge\u00e7ici hazlar\u0131n sonucunda ki\u015finin kap\u0131labilece\u011fi depresif ruh hallerinin ve k\u0131sa vadeli hazlar\u0131n muhtemel zararlar\u0131n\u0131 analiz ediyor. B\u00f6ylelikle okurlar\u0131 sa\u011flam, ger\u00e7ek\u00e7i ve tatmin edici bir mutluluk d\u00fczlemine davet ediyor.Al\u0131\u015f\u0131lm\u0131\u015f psikoloji ve ki\u015fisel geli\u015fim kitaplar\u0131ndan \u00e7ok farkl\u0131, kli\u015felerden uzak, irade e\u011fitimini hakk\u0131yla anlatan, rehber niteli\u011finde bir ba\u015fvuru kitab\u0131.<\/p>\n","protected":false},"excerpt":{"rendered":"<p>\u0130nsan, do\u011fas\u0131 gere\u011fi hem ya\u015fad\u0131\u011f\u0131 d\u00f6neme ayak uydurma hem sahip oldu\u011fu de\u011ferleri koruma hem de arzu ve sorumluluklar\u0131n\u0131 kendi i\u00e7inde dengeleme \u00e7abas\u0131 i\u00e7indedir. Buna g\u00f6re irade<span class=\"excerpt-hellip\"> [\u2026]<\/span><\/p>\n","protected":false},"featured_media":0,"template":"","meta":{"_monsterinsights_skip_tracking":false,"_monsterinsights_sitenote_active":false,"_monsterinsights_sitenote_note":"","_monsterinsights_sitenote_category":0},"product_brand":[],"product_cat":[12358,12357],"product_tag":[],"class_list":{"0":"post-728404","1":"product","2":"type-product","3":"status-publish","5":"product_cat-genel-psikoloji","6":"product_cat-psikoloji","7":"pa_cilt-ciltsiz","8":"pa_tur-kitap","9":"pa_yayinevi-timas-yayinlari","10":"pa_yazar-ferhat-kardas","12":"first","13":"instock","14":"sale","15":"shipping-taxable","16":"purchasable","17":"product-type-simple"},"_links":{"self":[{"href":"https:\/\/roveyayinevi.com.tr\/index.php\/wp-json\/wp\/v2\/product\/728404","targetHints":{"allow":["GET"]}}],"collection":[{"href":"https:\/\/roveyayinevi.com.tr\/index.php\/wp-json\/wp\/v2\/product"}],"about":[{"href":"https:\/\/roveyayinevi.com.tr\/index.php\/wp-json\/wp\/v2\/types\/product"}],"wp:attachment":[{"href":"https:\/\/roveyayinevi.com.tr\/index.php\/wp-json\/wp\/v2\/media?parent=728404"}],"wp:term":[{"taxonomy":"product_brand","embeddable":true,"href":"https:\/\/roveyayinevi.com.tr\/index.php\/wp-json\/wp\/v2\/product_brand?post=728404"},{"taxonomy":"product_cat","embeddable":true,"href":"https:\/\/roveyayinevi.com.tr\/index.php\/wp-json\/wp\/v2\/product_cat?post=728404"},{"taxonomy":"product_tag","embeddable":true,"href":"https:\/\/roveyayinevi.com.tr\/index.php\/wp-json\/wp\/v2\/product_tag?post=728404"}],"curies":[{"name":"wp","href":"https:\/\/api.w.org\/{rel}","templated":true}]}}