{"id":728403,"date":"2025-08-27T20:38:36","date_gmt":"2025-08-27T17:38:36","guid":{"rendered":"https:\/\/roveyayinevi.com.tr\/index.php\/urun\/kurtlar-ulkesi\/"},"modified":"2026-04-16T02:36:00","modified_gmt":"2026-04-15T23:36:00","slug":"kurtlar-ulkesi","status":"publish","type":"product","link":"https:\/\/roveyayinevi.com.tr\/index.php\/urun\/kurtlar-ulkesi\/","title":{"rendered":"Kurtlar \u00dclkesi"},"content":{"rendered":"<p>Londra, 2050.Son 50 y\u0131l\u0131n sosyo-ekonomik krizi sona erdi, t\u00fcketicilik hareketi zirvede. \u015eehrin d\u0131\u015f\u0131ndaki topra\u011f\u0131n m\u00fclkiyeti, k\u00fc\u00e7\u00fck bir elit kesimin korumas\u0131nda. N\u00fcfusun geri kalan\u0131ysa \u0130kamet Hakk\u0131 kazanmak i\u00e7in daha fazla harcamak ve t\u00fcketmek zorunda. Ya\u015flanma hakk\u0131 la\u011fvedildi, art\u0131k emekli olmak yerine bir GururEvi\u2019nde huzur i\u00e7inde \u00f6tanaziyi bekleyebilece\u011finiz radikal yeni bir yakla\u015f\u0131m var.Mimar Philip kayboldu\u011funda, kar\u0131s\u0131 Alice evini ve stat\u00fcs\u00fcn\u00fc kaybetme riskiyle kar\u015f\u0131 kar\u015f\u0131ya kal\u0131yor ve i\u00e7inde b\u00fcy\u00fcd\u00fc\u011f\u00fc toplumu sorgulamaya ba\u015fl\u0131yor. Philip\u2019i ararken ailesinin kaderi ve yeni sosyal d\u00fczenin ard\u0131ndaki ger\u00e7ekle ilgili baz\u0131 korkun\u00e7 ger\u00e7eklerle y\u00fczle\u015fmek, yolun sadece ba\u015flang\u0131c\u0131&#8230;Kurtlar \u00dclkesi, fenomen dizi Black Mirror ve Kazuo Ishiguro\u2019nun Beni Asla B\u0131rakma roman\u0131n\u0131n ruhunda, g\u00fc\u00e7l\u00fc bir distopya.\u201cKurtlar \u00dclkesi, b\u00f6ylesine ac\u0131mas\u0131z ve politik a\u00e7\u0131dan vah\u015fi bir d\u00fcnyan\u0131n olas\u0131l\u0131\u011f\u0131 kar\u015f\u0131s\u0131nda kalbinizi so\u011futacak, t\u00fcylerinizi diken diken edecek. T\u00fcnde Farrand, inan\u0131lmaz \u00fcslubu ve anlat\u0131m\u0131yla distopyan\u0131n ve onun rahats\u0131z edici gerekliliklerini kusursuz bir \u015fekilde yerine getiriyor.\u201d \u2013 Buzz Magazine\u201cOkuru ba\u015f\u0131ndan sonuna kadar i\u00e7ine alan, t\u00fcyler \u00fcrpertici ve politik a\u00e7\u0131dan zekice kurgulanm\u0131\u015f bir distopya. Wyndham gelene\u011finde bir bilimkurgu.\u201d \u2013 Jane Rogers, Arthur C. Clarke \u00d6d\u00fcl\u00fc sahibi\u201cFarrand&#8217;\u0131n \u00e7arp\u0131c\u0131 roman\u0131 mevcut sosyal normlar\u0131 ve kutupla\u015fmalar\u0131, s\u0131n\u0131f ayr\u0131m\u0131n\u0131 ve e\u015fitsizli\u011fi distopik bir forma d\u00f6n\u00fc\u015ft\u00fcrmenin m\u00fckemmel bir \u00f6rne\u011fi. [Onun] buradaki ger\u00e7ek becerisi gerilimi y\u00fcksek tutup kitab\u0131n deh\u015fetli ger\u00e7e\u011fi ortaya \u00e7\u0131kana kadar okurun merak\u0131n\u0131 hep y\u00fcksek tutmak.\u201d \u2013 Electric Literature<\/p>\n","protected":false},"excerpt":{"rendered":"<p>Londra, 2050.Son 50 y\u0131l\u0131n sosyo-ekonomik krizi sona erdi, t\u00fcketicilik hareketi zirvede. \u015eehrin d\u0131\u015f\u0131ndaki topra\u011f\u0131n m\u00fclkiyeti, k\u00fc\u00e7\u00fck bir elit kesimin korumas\u0131nda. N\u00fcfusun geri kalan\u0131ysa \u0130kamet Hakk\u0131 kazanmak<span class=\"excerpt-hellip\"> [\u2026]<\/span><\/p>\n","protected":false},"featured_media":0,"template":"","meta":{"_monsterinsights_skip_tracking":false,"_monsterinsights_sitenote_active":false,"_monsterinsights_sitenote_note":"","_monsterinsights_sitenote_category":0},"product_brand":[],"product_cat":[12291,12711],"product_tag":[],"class_list":{"0":"post-728403","1":"product","2":"type-product","3":"status-publish","5":"product_cat-edebiyat","6":"product_cat-roman-oyku","7":"pa_cilt-ciltsiz","8":"pa_tur-kitap","9":"pa_yayinevi-timas-yayinlari","10":"pa_yazar-tunde-farrand","12":"first","13":"instock","14":"sale","15":"shipping-taxable","16":"purchasable","17":"product-type-simple"},"_links":{"self":[{"href":"https:\/\/roveyayinevi.com.tr\/index.php\/wp-json\/wp\/v2\/product\/728403","targetHints":{"allow":["GET"]}}],"collection":[{"href":"https:\/\/roveyayinevi.com.tr\/index.php\/wp-json\/wp\/v2\/product"}],"about":[{"href":"https:\/\/roveyayinevi.com.tr\/index.php\/wp-json\/wp\/v2\/types\/product"}],"wp:attachment":[{"href":"https:\/\/roveyayinevi.com.tr\/index.php\/wp-json\/wp\/v2\/media?parent=728403"}],"wp:term":[{"taxonomy":"product_brand","embeddable":true,"href":"https:\/\/roveyayinevi.com.tr\/index.php\/wp-json\/wp\/v2\/product_brand?post=728403"},{"taxonomy":"product_cat","embeddable":true,"href":"https:\/\/roveyayinevi.com.tr\/index.php\/wp-json\/wp\/v2\/product_cat?post=728403"},{"taxonomy":"product_tag","embeddable":true,"href":"https:\/\/roveyayinevi.com.tr\/index.php\/wp-json\/wp\/v2\/product_tag?post=728403"}],"curies":[{"name":"wp","href":"https:\/\/api.w.org\/{rel}","templated":true}]}}