{"id":728402,"date":"2025-08-27T20:38:36","date_gmt":"2025-08-27T17:38:36","guid":{"rendered":"https:\/\/roveyayinevi.com.tr\/index.php\/urun\/elementsel\/"},"modified":"2026-04-16T02:36:00","modified_gmt":"2026-04-15T23:36:00","slug":"elementsel","status":"publish","type":"product","link":"https:\/\/roveyayinevi.com.tr\/index.php\/urun\/elementsel\/","title":{"rendered":"Elementsel"},"content":{"rendered":"<p>Cep telefonlar\u0131m\u0131z\u0131 titre\u015ftiren element hangisidir? Peki ya foto\u011fraf \u00e7ekmemizi sa\u011flayan element?Hidrojeni hayal edilebilecek en temiz yak\u0131t yapan nedir? Periyodik tablo bug\u00fcnk\u00fc haline nas\u0131l geldi?Bir g\u00fcn gezegenimizi terk etmek zorunda kalsak bizi hangi element kurtar\u0131r?Elementler insan\u0131n d\u00fcnyayla ilgili anlam aray\u0131\u015f\u0131nda her zaman \u00f6nemli bir yer tuttu. B\u00fcy\u00fck Patlama\u2019dan bug\u00fcne; yedi\u011fimiz yemekten soludu\u011fumuz havaya, \u00e7akma\u011f\u0131m\u0131zdan \u00e7\u0131kan k\u0131v\u0131lc\u0131mdan muslu\u011fumuzdan akan suya, X-Men\u2019den Demir Adam\u2019a kadar her \u015feyin \u00f6z\u00fcnde elementler var.Tim James, Daily Mail taraf\u0131ndan Y\u0131l\u0131n En \u0130yi Kitaplar\u0131 aras\u0131nda g\u00f6sterilen Elementsel\u2019de, periyodik tabloyu mizahi anlat\u0131m\u0131yla ders kitab\u0131 s\u0131k\u0131c\u0131l\u0131\u011f\u0131ndan kurtar\u0131yor ve evrenle ilgili neredeyse b\u00fct\u00fcn sorular\u0131m\u0131z\u0131 cevapl\u0131yor. Bizi hem bildi\u011fimiz elementlerin fark\u0131nda olmad\u0131\u011f\u0131m\u0131z \u00f6zellikleri ve kullan\u0131mlar\u0131yla hem de periyodik tablonun en k\u00f6\u015fede kalm\u0131\u015f elementleriyle tan\u0131\u015ft\u0131r\u0131yor.\u201cBir kimya \u00f6\u011fretmeni olan Tim James okurun dikkatini nas\u0131l \u00e7ekece\u011fini iyi biliyor\u2026 Elementsel hem e\u011flendiriyor hem \u00f6\u011fretiyor. E\u011flenceli \u00e7izimleri, \u00e7\u0131lg\u0131n mizah\u0131 ve verdi\u011fi \u00e7e\u015fit \u00e7e\u015fit bilgiyle Elementsel bizi Mendeleyev\u2019in hayalini kurdu\u011fu her \u015feyin \u00f6tesinde bir \u00e2leme g\u00f6t\u00fcr\u00fcyor.\u201d &#8211; The Wall Street Journal\u201c\u00d6\u011frenciler ve bilimsel metinlere yeni ba\u015flayanlar i\u00e7in ideal. Y\u0131ld\u0131zlar\u0131n bile\u015fiminden insanlar i\u00e7in en yararl\u0131 elementlere, James her okura uygun, k\u0131sa, etkileyici ve ne\u015feli b\u00f6l\u00fcmler sunuyor.\u201d &#8211; Publishers Weekly\u201cBilimin s\u0131k\u0131c\u0131 ve yavan olmas\u0131 gerekti\u011fini kim s\u00f6yledi? Tim James olmad\u0131\u011f\u0131 kesin. \u0130ster kuvvetli asitleri ya da bir anda yanmaya ba\u015flayan insanlar\u0131, ister b\u00fct\u00fcn elementlerin kar\u0131\u015f\u0131m\u0131n\u0131n nas\u0131l bir sonu\u00e7 do\u011furaca\u011f\u0131n\u0131 anlats\u0131n, bu kitap periyodik tabloya hayat veriyor.\u201d &#8211; The New York Post<\/p>\n","protected":false},"excerpt":{"rendered":"<p>Cep telefonlar\u0131m\u0131z\u0131 titre\u015ftiren element hangisidir? Peki ya foto\u011fraf \u00e7ekmemizi sa\u011flayan element?Hidrojeni hayal edilebilecek en temiz yak\u0131t yapan nedir? Periyodik tablo bug\u00fcnk\u00fc haline nas\u0131l geldi?Bir g\u00fcn gezegenimizi<span class=\"excerpt-hellip\"> [\u2026]<\/span><\/p>\n","protected":false},"featured_media":0,"template":"","meta":{"_monsterinsights_skip_tracking":false,"_monsterinsights_sitenote_active":false,"_monsterinsights_sitenote_note":"","_monsterinsights_sitenote_category":0},"product_brand":[],"product_cat":[13005,13006],"product_tag":[],"class_list":{"0":"post-728402","1":"product","2":"type-product","3":"status-publish","5":"product_cat-bilim-muhendislik","6":"product_cat-populer-bilim","7":"pa_cilt-ciltsiz","8":"pa_tur-kitap","9":"pa_yayinevi-timas-yayinlari","10":"pa_yazar-tim-james","12":"first","13":"instock","14":"sale","15":"shipping-taxable","16":"purchasable","17":"product-type-simple"},"_links":{"self":[{"href":"https:\/\/roveyayinevi.com.tr\/index.php\/wp-json\/wp\/v2\/product\/728402","targetHints":{"allow":["GET"]}}],"collection":[{"href":"https:\/\/roveyayinevi.com.tr\/index.php\/wp-json\/wp\/v2\/product"}],"about":[{"href":"https:\/\/roveyayinevi.com.tr\/index.php\/wp-json\/wp\/v2\/types\/product"}],"wp:attachment":[{"href":"https:\/\/roveyayinevi.com.tr\/index.php\/wp-json\/wp\/v2\/media?parent=728402"}],"wp:term":[{"taxonomy":"product_brand","embeddable":true,"href":"https:\/\/roveyayinevi.com.tr\/index.php\/wp-json\/wp\/v2\/product_brand?post=728402"},{"taxonomy":"product_cat","embeddable":true,"href":"https:\/\/roveyayinevi.com.tr\/index.php\/wp-json\/wp\/v2\/product_cat?post=728402"},{"taxonomy":"product_tag","embeddable":true,"href":"https:\/\/roveyayinevi.com.tr\/index.php\/wp-json\/wp\/v2\/product_tag?post=728402"}],"curies":[{"name":"wp","href":"https:\/\/api.w.org\/{rel}","templated":true}]}}