{"id":728397,"date":"2025-08-27T20:38:31","date_gmt":"2025-08-27T17:38:31","guid":{"rendered":"https:\/\/roveyayinevi.com.tr\/index.php\/urun\/okuma-bilmeyen-kitapci\/"},"modified":"2026-01-29T03:05:14","modified_gmt":"2026-01-29T00:05:14","slug":"okuma-bilmeyen-kitapci","status":"publish","type":"product","link":"https:\/\/roveyayinevi.com.tr\/index.php\/urun\/okuma-bilmeyen-kitapci\/","title":{"rendered":"Okuma Bilmeyen Kitap\u00e7\u0131"},"content":{"rendered":"<p>Kitaplar\u0131n b\u00fcy\u00fcl\u00fc d\u00fcnyas\u0131nda e\u011flence dolu bir aile maceras\u0131\u2026Daha k\u00fc\u00e7\u00fckken bir kitabevinde terk edilen ve kay\u0131p e\u015fya dolab\u0131nda bulunan Property&#8217;nin s\u0131ra d\u0131\u015f\u0131 bir \u00f6zelli\u011fi var: O, bir kitabevinde ya\u015f\u0131yor. Kitaplarla dolu bu yer ve kitabevinin sevgi dolu sahipleri art\u0131k onun evi ve ailesi.Fakat herkesten saklad\u0131\u011f\u0131 bir s\u0131rr\u0131 var, okumay\u0131 bilmiyor!Bir g\u00fcn ailesi s\u00fcrpriz bir \u00e7ekili\u015fte d\u00fcnyadaki en b\u00fcy\u00fck kitabevini kazand\u0131\u011f\u0131nda Property\u2019in hayat\u0131 alt\u00fcst olur. Sahip olduklar\u0131 yeni kitabevi ba\u015flar\u0131na hi\u00e7 beklemedikleri bir dert a\u00e7ar. Kitabevinin gizemini \u00e7\u00f6zmeye \u00e7al\u0131\u015fan Property, kendi s\u0131rr\u0131n\u0131 koruyabilecek mi?&#8221;Bu kitap, \u00e7ocu\u011funuzun \u00f6m\u00fcr boyu kitap sevgisi kazanmas\u0131 i\u00e7in alt\u0131n bilet olabilir.&#8221; -MinervaReads&#8221;Bu hik\u00e2ye, kitapseverler, kitabevi a\u015f\u0131klar\u0131 ve tabii ki her yerdeki kedi severler i\u00e7in birebir.&#8221; -Sue&amp;Pakka&#8217;s<\/p>\n","protected":false},"excerpt":{"rendered":"<p>Kitaplar\u0131n b\u00fcy\u00fcl\u00fc d\u00fcnyas\u0131nda e\u011flence dolu bir aile maceras\u0131\u2026Daha k\u00fc\u00e7\u00fckken bir kitabevinde terk edilen ve kay\u0131p e\u015fya dolab\u0131nda bulunan Property&#8217;nin s\u0131ra d\u0131\u015f\u0131 bir \u00f6zelli\u011fi var: O, bir<span class=\"excerpt-hellip\"> [\u2026]<\/span><\/p>\n","protected":false},"featured_media":0,"template":"","meta":{"_monsterinsights_skip_tracking":false,"_monsterinsights_sitenote_active":false,"_monsterinsights_sitenote_note":"","_monsterinsights_sitenote_category":0},"product_brand":[],"product_cat":[12275,12274],"product_tag":[],"class_list":{"0":"post-728397","1":"product","2":"type-product","3":"status-publish","5":"product_cat-6-12-yas-kitaplari","6":"product_cat-cocuk-ve-genclik-kitaplari","7":"pa_cilt-ciltsiz","8":"pa_tur-kitap","9":"pa_yayinevi-timas-cocuk","10":"pa_yazar-sylvia-bishop","12":"first","13":"instock","14":"sale","15":"shipping-taxable","16":"purchasable","17":"product-type-simple"},"_links":{"self":[{"href":"https:\/\/roveyayinevi.com.tr\/index.php\/wp-json\/wp\/v2\/product\/728397","targetHints":{"allow":["GET"]}}],"collection":[{"href":"https:\/\/roveyayinevi.com.tr\/index.php\/wp-json\/wp\/v2\/product"}],"about":[{"href":"https:\/\/roveyayinevi.com.tr\/index.php\/wp-json\/wp\/v2\/types\/product"}],"wp:attachment":[{"href":"https:\/\/roveyayinevi.com.tr\/index.php\/wp-json\/wp\/v2\/media?parent=728397"}],"wp:term":[{"taxonomy":"product_brand","embeddable":true,"href":"https:\/\/roveyayinevi.com.tr\/index.php\/wp-json\/wp\/v2\/product_brand?post=728397"},{"taxonomy":"product_cat","embeddable":true,"href":"https:\/\/roveyayinevi.com.tr\/index.php\/wp-json\/wp\/v2\/product_cat?post=728397"},{"taxonomy":"product_tag","embeddable":true,"href":"https:\/\/roveyayinevi.com.tr\/index.php\/wp-json\/wp\/v2\/product_tag?post=728397"}],"curies":[{"name":"wp","href":"https:\/\/api.w.org\/{rel}","templated":true}]}}