{"id":728396,"date":"2025-08-27T20:38:30","date_gmt":"2025-08-27T17:38:30","guid":{"rendered":"https:\/\/roveyayinevi.com.tr\/index.php\/urun\/guzel-ulke-atlasi-ciltli\/"},"modified":"2026-03-25T02:47:24","modified_gmt":"2026-03-24T23:47:24","slug":"guzel-ulke-atlasi-ciltli","status":"publish","type":"product","link":"https:\/\/roveyayinevi.com.tr\/index.php\/urun\/guzel-ulke-atlasi-ciltli\/","title":{"rendered":"G\u00fczel \u00dclke Atlas\u0131 (Ciltli)"},"content":{"rendered":"<p>\u00d6yle bir \u00fclke d\u00fc\u015f\u00fcn ki i\u00e7inde u\u00e7suz bucaks\u0131z denizler, yemye\u015fil ormanlar, heybetli da\u011flar, \u015felaleler, binlerce y\u0131ll\u0131k tarih, antik kentler, enfes yemekler olsun. \u0130ster y\u00fcce bir da\u011f\u0131n\u0131n yama\u00e7lar\u0131nda kayak yap, ister masmavi denizlerinde y\u00fcz, ister rengarenk do\u011fas\u0131nda uzun uzun y\u00fcr\u00fc, ister kanyonlar\u0131nda rafting yap, istersen de d\u00fcrb\u00fcn\u00fcn\u00fc al\u0131p ormanlar\u0131ndaki t\u00fcrl\u00fc t\u00fcrl\u00fc a\u011fa\u00e7lar\u0131 ve ku\u015flar\u0131 ke\u015ffet.\u0130\u015fte Antik \u00c7a\u011f \u015fehirlerinden Osmanl\u0131 saraylar\u0131na, Sel\u00e7uklu yap\u0131lar\u0131ndan Hitit tabletlerine kadar bir s\u00fcr\u00fc farkl\u0131 k\u00fclt\u00fcr\u00fc ve medeniyeti i\u00e7inde bar\u0131nd\u0131ran g\u00fczel \u00fclke: T\u00fcrkiye! Sanki onlarca \u00fclke tek bir \u00fclkenin i\u00e7inde!Kar\u0131\u015f kar\u0131\u015f dola\u015fsan da bitmeyecek zenginlikleriyle T\u00fcrkiye\u2019nin say\u0131s\u0131z g\u00fczelliklerinin bir k\u0131sm\u0131 G\u00fczel \u00dclke Atlas\u0131\u2019nda.Taze Kitap\u2019\u0131n hem \u00e7ocuklarca hem b\u00fcy\u00fcklerce \u00e7ok sevilen atlas serisi, T\u00fcrkiye\u2019de gezip g\u00f6r\u00fclecek tarih\u00ee ve do\u011fal g\u00fczellikleri anlatan G\u00fczel \u00dclke Atlas\u0131 ile geni\u015fledi. G\u00fczel \u00dclke Atlas\u0131, t\u0131pk\u0131 T\u00fcrkiye gibi farkl\u0131 renkleri, tatlar\u0131, \u00f6yk\u00fcleri i\u00e7inde bar\u0131nd\u0131r\u0131yor. Usta gazeteci Mutlu T\u00f6nbekici\u2019nin kaleme ald\u0131\u011f\u0131 G\u00fczel \u00dclke Atlas\u0131, T\u00fcrkiye\u2019yi merak eden ve T\u00fcrkiye\u2019yi seven her ya\u015ftan okur i\u00e7in raflarda.<\/p>\n","protected":false},"excerpt":{"rendered":"<p>\u00d6yle bir \u00fclke d\u00fc\u015f\u00fcn ki i\u00e7inde u\u00e7suz bucaks\u0131z denizler, yemye\u015fil ormanlar, heybetli da\u011flar, \u015felaleler, binlerce y\u0131ll\u0131k tarih, antik kentler, enfes yemekler olsun. \u0130ster y\u00fcce bir da\u011f\u0131n\u0131n<span class=\"excerpt-hellip\"> [\u2026]<\/span><\/p>\n","protected":false},"featured_media":0,"template":"","meta":{"_monsterinsights_skip_tracking":false,"_monsterinsights_sitenote_active":false,"_monsterinsights_sitenote_note":"","_monsterinsights_sitenote_category":0},"product_brand":[],"product_cat":[13829,12274],"product_tag":[],"class_list":{"0":"post-728396","1":"product","2":"type-product","3":"status-publish","5":"product_cat-bilimsel-kitaplar","6":"product_cat-cocuk-ve-genclik-kitaplari","7":"pa_cilt-ciltli","8":"pa_tur-kitap","9":"pa_yayinevi-taze-kitap","10":"pa_yazar-mutlu-tonbekici","12":"first","13":"instock","14":"sale","15":"shipping-taxable","16":"purchasable","17":"product-type-simple"},"_links":{"self":[{"href":"https:\/\/roveyayinevi.com.tr\/index.php\/wp-json\/wp\/v2\/product\/728396","targetHints":{"allow":["GET"]}}],"collection":[{"href":"https:\/\/roveyayinevi.com.tr\/index.php\/wp-json\/wp\/v2\/product"}],"about":[{"href":"https:\/\/roveyayinevi.com.tr\/index.php\/wp-json\/wp\/v2\/types\/product"}],"wp:attachment":[{"href":"https:\/\/roveyayinevi.com.tr\/index.php\/wp-json\/wp\/v2\/media?parent=728396"}],"wp:term":[{"taxonomy":"product_brand","embeddable":true,"href":"https:\/\/roveyayinevi.com.tr\/index.php\/wp-json\/wp\/v2\/product_brand?post=728396"},{"taxonomy":"product_cat","embeddable":true,"href":"https:\/\/roveyayinevi.com.tr\/index.php\/wp-json\/wp\/v2\/product_cat?post=728396"},{"taxonomy":"product_tag","embeddable":true,"href":"https:\/\/roveyayinevi.com.tr\/index.php\/wp-json\/wp\/v2\/product_tag?post=728396"}],"curies":[{"name":"wp","href":"https:\/\/api.w.org\/{rel}","templated":true}]}}