{"id":728395,"date":"2025-08-27T20:38:29","date_gmt":"2025-08-27T17:38:29","guid":{"rendered":"https:\/\/roveyayinevi.com.tr\/index.php\/urun\/historia-1923-sayi-8\/"},"modified":"2026-04-16T02:36:00","modified_gmt":"2026-04-15T23:36:00","slug":"historia-1923-sayi-8","status":"publish","type":"product","link":"https:\/\/roveyayinevi.com.tr\/index.php\/urun\/historia-1923-sayi-8\/","title":{"rendered":"Historia 1923 &#8211; Say\u0131: 8"},"content":{"rendered":"<p>Edit\u00f6rden&#8230;\u201cKad\u0131n Nedir?\u201d ba\u015fl\u0131\u011f\u0131n\u0131 ta\u015f\u0131yan bu say\u0131m\u0131zda hem Osmanl\u0131 D\u00f6nemi hem de Cumhuriyet D\u00f6nemi yazarlar\u0131n\u0131n kalem \u00fcr\u00fcnlerine yer vermek suretiyle, bu ezel\u00ee ve ebed\u00ee muammaya yerel ve evrensel ba\u011flamlarda farkl\u0131 bir bak\u0131\u015f getirmeye \u00e7al\u0131\u015ft\u0131k.Malum oldu\u011fu \u00fczere, kad\u0131n konusunu g\u00fcndeme ta\u015f\u0131yan ilk m\u00fcstakil T\u00fcrk\u00e7e kitaplar, 1879 y\u0131l\u0131ndan sonra yay\u0131mlanmaya ba\u015flad\u0131; bunlar aras\u0131nda \u00f6zellikle \u015fu eserleri burada hat\u0131rlatmak gerekir:\u015eemseddin Sami, Kad\u0131nlar, \u0130stanbul 1879.Fatma Aliye, Nisv\u00e2n-\u0131 \u0130sl\u00e2m, \u0130stanbul 1892.Ahmed R\u0131za, Kad\u0131n, Paris 1908.Halil H\u00e2mid, \u0130sl\u00e2miyet\u2019te Feminizm y\u00e2h\u00fbd \u00c2lem-i Nisv\u00e2nda M\u00fcs\u00e2v\u00e2t-\u0131 T\u00e2mme, \u0130stanbul 1910.Odette Laguerre, Feminizm, \u00c2lem-i Nisv\u00e2n, \u00c7eviren: Baha Tevfik, \u0130stanbul 1911.Celal Nuri, Kad\u0131nlar\u0131m\u0131z, \u0130stanbul 1913.Yakub Kadri, Kad\u0131nl\u0131k ve Kad\u0131nlar\u0131m\u0131z, \u0130stanbul 1923.Cemal Zeki, Gen\u00e7 K\u0131z ve Kad\u0131nlarda \u0130ntihar: Sebeb, Korunma \u00c7areleri; \u0130ctim\u00e2\u2018\u00ee-T\u0131bb\u00ee, \u0130stanbul 1927.Selahaddin \u00c2s\u0131m, T\u00fcrk Kad\u0131nl\u0131\u011f\u0131n\u0131n Teredd\u00eesi y\u00e2h\u00fbd Kad\u0131nla\u015fmak, \u0130stanbul, Tarihsiz. Bunlarda dile getirilen ve getirilmeyen talepler, Mustafa Kemal Atat\u00fcrk\u2019\u00fcn T\u00fcrkiye Cumhuriyeti\u2019ni kurmas\u0131ndan sonra ger\u00e7ekle\u015ftirilmeye ve tabiri caizse kad\u0131n\u0131n hakk\u0131 takdir edilmeye ba\u015fland\u0131.\u0130\u015fte bu say\u0131m\u0131zda, bu ba\u011flamda yap\u0131labilenler ile yap\u0131lamayanlar\u0131 sergilemek istedik.Dosya Yaz\u0131lar\u0131\u2019nda Erendiz Atas\u00fc, \u0130rem Oru\u00e7, Se\u00e7il Karal Akg\u00fcn ile \u015eennur Tutarel K\u0131\u015flak ve Damla Tufan bu konudaki ara\u015ft\u0131rma sonu\u00e7lar\u0131n\u0131 ve d\u00fc\u015f\u00fcnce \u00fcr\u00fcnlerini sergilediler.Kad\u0131nlar, ge\u00e7en y\u00fczy\u0131ldan itibaren bilim sahas\u0131nda \u00f6nceki \u00e7a\u011flarla kar\u015f\u0131la\u015ft\u0131r\u0131lamayacak ba\u015far\u0131lara imza att\u0131lar; G\u00fcnseli Naymansoy, Ebru A\u00e7\u0131k Tur\u011futer ve Londa Schiebinger makalelerinde bu ba\u015far\u0131 \u00f6yk\u00fclerinden baz\u0131lar\u0131n\u0131 i\u015flediler.T\u00fcrk D\u00fc\u015f\u00fcnce Tarihi\u2019ne yap\u0131tlar\u0131yla \u00e7e\u015fitli katk\u0131larda bulunan Halide Edip Ad\u0131var, Suat Dervi\u015f ve Bedia Akarsu \u00fczerine makaleler ile otomobil yar\u0131\u015f\u00e7\u0131s\u0131 Samiye Cahit Morkaya hakk\u0131ndaki yaz\u0131 da Dosya Yaz\u0131lar\u0131 i\u00e7erisinde kar\u015f\u0131la\u015faca\u011f\u0131n\u0131z metinler aras\u0131nda yer almaktad\u0131r.Dosya-d\u0131\u015f\u0131 Yaz\u0131lar&#8217;da Ergun T\u00fcrkcan, asl\u0131nda ge\u00e7en say\u0131m\u0131zda b\u0131rakt\u0131\u011f\u0131 yerden tart\u0131\u015fmas\u0131n\u0131 s\u00fcrd\u00fcrd\u00fc ve bu defa modernle\u015fme konusunu inceledi. Sina Ak\u015fin, Sakarya Zaferi sonras\u0131 ya\u015fananlar\u0131 ele ald\u0131. \u00d6zlem Parer ise bir d\u00f6nem \u0130stanbul\u2019da bulunan Bizantolog Arkeolog Fyodor \u0130vanovi\u00e7 Uspenski\u2019yi ve \u00e7al\u0131\u015fmalar\u0131n\u0131 tan\u0131tt\u0131.K\u00f6\u015fe Yaz\u0131lar\u0131\u2019nda Mehmed Halid Bey ile Remzi Demir ve Ergun T\u00fcrkcan\u2019\u0131n ilginizi \u00e7ekece\u011fini d\u00fc\u015f\u00fcnd\u00fc\u011f\u00fcm\u00fcz \u00fc\u00e7 makalesine yer verdik.Ge\u00e7mi\u015ften Metinler\u2019de ise Bursal\u0131 Mehmed Tahir\u2019in \u201c\u0130slam\u2019da Kad\u0131n\u201d ba\u015fl\u0131kl\u0131 yaz\u0131s\u0131 yer ald\u0131.Burada hepsine te\u015fekk\u00fcr etmek isteriz.Ayr\u0131ca bu say\u0131n\u0131n haz\u0131rlanmas\u0131na b\u00fcy\u00fck katk\u0131da bulunan ve misafir edit\u00f6rl\u00fck yapan B\u00fclent Ecevit \u00dcniversitesi \u00d6\u011fretim \u00dcyesi Figen Uzar\u2019a da \u015f\u00fckranlar\u0131m\u0131z\u0131 sunar\u0131z.\u0130stanbul S\u00f6zle\u015fmesi\u2019nin tart\u0131\u015f\u0131ld\u0131\u011f\u0131 bir d\u00f6nemde haz\u0131rlad\u0131\u011f\u0131m\u0131z bu say\u0131da, Yay\u0131n Kurulu olarak \u015funu s\u00f6ylemek istiyoruz:\u201cKad\u0131nlar ya\u015fayacaklar, e\u015fit ve \u00f6zg\u00fcr olacaklar!\u201d<\/p>\n","protected":false},"excerpt":{"rendered":"<p>Edit\u00f6rden&#8230;\u201cKad\u0131n Nedir?\u201d ba\u015fl\u0131\u011f\u0131n\u0131 ta\u015f\u0131yan bu say\u0131m\u0131zda hem Osmanl\u0131 D\u00f6nemi hem de Cumhuriyet D\u00f6nemi yazarlar\u0131n\u0131n kalem \u00fcr\u00fcnlerine yer vermek suretiyle, bu ezel\u00ee ve ebed\u00ee muammaya yerel ve<span class=\"excerpt-hellip\"> [\u2026]<\/span><\/p>\n","protected":false},"featured_media":0,"template":"","meta":{"_monsterinsights_skip_tracking":false,"_monsterinsights_sitenote_active":false,"_monsterinsights_sitenote_note":"","_monsterinsights_sitenote_category":0},"product_brand":[],"product_cat":[13527],"product_tag":[],"class_list":{"0":"post-728395","1":"product","2":"type-product","3":"status-publish","5":"product_cat-sureli-yayinlar","6":"pa_cilt-ciltsiz","7":"pa_tur-dergi","8":"pa_yayinevi-bilgi-yayinevi","9":"pa_yazar-bilgi-yayinevi-kolektif","11":"first","12":"instock","13":"sale","14":"shipping-taxable","15":"purchasable","16":"product-type-simple"},"_links":{"self":[{"href":"https:\/\/roveyayinevi.com.tr\/index.php\/wp-json\/wp\/v2\/product\/728395","targetHints":{"allow":["GET"]}}],"collection":[{"href":"https:\/\/roveyayinevi.com.tr\/index.php\/wp-json\/wp\/v2\/product"}],"about":[{"href":"https:\/\/roveyayinevi.com.tr\/index.php\/wp-json\/wp\/v2\/types\/product"}],"wp:attachment":[{"href":"https:\/\/roveyayinevi.com.tr\/index.php\/wp-json\/wp\/v2\/media?parent=728395"}],"wp:term":[{"taxonomy":"product_brand","embeddable":true,"href":"https:\/\/roveyayinevi.com.tr\/index.php\/wp-json\/wp\/v2\/product_brand?post=728395"},{"taxonomy":"product_cat","embeddable":true,"href":"https:\/\/roveyayinevi.com.tr\/index.php\/wp-json\/wp\/v2\/product_cat?post=728395"},{"taxonomy":"product_tag","embeddable":true,"href":"https:\/\/roveyayinevi.com.tr\/index.php\/wp-json\/wp\/v2\/product_tag?post=728395"}],"curies":[{"name":"wp","href":"https:\/\/api.w.org\/{rel}","templated":true}]}}