{"id":728394,"date":"2025-08-27T20:38:28","date_gmt":"2025-08-27T17:38:28","guid":{"rendered":"https:\/\/roveyayinevi.com.tr\/index.php\/urun\/deniz-ne-renktir\/"},"modified":"2026-04-16T02:36:00","modified_gmt":"2026-04-15T23:36:00","slug":"deniz-ne-renktir","status":"publish","type":"product","link":"https:\/\/roveyayinevi.com.tr\/index.php\/urun\/deniz-ne-renktir\/","title":{"rendered":"Deniz Ne Renktir?"},"content":{"rendered":"<p>Koala, denizin rengini sordu\u011funda, Koala, denizin rengini sordu\u011funda, farkl\u0131 yan\u0131tlar al\u0131r. Bu y\u00fczden cevab\u0131 farkl\u0131 yan\u0131tlar al\u0131r. Bu y\u00fczden cevab\u0131 kendi bulmaya karar verir..<\/p>\n","protected":false},"excerpt":{"rendered":"<p>Koala, denizin rengini sordu\u011funda, Koala, denizin rengini sordu\u011funda, farkl\u0131 yan\u0131tlar al\u0131r. Bu y\u00fczden cevab\u0131 farkl\u0131 yan\u0131tlar al\u0131r. Bu y\u00fczden cevab\u0131 kendi bulmaya karar verir..<\/p>\n","protected":false},"featured_media":0,"template":"","meta":{"_monsterinsights_skip_tracking":false,"_monsterinsights_sitenote_active":false,"_monsterinsights_sitenote_note":"","_monsterinsights_sitenote_category":0},"product_brand":[],"product_cat":[12274,12284],"product_tag":[],"class_list":{"0":"post-728394","1":"product","2":"type-product","3":"status-publish","5":"product_cat-cocuk-ve-genclik-kitaplari","6":"product_cat-hikayeler","7":"pa_cilt-ciltsiz","8":"pa_tur-kitap","9":"pa_yayinevi-is-bankasi-kultur-yayinlari","10":"pa_yazar-katie-stewart","12":"first","13":"instock","14":"sale","15":"shipping-taxable","16":"purchasable","17":"product-type-simple"},"_links":{"self":[{"href":"https:\/\/roveyayinevi.com.tr\/index.php\/wp-json\/wp\/v2\/product\/728394","targetHints":{"allow":["GET"]}}],"collection":[{"href":"https:\/\/roveyayinevi.com.tr\/index.php\/wp-json\/wp\/v2\/product"}],"about":[{"href":"https:\/\/roveyayinevi.com.tr\/index.php\/wp-json\/wp\/v2\/types\/product"}],"wp:attachment":[{"href":"https:\/\/roveyayinevi.com.tr\/index.php\/wp-json\/wp\/v2\/media?parent=728394"}],"wp:term":[{"taxonomy":"product_brand","embeddable":true,"href":"https:\/\/roveyayinevi.com.tr\/index.php\/wp-json\/wp\/v2\/product_brand?post=728394"},{"taxonomy":"product_cat","embeddable":true,"href":"https:\/\/roveyayinevi.com.tr\/index.php\/wp-json\/wp\/v2\/product_cat?post=728394"},{"taxonomy":"product_tag","embeddable":true,"href":"https:\/\/roveyayinevi.com.tr\/index.php\/wp-json\/wp\/v2\/product_tag?post=728394"}],"curies":[{"name":"wp","href":"https:\/\/api.w.org\/{rel}","templated":true}]}}