{"id":728391,"date":"2025-08-27T20:38:25","date_gmt":"2025-08-27T17:38:25","guid":{"rendered":"https:\/\/roveyayinevi.com.tr\/index.php\/urun\/benim-babam-bir-harika\/"},"modified":"2026-04-16T02:36:00","modified_gmt":"2026-04-15T23:36:00","slug":"benim-babam-bir-harika","status":"publish","type":"product","link":"https:\/\/roveyayinevi.com.tr\/index.php\/urun\/benim-babam-bir-harika\/","title":{"rendered":"Benim Babam Bir Harika"},"content":{"rendered":"<p>Birlikte kahvalt\u0131 haz\u0131rlayan, d\u00fcnyan\u0131n en m\u00fcthi\u015f a\u011fa\u00e7 evini in\u015fa eden ve gizli hazinelerin pe\u015finde ko\u015fan bu minik k\u00f6pe\u011fe ve babas\u0131na e\u015flik etmek ister misin? E\u011flenceli ve duygu y\u00fckl\u00fc anlarla dolu bu hik\u00e2yeye sen de ad\u0131m at!<\/p>\n","protected":false},"excerpt":{"rendered":"<p>Birlikte kahvalt\u0131 haz\u0131rlayan, d\u00fcnyan\u0131n en m\u00fcthi\u015f a\u011fa\u00e7 evini in\u015fa eden ve gizli hazinelerin pe\u015finde ko\u015fan bu minik k\u00f6pe\u011fe ve babas\u0131na e\u015flik etmek ister misin? E\u011flenceli ve<span class=\"excerpt-hellip\"> [\u2026]<\/span><\/p>\n","protected":false},"featured_media":0,"template":"","meta":{"_monsterinsights_skip_tracking":false,"_monsterinsights_sitenote_active":false,"_monsterinsights_sitenote_note":"","_monsterinsights_sitenote_category":0},"product_brand":[],"product_cat":[12274,12284],"product_tag":[],"class_list":{"0":"post-728391","1":"product","2":"type-product","3":"status-publish","5":"product_cat-cocuk-ve-genclik-kitaplari","6":"product_cat-hikayeler","7":"pa_cilt-ciltsiz","8":"pa_tur-kitap","9":"pa_yayinevi-is-bankasi-kultur-yayinlari","10":"pa_yazar-kelly-canby","12":"first","13":"instock","14":"sale","15":"shipping-taxable","16":"purchasable","17":"product-type-simple"},"_links":{"self":[{"href":"https:\/\/roveyayinevi.com.tr\/index.php\/wp-json\/wp\/v2\/product\/728391","targetHints":{"allow":["GET"]}}],"collection":[{"href":"https:\/\/roveyayinevi.com.tr\/index.php\/wp-json\/wp\/v2\/product"}],"about":[{"href":"https:\/\/roveyayinevi.com.tr\/index.php\/wp-json\/wp\/v2\/types\/product"}],"wp:attachment":[{"href":"https:\/\/roveyayinevi.com.tr\/index.php\/wp-json\/wp\/v2\/media?parent=728391"}],"wp:term":[{"taxonomy":"product_brand","embeddable":true,"href":"https:\/\/roveyayinevi.com.tr\/index.php\/wp-json\/wp\/v2\/product_brand?post=728391"},{"taxonomy":"product_cat","embeddable":true,"href":"https:\/\/roveyayinevi.com.tr\/index.php\/wp-json\/wp\/v2\/product_cat?post=728391"},{"taxonomy":"product_tag","embeddable":true,"href":"https:\/\/roveyayinevi.com.tr\/index.php\/wp-json\/wp\/v2\/product_tag?post=728391"}],"curies":[{"name":"wp","href":"https:\/\/api.w.org\/{rel}","templated":true}]}}